{"id":36453,"date":"2021-02-21T16:29:38","date_gmt":"2021-02-21T16:29:38","guid":{"rendered":"https:\/\/www.autonvaraosahaku.fi\/?product=ridex-1080m0030-taka-akselin-puslat"},"modified":"2021-02-21T16:29:41","modified_gmt":"2021-02-21T16:29:41","slug":"ridex-1080m0030-taka-akselin-puslat","status":"publish","type":"product","link":"https:\/\/www.autonvaraosahaku.fi\/?product=ridex-1080m0030-taka-akselin-puslat","title":{"rendered":"RIDEX 1080M0030 Taka-akselin puslat"},"content":{"rendered":"<p>Pituus (mm): 63; Sis\u00e4l\u00e4pimitta [mm]: 20,5; Ulkol\u00e4pimitta [mm]: 72,0; Materiaali: Kumi-metalli; Asennuspuoli: Taka-akseli, molemminpuolinen, Takana; Paino [kg]: 0,318; Moottorinumero: N42; BMW: 3 E46,3 Touring E46,X3 E83,3 Compact E46,3 Coupe E46,3 Cabriolet E46,Z4 E85,Z4 E89,Z4 Coupe E86; 33311092517, 33316770781; Apurungon Puslat,Akselinripustus<\/p>\n","protected":false},"excerpt":{"rendered":"<p>RIDEX Taka-akselin Puslat 1080M0030 Apurungon Puslat,Akselinripustus BMW,3 E46,3 Touring E46,X3 E83,3 Compact E46,3 Coupe E46,3 Cabriolet E46,Z4 E85<\/p>\n","protected":false},"featured_media":0,"template":"","meta":{"site-sidebar-layout":"default","site-content-layout":"default","ast-global-header-display":"","ast-main-header-display":"","ast-hfb-above-header-display":"","ast-hfb-below-header-display":"","ast-hfb-mobile-header-display":"","site-post-title":"","ast-breadcrumbs-content":"","ast-featured-img":"","footer-sml-layout":"","theme-transparent-header-meta":"","adv-header-id-meta":"","stick-header-meta":"","header-above-stick-meta":"","header-main-stick-meta":"","header-below-stick-meta":""},"pwb-brand":[157],"product_cat":[156],"product_tag":[],"class_list":{"0":"post-36453","1":"product","2":"type-product","3":"status-publish","5":"pwb-brand-ridex","6":"product_cat-taka-akselin-puslat","7":"desktop-align-left","8":"tablet-align-left","9":"mobile-align-left","11":"first","12":"instock","13":"product-type-external"},"brands":[{"id":157,"name":"RIDEX","slug":"ridex"}],"_links":{"self":[{"href":"https:\/\/www.autonvaraosahaku.fi\/index.php?rest_route=\/wp\/v2\/product\/36453","targetHints":{"allow":["GET"]}}],"collection":[{"href":"https:\/\/www.autonvaraosahaku.fi\/index.php?rest_route=\/wp\/v2\/product"}],"about":[{"href":"https:\/\/www.autonvaraosahaku.fi\/index.php?rest_route=\/wp\/v2\/types\/product"}],"wp:attachment":[{"href":"https:\/\/www.autonvaraosahaku.fi\/index.php?rest_route=%2Fwp%2Fv2%2Fmedia&parent=36453"}],"wp:term":[{"taxonomy":"pwb-brand","embeddable":true,"href":"https:\/\/www.autonvaraosahaku.fi\/index.php?rest_route=%2Fwp%2Fv2%2Fpwb-brand&post=36453"},{"taxonomy":"product_cat","embeddable":true,"href":"https:\/\/www.autonvaraosahaku.fi\/index.php?rest_route=%2Fwp%2Fv2%2Fproduct_cat&post=36453"},{"taxonomy":"product_tag","embeddable":true,"href":"https:\/\/www.autonvaraosahaku.fi\/index.php?rest_route=%2Fwp%2Fv2%2Fproduct_tag&post=36453"}],"curies":[{"name":"wp","href":"https:\/\/api.w.org\/{rel}","templated":true}]}}