{"id":36485,"date":"2021-02-21T16:29:48","date_gmt":"2021-02-21T16:29:48","guid":{"rendered":"https:\/\/www.autonvaraosahaku.fi\/?product=as-pl-s6016-starttimoottori"},"modified":"2021-02-21T16:29:49","modified_gmt":"2021-02-21T16:29:49","slug":"as-pl-s6016-starttimoottori","status":"publish","type":"product","link":"https:\/\/www.autonvaraosahaku.fi\/?product=as-pl-s6016-starttimoottori","title":{"rendered":"AS-PL S6016 Starttimoottori"},"content":{"rendered":"<p>Py\u00f6rimissuunta: Py\u00f6rimissuunta my\u00f6t\u00e4p\u00e4iv\u00e4\u00e4n; Kiinnitysreikien lukum\u00e4\u00e4r\u00e4: 2; Pituus 2 (mm): 7,00; J\u00e4nnite (V): 12; Pituus 1 (mm): 75,00; kierrereiki\u00e4 [kpl]: 2; K\u00e4ynnistinmoottori teho (kW): 1,00; Hammasluku: 8; Alustanumerosta: 101803; CHEVROLET: MATIZ M200, M250,SPARK M300,SPARK M200 M250,SPARK M150; DAEWOO: MATIZ KLYA,MATIZ Kasten KLA4,TICO KLY3; SUZUKI: WAGON R+ MM,WAGON R+ EM; 96275481, 96325258, 96467385, 96497700, 96518887, 96569440, 96618789, M0T81981, M2T47381, M2T47382, 3110075F00, 3110075F01, 3110075F10; Startti,K\u00e4ynnistinmoottori<\/p>\n","protected":false},"excerpt":{"rendered":"<p>AS-PL Starttimoottori Brand new AS-PL Alternator S.R.E. bracket S6016 Startti,K\u00e4ynnistinmoottori CHEVROLET,DAEWOO,SUZUKI,MATIZ M200, M250,SPARK M300<\/p>\n","protected":false},"featured_media":0,"template":"","meta":{"site-sidebar-layout":"default","site-content-layout":"default","ast-global-header-display":"","ast-main-header-display":"","ast-hfb-above-header-display":"","ast-hfb-below-header-display":"","ast-hfb-mobile-header-display":"","site-post-title":"","ast-breadcrumbs-content":"","ast-featured-img":"","footer-sml-layout":"","theme-transparent-header-meta":"","adv-header-id-meta":"","stick-header-meta":"","header-above-stick-meta":"","header-main-stick-meta":"","header-below-stick-meta":""},"pwb-brand":[347],"product_cat":[295],"product_tag":[],"class_list":{"0":"post-36485","1":"product","2":"type-product","3":"status-publish","5":"pwb-brand-as-pl","6":"product_cat-starttimoottori","7":"desktop-align-left","8":"tablet-align-left","9":"mobile-align-left","11":"first","12":"instock","13":"product-type-external"},"brands":[{"id":347,"name":"AS-PL","slug":"as-pl"}],"_links":{"self":[{"href":"https:\/\/www.autonvaraosahaku.fi\/index.php?rest_route=\/wp\/v2\/product\/36485","targetHints":{"allow":["GET"]}}],"collection":[{"href":"https:\/\/www.autonvaraosahaku.fi\/index.php?rest_route=\/wp\/v2\/product"}],"about":[{"href":"https:\/\/www.autonvaraosahaku.fi\/index.php?rest_route=\/wp\/v2\/types\/product"}],"wp:attachment":[{"href":"https:\/\/www.autonvaraosahaku.fi\/index.php?rest_route=%2Fwp%2Fv2%2Fmedia&parent=36485"}],"wp:term":[{"taxonomy":"pwb-brand","embeddable":true,"href":"https:\/\/www.autonvaraosahaku.fi\/index.php?rest_route=%2Fwp%2Fv2%2Fpwb-brand&post=36485"},{"taxonomy":"product_cat","embeddable":true,"href":"https:\/\/www.autonvaraosahaku.fi\/index.php?rest_route=%2Fwp%2Fv2%2Fproduct_cat&post=36485"},{"taxonomy":"product_tag","embeddable":true,"href":"https:\/\/www.autonvaraosahaku.fi\/index.php?rest_route=%2Fwp%2Fv2%2Fproduct_tag&post=36485"}],"curies":[{"name":"wp","href":"https:\/\/api.w.org\/{rel}","templated":true}]}}