{"id":36493,"date":"2021-02-21T16:29:48","date_gmt":"2021-02-21T16:29:48","guid":{"rendered":"https:\/\/www.autonvaraosahaku.fi\/?product=vaico-v10-3948-imusarja"},"modified":"2021-02-21T16:29:50","modified_gmt":"2021-02-21T16:29:50","slug":"vaico-v10-3948-imusarja","status":"publish","type":"product","link":"https:\/\/www.autonvaraosahaku.fi\/?product=vaico-v10-3948-imusarja","title":{"rendered":"VAICO V10-3948 Imusarja"},"content":{"rendered":"<p>S\u00e4\u00e4din: ilman vaihtomekanismia; Kotelomateriaali: Polyamidi 6.6; Polttoaine: Diesel; Lis\u00e4tarvike\/lis\u00e4tieto: Vivulla, Tiivisteill\u00e4; Korvaava tuote\/korvaava tiedote 2: asennusosilla, Ruuveilla; Asennuspuoli: Vasen; Materiaali: Muovi; Paino [kg]: 0,875; Pakkausleveys [cm]: 16,2; Pakkauskorkeus [mm]: 10,8; Pakkaussyvyys [cm]: 31; lis\u00e4tieto: CST98; TECDOC-moottorinumero: 17337; VW: TOUAREG 7LA, 7L6, 7L7,PHAETON 3D_; AUDI: A6 Avant 4F5, C6,A4 Avant 8ED, B7,A6 4F2, C6,A4 Cabriolet 8H7, B6, 8HE, B7,A4 8EC, B7,Q7 4L,A8 4E_,A6 Allroad 4FH, C6; 059129711AF, 059129711AG, 059129711AL, 059129711BP, 059129711BQ, 059129711CG, 059129711CK, 059129711T, 06V129709, 59129711AF, 59129711AG, 59129711AL, 59129711BP, 59129711BQ, 59129711CG, 59129711CK, 59129711T, 6V129709, 059129711AF, 059129711AG, 059129711AL, 059129711BP, 059129711BQ, 059129711CG, 059129711CK, 059129711T, 06V129709, 59129711AF, 59129711AG, 59129711AL, 59129711BP, 59129711BQ, 59129711CG, 59129711CK, 59129711T, 6V129709<\/p>\n","protected":false},"excerpt":{"rendered":"<p>VAICO Imusarjamoduli V10-3948  VW,AUDI,TOUAREG 7LA, 7L6, 7L7,PHAETON 3D_,A6 Avant 4F5, C6,A4 Avant 8ED, B7,A6 4F2, C6,A4 Cabriolet 8H7, B6, 8HE, B7<\/p>\n","protected":false},"featured_media":0,"template":"","meta":{"site-sidebar-layout":"default","site-content-layout":"default","ast-global-header-display":"","ast-main-header-display":"","ast-hfb-above-header-display":"","ast-hfb-below-header-display":"","ast-hfb-mobile-header-display":"","site-post-title":"","ast-breadcrumbs-content":"","ast-featured-img":"","footer-sml-layout":"","theme-transparent-header-meta":"","adv-header-id-meta":"","stick-header-meta":"","header-above-stick-meta":"","header-main-stick-meta":"","header-below-stick-meta":""},"pwb-brand":[330],"product_cat":[350],"product_tag":[],"class_list":{"0":"post-36493","1":"product","2":"type-product","3":"status-publish","5":"pwb-brand-vaico","6":"product_cat-imusarja","7":"desktop-align-left","8":"tablet-align-left","9":"mobile-align-left","11":"first","12":"instock","13":"product-type-external"},"brands":[{"id":330,"name":"VAICO","slug":"vaico"}],"_links":{"self":[{"href":"https:\/\/www.autonvaraosahaku.fi\/index.php?rest_route=\/wp\/v2\/product\/36493","targetHints":{"allow":["GET"]}}],"collection":[{"href":"https:\/\/www.autonvaraosahaku.fi\/index.php?rest_route=\/wp\/v2\/product"}],"about":[{"href":"https:\/\/www.autonvaraosahaku.fi\/index.php?rest_route=\/wp\/v2\/types\/product"}],"wp:attachment":[{"href":"https:\/\/www.autonvaraosahaku.fi\/index.php?rest_route=%2Fwp%2Fv2%2Fmedia&parent=36493"}],"wp:term":[{"taxonomy":"pwb-brand","embeddable":true,"href":"https:\/\/www.autonvaraosahaku.fi\/index.php?rest_route=%2Fwp%2Fv2%2Fpwb-brand&post=36493"},{"taxonomy":"product_cat","embeddable":true,"href":"https:\/\/www.autonvaraosahaku.fi\/index.php?rest_route=%2Fwp%2Fv2%2Fproduct_cat&post=36493"},{"taxonomy":"product_tag","embeddable":true,"href":"https:\/\/www.autonvaraosahaku.fi\/index.php?rest_route=%2Fwp%2Fv2%2Fproduct_tag&post=36493"}],"curies":[{"name":"wp","href":"https:\/\/api.w.org\/{rel}","templated":true}]}}