{"id":36514,"date":"2021-02-21T16:29:52","date_gmt":"2021-02-21T16:29:52","guid":{"rendered":"https:\/\/www.autonvaraosahaku.fi\/?product=ridex-13d0032-vetoakseli"},"modified":"2021-02-21T16:29:55","modified_gmt":"2021-02-21T16:29:55","slug":"ridex-13d0032-vetoakseli","status":"publish","type":"product","link":"https:\/\/www.autonvaraosahaku.fi\/?product=ridex-13d0032-vetoakseli","title":{"rendered":"RIDEX 13D0032 Vetoakseli"},"content":{"rendered":"<p>Asennuspuoli: Etuakseli, oikea; Pituus (mm): 787; Ulkohammastus, py\u00f6r\u00e4npuoli: 22; Reik\u00e4ympyr\u00e4-\u00d8 [mm]: 86; Tiivisteen l\u00e4pimitta [mm]: 53; Sis\u00e4hammastus, vaiht. kiinn.: 33; Sis\u00e4hammastus, py\u00f6r\u00e4npuoli: 30; Kierremitta: M20X1.5; Alustanumerosta: 31-M-000 001; VW: GOLF III 1H1,PASSAT Variant 3B5,PASSAT Variant 3A5, 35I,PASSAT 3B2,GOLF III Cabriolet 1E7,GOLF Mk III Cabriolet 1E7,GOLF III Variant 1H5,PASSAT 3A2, 35I,VENTO 1H2,PASSAT 32B; 1H0407272N, 1H0407418, 357407272, 357407272B, 357407272F, 357407272FX, 357407272L, 357407272M, 357407272MV, 357407272MX, 357407450V, 357407450X, 1H0407272N, 1H0407418, 357407272, 357407272B, 357407272F, 357407272FX, 357407272L, 357407272M, 357407272MV, 357407272MX, 357407450V, 357407450X, 1H0407272N, 1H0407418, 357407272, 357407272B, 357407272F, 357407272FX, 357407272L, 357407272M, 357407272MV, 357407272MX, 357407450V, 357407450X, 1H0407272N, 1H0407418, 357407272, 357407272B, 357407272F, 357407272FX, 357407272L, 357407272M, 357407272MV, 357407272MX, 357407450V, 357407450X<\/p>\n","protected":false},"excerpt":{"rendered":"<p>RIDEX Vetoakseli 13D0032  VW,GOLF III 1H1,PASSAT Variant 3B5,PASSAT Variant 3A5, 35I,PASSAT 3B2,GOLF III Cabriolet 1E7,GOLF Mk III Cabriolet 1E7<\/p>\n","protected":false},"featured_media":0,"template":"","meta":{"site-sidebar-layout":"default","site-content-layout":"default","ast-global-header-display":"","ast-main-header-display":"","ast-hfb-above-header-display":"","ast-hfb-below-header-display":"","ast-hfb-mobile-header-display":"","site-post-title":"","ast-breadcrumbs-content":"","ast-featured-img":"","footer-sml-layout":"","theme-transparent-header-meta":"","adv-header-id-meta":"","stick-header-meta":"","header-above-stick-meta":"","header-main-stick-meta":"","header-below-stick-meta":""},"pwb-brand":[157],"product_cat":[215],"product_tag":[],"class_list":{"0":"post-36514","1":"product","2":"type-product","3":"status-publish","5":"pwb-brand-ridex","6":"product_cat-vetoakseli","7":"desktop-align-left","8":"tablet-align-left","9":"mobile-align-left","11":"first","12":"instock","13":"product-type-external"},"brands":[{"id":157,"name":"RIDEX","slug":"ridex"}],"_links":{"self":[{"href":"https:\/\/www.autonvaraosahaku.fi\/index.php?rest_route=\/wp\/v2\/product\/36514","targetHints":{"allow":["GET"]}}],"collection":[{"href":"https:\/\/www.autonvaraosahaku.fi\/index.php?rest_route=\/wp\/v2\/product"}],"about":[{"href":"https:\/\/www.autonvaraosahaku.fi\/index.php?rest_route=\/wp\/v2\/types\/product"}],"wp:attachment":[{"href":"https:\/\/www.autonvaraosahaku.fi\/index.php?rest_route=%2Fwp%2Fv2%2Fmedia&parent=36514"}],"wp:term":[{"taxonomy":"pwb-brand","embeddable":true,"href":"https:\/\/www.autonvaraosahaku.fi\/index.php?rest_route=%2Fwp%2Fv2%2Fpwb-brand&post=36514"},{"taxonomy":"product_cat","embeddable":true,"href":"https:\/\/www.autonvaraosahaku.fi\/index.php?rest_route=%2Fwp%2Fv2%2Fproduct_cat&post=36514"},{"taxonomy":"product_tag","embeddable":true,"href":"https:\/\/www.autonvaraosahaku.fi\/index.php?rest_route=%2Fwp%2Fv2%2Fproduct_tag&post=36514"}],"curies":[{"name":"wp","href":"https:\/\/api.w.org\/{rel}","templated":true}]}}