{"id":36528,"date":"2021-02-21T16:29:57","date_gmt":"2021-02-21T16:29:57","guid":{"rendered":"https:\/\/www.autonvaraosahaku.fi\/?product=elwis-royal-8446811-nokka-akselin-tiiviste"},"modified":"2021-02-21T16:29:59","modified_gmt":"2021-02-21T16:29:59","slug":"elwis-royal-8446811-nokka-akselin-tiiviste","status":"publish","type":"product","link":"https:\/\/www.autonvaraosahaku.fi\/?product=elwis-royal-8446811-nokka-akselin-tiiviste","title":{"rendered":"ELWIS ROYAL 8446811 Nokka akselin tiiviste"},"content":{"rendered":"<p>Tarvittava kappalem\u00e4\u00e4r\u00e4: 1; Leveys (mm): 7; Materiaali: NBR (nitriili-butadi-kumi); Sis\u00e4l\u00e4pimitta [mm]: 30; Ulkol\u00e4pimitta [mm]: 42; NISSAN: KUBISTAR Kasten X80; DAEWOO: KALOS KLAS,REZZO KLAU,LANOS KLAT,LACETTI Schr\u00e4gheck KLAN,NUBIRA Stufenheck KLAN,KALOS Stufenheck KLAS,NUBIRA Wagon KLAN,NUBIRA Wagon KLAJ,LANOS Stufenheck KLAT,NUBIRA Stufenheck KLAJ,ESPERO KLEJ,NUBIRA KLAJ,CIELO Stufenheck,LACETTI J150  Stufenheck,NEXIA Stufenheck,NUBIRA J150,NUBIRA Kombi J150,NUBIRA Stufenheck J150; SUZUKI: SX4 EY, GY; CHEVROLET: NUBIRA Kombi,CRUZE J300,KALOS,CRUZE Schr\u00e4gheck J305,LACETTI J200,AVEO Stufenheck T250, T255,REZZO,KALOS Stufenheck,NUBIRA Stufenheck,AVEO Stufenheck T200,LACETTI Kombi J200,AVEO Schr\u00e4gheck T200,LACETTI Stufenheck; LANCIA: YPSILON 843,Y 840A,MUSA 350,THESIS 841AX,LYBRA SW 839BX,DELTA I 831AB0,KAPPA 838A,LYBRA 839AX,THEMA 834,DELTA II 836,KAPPA SW 838B,KAPPA Coupe 838,DEDRA 835,Y10 156,DEDRA SW 835,THEMA SW 834; OPEL: ZAFIRA B A05,ASTRA H Caravan L35,ASTRA H L48,VECTRA C Caravan,ASTRA H GTC L08,SIGNUM,VECTRA C,VECTRA C GTS,ASTRA H Kasten L70; DACIA: SANDERO,LOGAN MCV KS_,LODGY,LOGAN MCV II,DOKKER,LOGAN LS_,DOKKER Express,LOGAN EXPRESS FS_,LOGAN Pick-up US_,SOLENZA; HYUNDAI: XG XG; SAAB: 9-3 YS3F,9-3 Kombi YS3F,9-3 Cabriolet YS3F; ALFA ROMEO: 147 937,159 Sportwagon 939,156 Sportwagon 932,156 932,159 939,GT 937,SPIDER 916S_,166 936,GTV 916C_,145 930,155 167,146 930; 40004400, 55196124, 55196125, 60805718, 60809849, 71753052, 614967, 93178530, 7700747291, 7700749395; Akselitiiviste, Nokka-Akseli<\/p>\n","protected":false},"excerpt":{"rendered":"<p>ELWIS ROYAL Nokka Akselin Tiiviste 8446811 Akselitiiviste, Nokka-Akseli NISSAN,DAEWOO,SUZUKI,KUBISTAR Kasten X80,KALOS KLAS,REZZO KLAU,LANOS KLAT<\/p>\n","protected":false},"featured_media":0,"template":"","meta":{"site-sidebar-layout":"default","site-content-layout":"default","ast-global-header-display":"","ast-main-header-display":"","ast-hfb-above-header-display":"","ast-hfb-below-header-display":"","ast-hfb-mobile-header-display":"","site-post-title":"","ast-breadcrumbs-content":"","ast-featured-img":"","footer-sml-layout":"","theme-transparent-header-meta":"","adv-header-id-meta":"","stick-header-meta":"","header-above-stick-meta":"","header-main-stick-meta":"","header-below-stick-meta":""},"pwb-brand":[120],"product_cat":[122],"product_tag":[],"class_list":{"0":"post-36528","1":"product","2":"type-product","3":"status-publish","5":"pwb-brand-elwis-royal","6":"product_cat-nokka-akselin-tiiviste","7":"desktop-align-left","8":"tablet-align-left","9":"mobile-align-left","11":"first","12":"instock","13":"product-type-external"},"brands":[{"id":120,"name":"ELWIS ROYAL","slug":"elwis-royal"}],"_links":{"self":[{"href":"https:\/\/www.autonvaraosahaku.fi\/index.php?rest_route=\/wp\/v2\/product\/36528","targetHints":{"allow":["GET"]}}],"collection":[{"href":"https:\/\/www.autonvaraosahaku.fi\/index.php?rest_route=\/wp\/v2\/product"}],"about":[{"href":"https:\/\/www.autonvaraosahaku.fi\/index.php?rest_route=\/wp\/v2\/types\/product"}],"wp:attachment":[{"href":"https:\/\/www.autonvaraosahaku.fi\/index.php?rest_route=%2Fwp%2Fv2%2Fmedia&parent=36528"}],"wp:term":[{"taxonomy":"pwb-brand","embeddable":true,"href":"https:\/\/www.autonvaraosahaku.fi\/index.php?rest_route=%2Fwp%2Fv2%2Fpwb-brand&post=36528"},{"taxonomy":"product_cat","embeddable":true,"href":"https:\/\/www.autonvaraosahaku.fi\/index.php?rest_route=%2Fwp%2Fv2%2Fproduct_cat&post=36528"},{"taxonomy":"product_tag","embeddable":true,"href":"https:\/\/www.autonvaraosahaku.fi\/index.php?rest_route=%2Fwp%2Fv2%2Fproduct_tag&post=36528"}],"curies":[{"name":"wp","href":"https:\/\/api.w.org\/{rel}","templated":true}]}}