{"id":36570,"date":"2021-02-21T16:30:07","date_gmt":"2021-02-21T16:30:07","guid":{"rendered":"https:\/\/www.autonvaraosahaku.fi\/?product=xblitz-park-view-ultra-muut-luokat"},"modified":"2021-02-21T16:30:09","modified_gmt":"2021-02-21T16:30:09","slug":"xblitz-park-view-ultra-muut-luokat","status":"publish","type":"product","link":"https:\/\/www.autonvaraosahaku.fi\/?product=xblitz-park-view-ultra-muut-luokat","title":{"rendered":"XBLITZ Park View Ultra Muut luokat"},"content":{"rendered":"<p>V\u00e4ri: Harmaa; Piirisarja: Mstar 8328P; Videomuoto: MOV; Kaiuttimen: Kyll\u00e4; Materiaali: Alumiini; Mikrofoni: Kyll\u00e4; Katselukulma [\u00b0]: 170, 120; Tallenteen aloittaminen: Sokki, Moottorin k\u00e4ynnistys, Liike; Muistikorttityyppi: microSD; N\u00e4yt\u00f6n koko diagonaali [Zoll]: 5; Muistikortin toimituksen: Ei; Videon resoluutio [pix]: 1920&#215;1080; Leveys (mm): 345; Korkeus (mm): 73; Paksuus [mm]: 11; Sarja sis\u00e4lt\u00e4\u00e4: USB-kaapelin, Autokameran, Autolaturin, Imukupin, K\u00e4ytt\u00f6ohjeen; Kameroita: 2; Linssi: 6G; Liittimet\/Pistokkeet: mini USB, AV<\/p>\n","protected":false},"excerpt":{"rendered":"<p>XBLITZ Kojelautakamera Park View Ultra<\/p>\n","protected":false},"featured_media":0,"template":"","meta":{"site-sidebar-layout":"default","site-content-layout":"default","ast-global-header-display":"","ast-main-header-display":"","ast-hfb-above-header-display":"","ast-hfb-below-header-display":"","ast-hfb-mobile-header-display":"","site-post-title":"","ast-breadcrumbs-content":"","ast-featured-img":"","footer-sml-layout":"","theme-transparent-header-meta":"","adv-header-id-meta":"","stick-header-meta":"","header-above-stick-meta":"","header-main-stick-meta":"","header-below-stick-meta":""},"pwb-brand":[409],"product_cat":[37],"product_tag":[],"class_list":{"0":"post-36570","1":"product","2":"type-product","3":"status-publish","5":"pwb-brand-xblitz","6":"product_cat-muut-luokat","7":"desktop-align-left","8":"tablet-align-left","9":"mobile-align-left","11":"first","12":"instock","13":"product-type-external"},"brands":[{"id":409,"name":"XBLITZ","slug":"xblitz"}],"_links":{"self":[{"href":"https:\/\/www.autonvaraosahaku.fi\/index.php?rest_route=\/wp\/v2\/product\/36570","targetHints":{"allow":["GET"]}}],"collection":[{"href":"https:\/\/www.autonvaraosahaku.fi\/index.php?rest_route=\/wp\/v2\/product"}],"about":[{"href":"https:\/\/www.autonvaraosahaku.fi\/index.php?rest_route=\/wp\/v2\/types\/product"}],"wp:attachment":[{"href":"https:\/\/www.autonvaraosahaku.fi\/index.php?rest_route=%2Fwp%2Fv2%2Fmedia&parent=36570"}],"wp:term":[{"taxonomy":"pwb-brand","embeddable":true,"href":"https:\/\/www.autonvaraosahaku.fi\/index.php?rest_route=%2Fwp%2Fv2%2Fpwb-brand&post=36570"},{"taxonomy":"product_cat","embeddable":true,"href":"https:\/\/www.autonvaraosahaku.fi\/index.php?rest_route=%2Fwp%2Fv2%2Fproduct_cat&post=36570"},{"taxonomy":"product_tag","embeddable":true,"href":"https:\/\/www.autonvaraosahaku.fi\/index.php?rest_route=%2Fwp%2Fv2%2Fproduct_tag&post=36570"}],"curies":[{"name":"wp","href":"https:\/\/api.w.org\/{rel}","templated":true}]}}