{"id":36586,"date":"2021-02-21T16:30:12","date_gmt":"2021-02-21T16:30:12","guid":{"rendered":"https:\/\/www.autonvaraosahaku.fi\/?product=gates-vfii223-jaahdyttimen-letku"},"modified":"2021-02-21T16:30:14","modified_gmt":"2021-02-21T16:30:14","slug":"gates-vfii223-jaahdyttimen-letku","status":"publish","type":"product","link":"https:\/\/www.autonvaraosahaku.fi\/?product=gates-vfii223-jaahdyttimen-letku","title":{"rendered":"GATES VFII223 J\u00e4\u00e4hdyttimen letku"},"content":{"rendered":"<p>Letkupituus [mm]: 325; Sis\u00e4l\u00e4pimitta 1 [mm]: 32; Sis\u00e4l\u00e4pimitta 2 [mm]: 32; lis\u00e4tieto: Coolrunner\u2122; Valmistusvuoteen: 08\/1981; VW: GOLF II 19E, 1G1,PASSAT Variant 3A5, 35I,GOLF I Cabriolet 155,CORRADO 53I,SCIROCCO 53B,GOLF I 17,CADDY I 14,JETTA II 19E, 1G2, 165,SCIROCCO 53,JETTA I 16,GOLF II Van 19E, 1G1; KIA: SEPHIA Stufenheck FA,SEPHIA FA; HONDA: CIVIC VIII Hatchback FN, FK,CIVIC VII Hatchback EU, EP, EV,LEGEND II Coupe KA8,LEGEND II KA7; VOLVO: 940 II Kombi 945,940 Kombi 945,740 Kombi 745,740 744,940 944,760 704, 764,340-360 343, 345,960 Kombi 965,760 Kombi 704, 765,940 II 944,960 964,340-360 Stufenheck 344; DAIHATSU: FEROZA Soft Top F300,SPORTRAK F300; ROVER: MAESTRO; LANCIA: DELTA I 831AB0,PRISMA 831AB0; FORD: FIESTA III GFJ,FIESTA I GFBT,ESCORT IV GAF, AWF, ABFT,FIESTA II FBD,ESCORT III GAA,GRANADA GU,ESCORT III Cabriolet ALD,FIESTA Kasten FVD,ORION II AFF,GRANADA Kombi GNU,ESCORT IV Kombi AWF, AVF,ESCORT &#8217;86 Express AVF,ESCORT &#8217;91 Express AVL,FIESTA Kasten WFVT,ESCORT III Kombi AWA,ORION I AFD,ESCORT &#8217;81 Express AVA; TOYOTA: LAND CRUISER PZJ7_, KZJ7_, HZJ7_, BJ7_, LJ7_, RJ7_,COROLLA KE,1000 KP30_,TERCEL _L1_, _L2_,CAMRY Liftback _V1_,1000 Kasten KP36V_,COROLLA Combi KE,CAMRY Stufenheck _V1_; PEUGEOT: 106 I 1A, 1C; NAM2753, 1657187623, 4339938, 1604697, 6051492, 6079523, 6115575, 6126535, 6136057, 6136782, 6170867, 77FB8260AC, 81AB8260DA, 83AB8260AA, 83AB8260AB, 84AB8260DA, 84FB8260DA, 84FB8260HA, 87FB8260AA, 19504RSRE00, 82416660, 82429521, NAM2753, NAM2753, NAM2753, 1657115081, 9091601117, 9091601123, 9091601124, 9091601136, 9091601156, NAM2753, 1317334, 3514629, 171121051B, 171121051D, 171121051G, 191121051E, 191121051F, 4216049<\/p>\n","protected":false},"excerpt":{"rendered":"<p>GATES J\u00e4\u00e4hdyttimen Letku VFII223  VW,KIA,HONDA,GOLF II 19E, 1G1,PASSAT Variant 3A5, 35I,GOLF I Cabriolet 155,CORRADO 53I,SCIROCCO 53B,GOLF I 17<\/p>\n","protected":false},"featured_media":0,"template":"","meta":{"site-sidebar-layout":"default","site-content-layout":"default","ast-global-header-display":"","ast-main-header-display":"","ast-hfb-above-header-display":"","ast-hfb-below-header-display":"","ast-hfb-mobile-header-display":"","site-post-title":"","ast-breadcrumbs-content":"","ast-featured-img":"","footer-sml-layout":"","theme-transparent-header-meta":"","adv-header-id-meta":"","stick-header-meta":"","header-above-stick-meta":"","header-main-stick-meta":"","header-below-stick-meta":""},"pwb-brand":[22],"product_cat":[206],"product_tag":[],"class_list":{"0":"post-36586","1":"product","2":"type-product","3":"status-publish","5":"pwb-brand-gates","6":"product_cat-jaahdyttimen-letku","7":"desktop-align-left","8":"tablet-align-left","9":"mobile-align-left","11":"first","12":"instock","13":"product-type-external"},"brands":[{"id":22,"name":"GATES","slug":"gates"}],"_links":{"self":[{"href":"https:\/\/www.autonvaraosahaku.fi\/index.php?rest_route=\/wp\/v2\/product\/36586","targetHints":{"allow":["GET"]}}],"collection":[{"href":"https:\/\/www.autonvaraosahaku.fi\/index.php?rest_route=\/wp\/v2\/product"}],"about":[{"href":"https:\/\/www.autonvaraosahaku.fi\/index.php?rest_route=\/wp\/v2\/types\/product"}],"wp:attachment":[{"href":"https:\/\/www.autonvaraosahaku.fi\/index.php?rest_route=%2Fwp%2Fv2%2Fmedia&parent=36586"}],"wp:term":[{"taxonomy":"pwb-brand","embeddable":true,"href":"https:\/\/www.autonvaraosahaku.fi\/index.php?rest_route=%2Fwp%2Fv2%2Fpwb-brand&post=36586"},{"taxonomy":"product_cat","embeddable":true,"href":"https:\/\/www.autonvaraosahaku.fi\/index.php?rest_route=%2Fwp%2Fv2%2Fproduct_cat&post=36586"},{"taxonomy":"product_tag","embeddable":true,"href":"https:\/\/www.autonvaraosahaku.fi\/index.php?rest_route=%2Fwp%2Fv2%2Fproduct_tag&post=36586"}],"curies":[{"name":"wp","href":"https:\/\/api.w.org\/{rel}","templated":true}]}}