{"id":36588,"date":"2021-02-21T16:30:12","date_gmt":"2021-02-21T16:30:12","guid":{"rendered":"https:\/\/www.autonvaraosahaku.fi\/?product=autofren-seinsa-d1127-muut-luokat"},"modified":"2021-02-21T16:30:14","modified_gmt":"2021-02-21T16:30:14","slug":"autofren-seinsa-d1127-muut-luokat","status":"publish","type":"product","link":"https:\/\/www.autonvaraosahaku.fi\/?product=autofren-seinsa-d1127-muut-luokat","title":{"rendered":"AUTOFREN SEINSA D1127 Muut luokat"},"content":{"rendered":"<p>L\u00e4pimitta [mm]: 22; Jarruj\u00e4rjestelm\u00e4: BENDIX-BOSCH; LANCIA: THESIS 841AX,THEMA 834,GAMMA Coupe,THEMA SW 834,TREVI 828DB; FIAT: CROMA 194,DUCATO Kasten 290,DUCATO Pritsche\/Fahrgestell 290,UNO 146A\/E,DUCATO Panorama 290,CROMA 154,TALENTO Pritsche\/Fahrgestell 290,TALENTO Bus 290,TALENTO Kasten 290; CITRO\u00cbN: C25 Bus 280_, 290_,C25 Pritsche\/Fahrgestell 280_, 290_,C25 Kasten 280_, 290_; ALFA ROMEO: GTV 916C_,75 162B,164 164,GTV 116,ALFETTA 116,GIULIETTA 116,AR 6 Bus 280,AR 6 Kasten 280; PEUGEOT: J5 Pritsche\/Fahrgestell 280L,J5 Pritsche\/Fahrgestell 290L,J5 Kasten 280L,J5 Bus 290P,J5 Kasten 290L,J5 Bus 280P; 11650450200028, 11650450200030, 60751760, 9938829, 460188, 9937665, 9945755, ZF09937665, ZF09937670, ZF09938829, ZF09941367, 460183<\/p>\n","protected":false},"excerpt":{"rendered":"<p>AUTOFREN SEINSA Korjaussarja, Jarrup\u00e4\u00e4sylinteri D1127  LANCIA,FIAT,CITRO\u00cbN,THESIS 841AX,THEMA 834,GAMMA Coupe,THEMA SW 834,TREVI 828DB,CROMA 194<\/p>\n","protected":false},"featured_media":0,"template":"","meta":{"site-sidebar-layout":"default","site-content-layout":"default","ast-global-header-display":"","ast-main-header-display":"","ast-hfb-above-header-display":"","ast-hfb-below-header-display":"","ast-hfb-mobile-header-display":"","site-post-title":"","ast-breadcrumbs-content":"","ast-featured-img":"","footer-sml-layout":"","theme-transparent-header-meta":"","adv-header-id-meta":"","stick-header-meta":"","header-above-stick-meta":"","header-main-stick-meta":"","header-below-stick-meta":""},"pwb-brand":[243],"product_cat":[37],"product_tag":[],"class_list":{"0":"post-36588","1":"product","2":"type-product","3":"status-publish","5":"pwb-brand-autofren-seinsa","6":"product_cat-muut-luokat","7":"desktop-align-left","8":"tablet-align-left","9":"mobile-align-left","11":"first","12":"instock","13":"product-type-external"},"brands":[{"id":243,"name":"AUTOFREN SEINSA","slug":"autofren-seinsa"}],"_links":{"self":[{"href":"https:\/\/www.autonvaraosahaku.fi\/index.php?rest_route=\/wp\/v2\/product\/36588","targetHints":{"allow":["GET"]}}],"collection":[{"href":"https:\/\/www.autonvaraosahaku.fi\/index.php?rest_route=\/wp\/v2\/product"}],"about":[{"href":"https:\/\/www.autonvaraosahaku.fi\/index.php?rest_route=\/wp\/v2\/types\/product"}],"wp:attachment":[{"href":"https:\/\/www.autonvaraosahaku.fi\/index.php?rest_route=%2Fwp%2Fv2%2Fmedia&parent=36588"}],"wp:term":[{"taxonomy":"pwb-brand","embeddable":true,"href":"https:\/\/www.autonvaraosahaku.fi\/index.php?rest_route=%2Fwp%2Fv2%2Fpwb-brand&post=36588"},{"taxonomy":"product_cat","embeddable":true,"href":"https:\/\/www.autonvaraosahaku.fi\/index.php?rest_route=%2Fwp%2Fv2%2Fproduct_cat&post=36588"},{"taxonomy":"product_tag","embeddable":true,"href":"https:\/\/www.autonvaraosahaku.fi\/index.php?rest_route=%2Fwp%2Fv2%2Fproduct_tag&post=36588"}],"curies":[{"name":"wp","href":"https:\/\/api.w.org\/{rel}","templated":true}]}}