{"id":36608,"date":"2021-02-21T16:30:17","date_gmt":"2021-02-21T16:30:17","guid":{"rendered":"https:\/\/www.autonvaraosahaku.fi\/?product=elring-650-360-imusarjan-tiivisteet"},"modified":"2021-02-21T16:30:19","modified_gmt":"2021-02-21T16:30:19","slug":"elring-650-360-imusarjan-tiivisteet","status":"publish","type":"product","link":"https:\/\/www.autonvaraosahaku.fi\/?product=elring-650-360-imusarjan-tiivisteet","title":{"rendered":"ELRING 650.360 Imusarjan tiivisteet"},"content":{"rendered":"<p>Tiivistetyyppi: Metalli-fiiberi tiiviste; Asennuspuoli: Sylinterikansi; Tarvittava kappalem\u00e4\u00e4r\u00e4: 2; SUBARU: FORESTER SG,FORESTER SH,FORESTER SF,IMPREZA Stufenheck GD,LEGACY IV Station Wagon BL, BP, B13_,OUTBACK BL, BP,IMPREZA Station Wagon GG,LEGACY III Station Wagon BE, BH,IMPREZA Stufenheck GC,LEGACY II Station Wagon BD, BG,IMPREZA Station Wagon GF,LEGACY IV BL, BP,OUTBACK BE, BH,LEGACY V Station Wagon BM, BR,OUTBACK BM, BR,LEGACY III BE, BH,LEGACY II BD, BG,IMPREZA Coupe GFC,IMPREZA Stufenheck GR,LEGACY V BM, BR,IMPREZA GR  Station Wagon US; 14035AA382, 14035AA383, 14035AA450; Tiiviste, Imusarja<\/p>\n","protected":false},"excerpt":{"rendered":"<p>ELRING Imusarjan Tiivisteet 650.360 Tiiviste, Imusarja SUBARU,FORESTER SG,FORESTER SH,FORESTER SF,IMPREZA Stufenheck GD<\/p>\n","protected":false},"featured_media":0,"template":"","meta":{"site-sidebar-layout":"default","site-content-layout":"default","ast-global-header-display":"","ast-main-header-display":"","ast-hfb-above-header-display":"","ast-hfb-below-header-display":"","ast-hfb-mobile-header-display":"","site-post-title":"","ast-breadcrumbs-content":"","ast-featured-img":"","footer-sml-layout":"","theme-transparent-header-meta":"","adv-header-id-meta":"","stick-header-meta":"","header-above-stick-meta":"","header-main-stick-meta":"","header-below-stick-meta":""},"pwb-brand":[26],"product_cat":[43],"product_tag":[],"class_list":{"0":"post-36608","1":"product","2":"type-product","3":"status-publish","5":"pwb-brand-elring","6":"product_cat-imusarjan-tiivisteet","7":"desktop-align-left","8":"tablet-align-left","9":"mobile-align-left","11":"first","12":"instock","13":"product-type-external"},"brands":[{"id":26,"name":"ELRING","slug":"elring"}],"_links":{"self":[{"href":"https:\/\/www.autonvaraosahaku.fi\/index.php?rest_route=\/wp\/v2\/product\/36608","targetHints":{"allow":["GET"]}}],"collection":[{"href":"https:\/\/www.autonvaraosahaku.fi\/index.php?rest_route=\/wp\/v2\/product"}],"about":[{"href":"https:\/\/www.autonvaraosahaku.fi\/index.php?rest_route=\/wp\/v2\/types\/product"}],"wp:attachment":[{"href":"https:\/\/www.autonvaraosahaku.fi\/index.php?rest_route=%2Fwp%2Fv2%2Fmedia&parent=36608"}],"wp:term":[{"taxonomy":"pwb-brand","embeddable":true,"href":"https:\/\/www.autonvaraosahaku.fi\/index.php?rest_route=%2Fwp%2Fv2%2Fpwb-brand&post=36608"},{"taxonomy":"product_cat","embeddable":true,"href":"https:\/\/www.autonvaraosahaku.fi\/index.php?rest_route=%2Fwp%2Fv2%2Fproduct_cat&post=36608"},{"taxonomy":"product_tag","embeddable":true,"href":"https:\/\/www.autonvaraosahaku.fi\/index.php?rest_route=%2Fwp%2Fv2%2Fproduct_tag&post=36608"}],"curies":[{"name":"wp","href":"https:\/\/api.w.org\/{rel}","templated":true}]}}