{"id":36630,"date":"2021-02-21T16:30:22","date_gmt":"2021-02-21T16:30:22","guid":{"rendered":"https:\/\/www.autonvaraosahaku.fi\/?product=mannol-mn8102-1-vaihteistooljy"},"modified":"2021-02-21T16:30:24","modified_gmt":"2021-02-21T16:30:24","slug":"mannol-mn8102-1-vaihteistooljy","status":"publish","type":"product","link":"https:\/\/www.autonvaraosahaku.fi\/?product=mannol-mn8102-1-vaihteistooljy","title":{"rendered":"MANNOL MN8102-1 Vaihteisto\u00f6ljy"},"content":{"rendered":"<p>Viskositeettiluokka SAE: 75W-140; Erittely: API GL-5 LS; Tilavuus (litra): 1; Tuotelinja: MAXPOWER 4&#215;4; Valmistajan hyv\u00e4ksym\u00e4: MIL-L 2105 D, MAN 342, SCANIA STO 1:0; \u00d6ljy: T\u00e4ysisynteetinen \u00f6ljy; Pakkaustyyppi: Pullo; SCANIA: 3 &#8211; series,3 &#8211; series bus,4 &#8211; series,L,P,G,R,S &#8211; series,P,G,R,T &#8211; series; Vaihdelaatikon \u00d6ljy<\/p>\n","protected":false},"excerpt":{"rendered":"<p>MANNOL Vaihteisto\u00f6ljy MN8102-1 Vaihdelaatikon \u00d6ljy SCANIA,3 &#8211; series,3 &#8211; series bus,4 &#8211; series,L,P,G,R,S &#8211; series,P,G,R,T &#8211; series<\/p>\n","protected":false},"featured_media":0,"template":"","meta":{"site-sidebar-layout":"default","site-content-layout":"default","ast-global-header-display":"","ast-main-header-display":"","ast-hfb-above-header-display":"","ast-hfb-below-header-display":"","ast-hfb-mobile-header-display":"","site-post-title":"","ast-breadcrumbs-content":"","ast-featured-img":"","footer-sml-layout":"","theme-transparent-header-meta":"","adv-header-id-meta":"","stick-header-meta":"","header-above-stick-meta":"","header-main-stick-meta":"","header-below-stick-meta":""},"pwb-brand":[167],"product_cat":[58],"product_tag":[],"class_list":{"0":"post-36630","1":"product","2":"type-product","3":"status-publish","5":"pwb-brand-mannol","6":"product_cat-vaihteistooljy","7":"desktop-align-left","8":"tablet-align-left","9":"mobile-align-left","11":"first","12":"instock","13":"product-type-external"},"brands":[{"id":167,"name":"MANNOL","slug":"mannol"}],"_links":{"self":[{"href":"https:\/\/www.autonvaraosahaku.fi\/index.php?rest_route=\/wp\/v2\/product\/36630","targetHints":{"allow":["GET"]}}],"collection":[{"href":"https:\/\/www.autonvaraosahaku.fi\/index.php?rest_route=\/wp\/v2\/product"}],"about":[{"href":"https:\/\/www.autonvaraosahaku.fi\/index.php?rest_route=\/wp\/v2\/types\/product"}],"wp:attachment":[{"href":"https:\/\/www.autonvaraosahaku.fi\/index.php?rest_route=%2Fwp%2Fv2%2Fmedia&parent=36630"}],"wp:term":[{"taxonomy":"pwb-brand","embeddable":true,"href":"https:\/\/www.autonvaraosahaku.fi\/index.php?rest_route=%2Fwp%2Fv2%2Fpwb-brand&post=36630"},{"taxonomy":"product_cat","embeddable":true,"href":"https:\/\/www.autonvaraosahaku.fi\/index.php?rest_route=%2Fwp%2Fv2%2Fproduct_cat&post=36630"},{"taxonomy":"product_tag","embeddable":true,"href":"https:\/\/www.autonvaraosahaku.fi\/index.php?rest_route=%2Fwp%2Fv2%2Fproduct_tag&post=36630"}],"curies":[{"name":"wp","href":"https:\/\/api.w.org\/{rel}","templated":true}]}}