{"id":36635,"date":"2021-02-21T16:30:22","date_gmt":"2021-02-21T16:30:22","guid":{"rendered":"https:\/\/www.autonvaraosahaku.fi\/?product=alanko-10551391-ilmastoinnin-kompressori"},"modified":"2021-02-21T16:30:25","modified_gmt":"2021-02-21T16:30:25","slug":"alanko-10551391-ilmastoinnin-kompressori","status":"publish","type":"product","link":"https:\/\/www.autonvaraosahaku.fi\/?product=alanko-10551391-ilmastoinnin-kompressori","title":{"rendered":"ALANKO 10551391 Ilmastoinnin kompressori"},"content":{"rendered":"<p>Kompressorin tunnus: 5SER09C; Valmistaja rajaus: DENSO; Kiinnitysreikien lukum\u00e4\u00e4r\u00e4: 4; kiiloja: 6; Hihnapy\u00f6r\u00e4-\u00d8[mm]: 120; Hihnapy\u00f6r\u00e4t: Moniurahihnapy\u00f6r\u00e4; Pistokemallin tunnus: beidseitig abger.; \u00d6ljynt\u00e4ytt\u00f6m\u00e4\u00e4r\u00e4 [ml]: 160; Kompressori\u00f6ljy: PAG 46; Kylm\u00e4aine: R 134a; M\u00e4\u00e4r\u00e4yksikk\u00f6: Kappale; Uusi osa: ; TOYOTA: YARIS SCP9_, NSP9_, KSP9_, NCP9_, ZSP9_,AURIS NRE15_, ZZE15_, ADE15_, ZRE15_, NDE15_,YARIS NHP13_, NSP13_, NCP13_, KSP13_, NLP13_,URBAN CRUISER NSP1_, NLP1_, ZSP1_, NCP11_; 8831002390, 8831002470, 883100D210, 883100D211, 883100D212; AC Kompressori,Kompressori, Ilmastointilaite<\/p>\n","protected":false},"excerpt":{"rendered":"<p>ALANKO Ilmastoinnin Kompressori 10551391 AC Kompressori,Kompressori, Ilmastointilaite TOYOTA,YARIS SCP9_, NSP9_, KSP9_, NCP9_, ZSP9_<\/p>\n","protected":false},"featured_media":0,"template":"","meta":{"site-sidebar-layout":"default","site-content-layout":"default","ast-global-header-display":"","ast-main-header-display":"","ast-hfb-above-header-display":"","ast-hfb-below-header-display":"","ast-hfb-mobile-header-display":"","site-post-title":"","ast-breadcrumbs-content":"","ast-featured-img":"","footer-sml-layout":"","theme-transparent-header-meta":"","adv-header-id-meta":"","stick-header-meta":"","header-above-stick-meta":"","header-main-stick-meta":"","header-below-stick-meta":""},"pwb-brand":[324],"product_cat":[444],"product_tag":[],"class_list":{"0":"post-36635","1":"product","2":"type-product","3":"status-publish","5":"pwb-brand-alanko","6":"product_cat-ilmastoinnin-kompressori","7":"desktop-align-left","8":"tablet-align-left","9":"mobile-align-left","11":"first","12":"instock","13":"product-type-external"},"brands":[{"id":324,"name":"ALANKO","slug":"alanko"}],"_links":{"self":[{"href":"https:\/\/www.autonvaraosahaku.fi\/index.php?rest_route=\/wp\/v2\/product\/36635","targetHints":{"allow":["GET"]}}],"collection":[{"href":"https:\/\/www.autonvaraosahaku.fi\/index.php?rest_route=\/wp\/v2\/product"}],"about":[{"href":"https:\/\/www.autonvaraosahaku.fi\/index.php?rest_route=\/wp\/v2\/types\/product"}],"wp:attachment":[{"href":"https:\/\/www.autonvaraosahaku.fi\/index.php?rest_route=%2Fwp%2Fv2%2Fmedia&parent=36635"}],"wp:term":[{"taxonomy":"pwb-brand","embeddable":true,"href":"https:\/\/www.autonvaraosahaku.fi\/index.php?rest_route=%2Fwp%2Fv2%2Fpwb-brand&post=36635"},{"taxonomy":"product_cat","embeddable":true,"href":"https:\/\/www.autonvaraosahaku.fi\/index.php?rest_route=%2Fwp%2Fv2%2Fproduct_cat&post=36635"},{"taxonomy":"product_tag","embeddable":true,"href":"https:\/\/www.autonvaraosahaku.fi\/index.php?rest_route=%2Fwp%2Fv2%2Fproduct_tag&post=36635"}],"curies":[{"name":"wp","href":"https:\/\/api.w.org\/{rel}","templated":true}]}}