{"id":36642,"date":"2021-02-21T16:30:27","date_gmt":"2021-02-21T16:30:27","guid":{"rendered":"https:\/\/www.autonvaraosahaku.fi\/?product=esen-skv-96skv905-muut-luokat"},"modified":"2021-02-21T16:30:28","modified_gmt":"2021-02-21T16:30:28","slug":"esen-skv-96skv905-muut-luokat","status":"publish","type":"product","link":"https:\/\/www.autonvaraosahaku.fi\/?product=esen-skv-96skv905-muut-luokat","title":{"rendered":"ESEN SKV 96SKV905 Muut luokat"},"content":{"rendered":"<p>J\u00e4nnite (V): 12; Paino [kg]: 0,80; K\u00e4ytt\u00f6: S\u00e4hk\u00f6inen; Venttiilimalli: Magneettiventtiili; Napojen m\u00e4\u00e4r\u00e4: 3; Valmistusvuosi alkaen: 09\/1998; BMW: 5 E39,5 Touring E39,X5 E53,7 E38; 64128372016, 64128374995, 64128391000, 8372016, 8374995, 8391000<\/p>\n","protected":false},"excerpt":{"rendered":"<p>ESEN SKV J\u00e4\u00e4hdytysnesteen S\u00e4\u00e4t\u00f6venttiili 96SKV905  BMW,5 E39,5 Touring E39,X5 E53,7 E38<\/p>\n","protected":false},"featured_media":0,"template":"","meta":{"site-sidebar-layout":"default","site-content-layout":"default","ast-global-header-display":"","ast-main-header-display":"","ast-hfb-above-header-display":"","ast-hfb-below-header-display":"","ast-hfb-mobile-header-display":"","site-post-title":"","ast-breadcrumbs-content":"","ast-featured-img":"","footer-sml-layout":"","theme-transparent-header-meta":"","adv-header-id-meta":"","stick-header-meta":"","header-above-stick-meta":"","header-main-stick-meta":"","header-below-stick-meta":""},"pwb-brand":[384],"product_cat":[37],"product_tag":[],"class_list":{"0":"post-36642","1":"product","2":"type-product","3":"status-publish","5":"pwb-brand-esen-skv","6":"product_cat-muut-luokat","7":"desktop-align-left","8":"tablet-align-left","9":"mobile-align-left","11":"first","12":"instock","13":"product-type-external"},"brands":[{"id":384,"name":"ESEN SKV","slug":"esen-skv"}],"_links":{"self":[{"href":"https:\/\/www.autonvaraosahaku.fi\/index.php?rest_route=\/wp\/v2\/product\/36642","targetHints":{"allow":["GET"]}}],"collection":[{"href":"https:\/\/www.autonvaraosahaku.fi\/index.php?rest_route=\/wp\/v2\/product"}],"about":[{"href":"https:\/\/www.autonvaraosahaku.fi\/index.php?rest_route=\/wp\/v2\/types\/product"}],"wp:attachment":[{"href":"https:\/\/www.autonvaraosahaku.fi\/index.php?rest_route=%2Fwp%2Fv2%2Fmedia&parent=36642"}],"wp:term":[{"taxonomy":"pwb-brand","embeddable":true,"href":"https:\/\/www.autonvaraosahaku.fi\/index.php?rest_route=%2Fwp%2Fv2%2Fpwb-brand&post=36642"},{"taxonomy":"product_cat","embeddable":true,"href":"https:\/\/www.autonvaraosahaku.fi\/index.php?rest_route=%2Fwp%2Fv2%2Fproduct_cat&post=36642"},{"taxonomy":"product_tag","embeddable":true,"href":"https:\/\/www.autonvaraosahaku.fi\/index.php?rest_route=%2Fwp%2Fv2%2Fproduct_tag&post=36642"}],"curies":[{"name":"wp","href":"https:\/\/api.w.org\/{rel}","templated":true}]}}