{"id":36643,"date":"2021-02-21T16:30:27","date_gmt":"2021-02-21T16:30:27","guid":{"rendered":"https:\/\/www.autonvaraosahaku.fi\/?product=hr-1252201-pyoranpultit"},"modified":"2021-02-21T16:30:28","modified_gmt":"2021-02-21T16:30:28","slug":"hr-1252201-pyoranpultit","status":"publish","type":"product","link":"https:\/\/www.autonvaraosahaku.fi\/?product=hr-1252201-pyoranpultit","title":{"rendered":"H&#038;R 1252201 Py\u00f6r\u00e4npultit"},"content":{"rendered":"<p>Ulkokierre [mm]: M12 x 1,5; Ruuvikanta\/mutteriprofiili: Kuusioruuvi \/-mutteri; Kierteen pituus (mm): 22; Kierrenousu (mm): 1.5; Avainv\u00e4li: 17 mm; Py\u00f6r\u00e4n kiinnitys: Kartiolaippa F; Kulma [\u00b0]: 60; Tuning: 1; Moottorinumero: E12GV; SUZUKI: SWIFT III MZ, EZ,SWIFT IV FZ, NZ,SX4 EY, GY,WAGON R+ MM,SPLASH,IGNIS II,SX4 S-Cross,SX4 Stufenheck GY,WAGON R,VITARA LY; OPEL: CORSA D,CORSA C F08, F68,ZAFIRA B A05,ASTRA H Caravan L35,MERIVA,ZAFIRA A F75_,ASTRA G CC F48_, F08_,OMEGA A 16_, 17_, 19_,ASTRA H L48,ASTRA G Caravan F35_,CORSA B 73_, 78_, 79_,VECTRA C Caravan,ASTRA H GTC L08,MERIVA B,SIGNUM,VECTRA C,AGILA A H00,VECTRA B 36_,ASTRA F CC 53_, 54_, 58_, 59_,OMEGA B Caravan 21_, 22_, 23_,OMEGA B 25_, 26_, 27_,ADAM,VECTRA C GTS,TIGRA TwinTop,VECTRA B Caravan 31_,ASTRA H TwinTop L67,ASTRA G Cabriolet F67,ASTRA F Caravan 51_, 52_,ASTRA G Coupe F07_,COMBO Kasten\/Kombi,ASTRA G Stufenheck F69_,ZAFIRA B Van,CALIBRA A 85_,VECTRA B CC 38_,COMBO Tour,AGILA B H08,VECTRA A 86_, 87_,CORSA CLASSIC Stufenheck,ASTRA F Cabriolet 53_B,ASTRA F 56_, 57_,KADETT E CC 33_, 34_, 43_, 44_,CORSA D Van,TIGRA 95_,CORSA A CC 93_, 94_, 98_, 99_,CORSA C Kasten F08, W5L,ASTRA H Stufenheck L69,VECTRA A CC 88_, 89_,COMBO 71_,KADETT E Cabriolet 43B_,ASTRA H Kasten L70,SENATOR B 29_,OMEGA A Caravan 66_, 67_,ASTRA F CLASSIC CC,CORSA A TR 91_, 92_, 96_, 97_,ASTR; FIAT: GRANDE PUNTO 199,PUNTO EVO 199,CROMA 194,PUNTO 199,PUNTO EVO Van 199_; VAUXHALL: CORSA Mk III D L_8,CALIBRA,ZAFIRA Mk II B M75,ASTRA Mk V H CC,VECTRA Mk II C CC,ZAFIRA Mk I A F75,ADAM,CORSA Mk II C W5L, F08,ASTRA Mk V H Estate,VECTRA Mk II C Estate,ASTRA Mk V H Convertible,ASTRA Mk IV G CC,ASTRA Mk VI J CC,VECTRA Mk II C,ASTRA Mk III F CC,CORSA Mk I B,AGILA Mk II B,CORSAVAN Mk II C,SIGNUM,ASTRA Mk IV G Sedan,MERIVA Mk I A,OMEGA B,ASTRA Mk II CC,CORSAVAN Mk III D,TIGRA Convertible,AGILA Mk I A,VECTRA B CC,CAVALIER Mk III 87,MERIVA Mk II B,VECTRA B Estate,VECTRA B,ASTRA Mk III F Estate,ASTRAVAN Mk IV G,ASTRAVAN Mk V H,ASTRA Mk IV G Coupe F67,CAVALIER Mk III CC,COMBO Mk I B,TIGRA Mk I F07,OMEGA B Estate,CORSA Mk IV E,COMBO TOUR Mk II C F25,ASTRAVAN Mk III F,ASTRA Mk IV G Convertible,COMBO Mk II C Kasten\/Kombi F25,ASTRA Mk IV G Estate,NOVA,NOVA CC,CARLTON Mk III; Py\u00f6r\u00e4nruuvi<\/p>\n","protected":false},"excerpt":{"rendered":"<p>H&#038;R Py\u00f6r\u00e4npultit 1252201 Py\u00f6r\u00e4nruuvi SUZUKI,OPEL,FIAT,SWIFT III MZ, EZ,SWIFT IV FZ, NZ,SX4 EY, GY,WAGON R+ MM,SPLASH,IGNIS II,SX4 S-Cross<\/p>\n","protected":false},"featured_media":0,"template":"","meta":{"site-sidebar-layout":"default","site-content-layout":"default","ast-global-header-display":"","ast-main-header-display":"","ast-hfb-above-header-display":"","ast-hfb-below-header-display":"","ast-hfb-mobile-header-display":"","site-post-title":"","ast-breadcrumbs-content":"","ast-featured-img":"","footer-sml-layout":"","theme-transparent-header-meta":"","adv-header-id-meta":"","stick-header-meta":"","header-above-stick-meta":"","header-main-stick-meta":"","header-below-stick-meta":""},"pwb-brand":[423],"product_cat":[51],"product_tag":[],"class_list":{"0":"post-36643","1":"product","2":"type-product","3":"status-publish","5":"pwb-brand-hr","6":"product_cat-pyoranpultit","7":"desktop-align-left","8":"tablet-align-left","9":"mobile-align-left","11":"first","12":"instock","13":"product-type-external"},"brands":[{"id":423,"name":"H&amp;R","slug":"hr"}],"_links":{"self":[{"href":"https:\/\/www.autonvaraosahaku.fi\/index.php?rest_route=\/wp\/v2\/product\/36643","targetHints":{"allow":["GET"]}}],"collection":[{"href":"https:\/\/www.autonvaraosahaku.fi\/index.php?rest_route=\/wp\/v2\/product"}],"about":[{"href":"https:\/\/www.autonvaraosahaku.fi\/index.php?rest_route=\/wp\/v2\/types\/product"}],"wp:attachment":[{"href":"https:\/\/www.autonvaraosahaku.fi\/index.php?rest_route=%2Fwp%2Fv2%2Fmedia&parent=36643"}],"wp:term":[{"taxonomy":"pwb-brand","embeddable":true,"href":"https:\/\/www.autonvaraosahaku.fi\/index.php?rest_route=%2Fwp%2Fv2%2Fpwb-brand&post=36643"},{"taxonomy":"product_cat","embeddable":true,"href":"https:\/\/www.autonvaraosahaku.fi\/index.php?rest_route=%2Fwp%2Fv2%2Fproduct_cat&post=36643"},{"taxonomy":"product_tag","embeddable":true,"href":"https:\/\/www.autonvaraosahaku.fi\/index.php?rest_route=%2Fwp%2Fv2%2Fproduct_tag&post=36643"}],"curies":[{"name":"wp","href":"https:\/\/api.w.org\/{rel}","templated":true}]}}