{"id":36677,"date":"2021-02-21T16:30:32","date_gmt":"2021-02-21T16:30:32","guid":{"rendered":"https:\/\/www.autonvaraosahaku.fi\/?product=mahle-original-cr-515-000s-jaahdytin"},"modified":"2021-02-21T16:30:36","modified_gmt":"2021-02-21T16:30:36","slug":"mahle-original-cr-515-000s-jaahdytin","status":"publish","type":"product","link":"https:\/\/www.autonvaraosahaku.fi\/?product=mahle-original-cr-515-000s-jaahdytin","title":{"rendered":"MAHLE ORIGINAL CR 515 000S J\u00e4\u00e4hdytin"},"content":{"rendered":"<p>Verkon pituus [mm]: 538; Verkon leveys [mm]: 378; Verkon syvyys [mm]: 26; J\u00e4\u00e4hdytintyyppi: J\u00e4\u00e4hdytysrivat mekaan. kiinnitetyt; Lis\u00e4tarvike\/lis\u00e4tieto: Tarvikkeilla, Letkulla; Korvaava tuote\/korvaava tiedote 2: Pidikkeell\u00e4, Tiivisterenkaalla; Varusteet: ajoneuvoille ilmastointilaitteella tai ilman; Moottorinumero: TU1JP; PEUGEOT: 206 Schr\u00e4gheck 2A\/C,206 CC 2D,307 SW 3H,307 CC 3B,307 3A\/C,206 SW 2E\/K,206+ T3E,307 Break 3E,PARTNER Combispace 5F,2008,PARTNER Kasten 5,307 Stufenheck,PARTNER Kasten,206 Stufenheck,206 Van; CITRO\u00cbN: BERLINGO MF,XSARA PICASSO N68,C4 I LC_,BERLINGO Kasten M_,XSARA N1,C4 Coupe LA_,XSARA Break N2,BERLINGO Kasten B9,XSARA Coupe N0,C4 Stufenheck L,XSARA Kasten,XSARA Kasten\/Schr\u00e4gheck; 0133E9, 132322, 133007, 133038, 133040, 133053, 133065, 133069, 133074, 133075, 133082, 133083, 133084, 133086, 1330A1, 1330B0, 1330B1, 1330B3, 1330B5, 1330C4, 1330C5, 1330C6, 1330E8, 1330F3, 1330F4, 1330F6, 1330F8, 1330G0, 1330G1, 1330G2, 1330G3, 1330G4, 1330G5, 1330H3, 1330H4, 1330H5, 1330H6, 1330N5, 1330N7, 1330N9, 1330R4, 1330S7, 1330T5, 1330T6, 1330V5, 1331KC, 1331KE, 1331KF, 1331LS, 1331X8, 1331Y5, 133311, 133313, 133314, 133315, 133316, 133318, 133319, 133325, 133334, 133351, 133373, 133384, 133385, 1333A6, 1333S1, 0133E9, 132322, 133038, 133040, 133053, 133065, 133069, 133074, 133075, 133082, 133083, 133084, 133085, 133086, 1330A1, 1330B0, 1330B1, 1330B2, 1330B3, 1330B5, 1330C5, 1330E8, 1330F3, 1330F4, 1330F6, 1330F8, 1330G0, 1330G1, 1330G2, 1330G3, 1330G4, 1330G5, 1330H3, 1330H4, 1330H5, 1330H6, 1330N5, 1330N7, 1330Q1, 1330R4, 1330S6, 1330S7, 1330T5, 1330T6, 1330V5, 1330X7, 1330Y2, 1330Y3, 1330Y6, 1331CX, 1331CY, 1331CZ, 1331FY, 1331FZ, 1331GA, 1331KC, 1331KE, 1331KF, 1331LS&#8230;; Syyl\u00e4ri,J\u00e4\u00e4hdytin,Moottorin J\u00e4\u00e4hdytys<\/p>\n","protected":false},"excerpt":{"rendered":"<p>MAHLE ORIGINAL J\u00e4\u00e4hdytin CR 515 000S Syyl\u00e4ri,J\u00e4\u00e4hdytin,Moottorin J\u00e4\u00e4hdytys PEUGEOT,CITRO\u00cbN,206 Schr\u00e4gheck 2A\/C,206 CC 2D,307 SW 3H,307 CC 3B,307 3A\/C<\/p>\n","protected":false},"featured_media":0,"template":"","meta":{"site-sidebar-layout":"default","site-content-layout":"default","ast-global-header-display":"","ast-main-header-display":"","ast-hfb-above-header-display":"","ast-hfb-below-header-display":"","ast-hfb-mobile-header-display":"","site-post-title":"","ast-breadcrumbs-content":"","ast-featured-img":"","footer-sml-layout":"","theme-transparent-header-meta":"","adv-header-id-meta":"","stick-header-meta":"","header-above-stick-meta":"","header-main-stick-meta":"","header-below-stick-meta":""},"pwb-brand":[153],"product_cat":[421],"product_tag":[],"class_list":{"0":"post-36677","1":"product","2":"type-product","3":"status-publish","5":"pwb-brand-mahle-original","6":"product_cat-jaahdytin","7":"desktop-align-left","8":"tablet-align-left","9":"mobile-align-left","11":"first","12":"instock","13":"product-type-external"},"brands":[{"id":153,"name":"MAHLE ORIGINAL","slug":"mahle-original"}],"_links":{"self":[{"href":"https:\/\/www.autonvaraosahaku.fi\/index.php?rest_route=\/wp\/v2\/product\/36677","targetHints":{"allow":["GET"]}}],"collection":[{"href":"https:\/\/www.autonvaraosahaku.fi\/index.php?rest_route=\/wp\/v2\/product"}],"about":[{"href":"https:\/\/www.autonvaraosahaku.fi\/index.php?rest_route=\/wp\/v2\/types\/product"}],"wp:attachment":[{"href":"https:\/\/www.autonvaraosahaku.fi\/index.php?rest_route=%2Fwp%2Fv2%2Fmedia&parent=36677"}],"wp:term":[{"taxonomy":"pwb-brand","embeddable":true,"href":"https:\/\/www.autonvaraosahaku.fi\/index.php?rest_route=%2Fwp%2Fv2%2Fpwb-brand&post=36677"},{"taxonomy":"product_cat","embeddable":true,"href":"https:\/\/www.autonvaraosahaku.fi\/index.php?rest_route=%2Fwp%2Fv2%2Fproduct_cat&post=36677"},{"taxonomy":"product_tag","embeddable":true,"href":"https:\/\/www.autonvaraosahaku.fi\/index.php?rest_route=%2Fwp%2Fv2%2Fproduct_tag&post=36677"}],"curies":[{"name":"wp","href":"https:\/\/api.w.org\/{rel}","templated":true}]}}