{"id":36681,"date":"2021-02-21T16:30:37","date_gmt":"2021-02-21T16:30:37","guid":{"rendered":"https:\/\/www.autonvaraosahaku.fi\/?product=hella-6pp-358-139-281-anturit-sensorit"},"modified":"2021-02-21T16:30:38","modified_gmt":"2021-02-21T16:30:38","slug":"hella-6pp-358-139-281-anturit-sensorit","status":"publish","type":"product","link":"https:\/\/www.autonvaraosahaku.fi\/?product=hella-6pp-358-139-281-anturit-sensorit","title":{"rendered":"HELLA 6PP 358 139-281 Anturit (sensorit)"},"content":{"rendered":"<p>Ohjelmoitu: ; Kiristysmomentti: 4; Valmistusvuoteen: 09\/2017; FORD: FIESTA VI,FOCUS III Turnier,FOCUS III,C-MAX II,RANGER TKE,KUGA II DM2,FIESTA Stufenheck JA8 JR8,GRAND C-MAX,B-MAX JK,ECOSPORT,FOCUS III Stufenheck,TOURNEO CONNECT \/ GRAND TOURNEO CONNECT Kombi,FIESTA VI Van,TRANSIT CONNECT Kasten,MONDEO V Turnier,MONDEO V Stufenheck,GRAND C-MAX Van,MONDEO V Schr\u00e4gheck,C-MAX II Van,TOURNEO COURIER Kombi,B-MAX Van,TRANSIT CONNECT Kombi,TRANSIT COURIER Kasten,KUGA II Van,FOCUS III Kasten\/Schr\u00e4gheck,TRANSIT COURIER Kombi,KA; 1862980, BB5T1A180AA, DV6T1A180AA, EV6T1A180DB; Rengaspainevalvonta,Py\u00f6r\u00e4anturi, Rengaspaine<\/p>\n","protected":false},"excerpt":{"rendered":"<p>HELLA Rengaspainetunnistimet 6PP 358 139-281 Rengaspainevalvonta,Py\u00f6r\u00e4anturi, Rengaspaine FORD,FIESTA VI,FOCUS III Turnier,FOCUS III,C-MAX II<\/p>\n","protected":false},"featured_media":0,"template":"","meta":{"site-sidebar-layout":"default","site-content-layout":"default","ast-global-header-display":"","ast-main-header-display":"","ast-hfb-above-header-display":"","ast-hfb-below-header-display":"","ast-hfb-mobile-header-display":"","site-post-title":"","ast-breadcrumbs-content":"","ast-featured-img":"","footer-sml-layout":"","theme-transparent-header-meta":"","adv-header-id-meta":"","stick-header-meta":"","header-above-stick-meta":"","header-main-stick-meta":"","header-below-stick-meta":""},"pwb-brand":[24],"product_cat":[98],"product_tag":[],"class_list":{"0":"post-36681","1":"product","2":"type-product","3":"status-publish","5":"pwb-brand-hella","6":"product_cat-anturit-sensorit","7":"desktop-align-left","8":"tablet-align-left","9":"mobile-align-left","11":"first","12":"instock","13":"product-type-external"},"brands":[{"id":24,"name":"HELLA","slug":"hella"}],"_links":{"self":[{"href":"https:\/\/www.autonvaraosahaku.fi\/index.php?rest_route=\/wp\/v2\/product\/36681","targetHints":{"allow":["GET"]}}],"collection":[{"href":"https:\/\/www.autonvaraosahaku.fi\/index.php?rest_route=\/wp\/v2\/product"}],"about":[{"href":"https:\/\/www.autonvaraosahaku.fi\/index.php?rest_route=\/wp\/v2\/types\/product"}],"wp:attachment":[{"href":"https:\/\/www.autonvaraosahaku.fi\/index.php?rest_route=%2Fwp%2Fv2%2Fmedia&parent=36681"}],"wp:term":[{"taxonomy":"pwb-brand","embeddable":true,"href":"https:\/\/www.autonvaraosahaku.fi\/index.php?rest_route=%2Fwp%2Fv2%2Fpwb-brand&post=36681"},{"taxonomy":"product_cat","embeddable":true,"href":"https:\/\/www.autonvaraosahaku.fi\/index.php?rest_route=%2Fwp%2Fv2%2Fproduct_cat&post=36681"},{"taxonomy":"product_tag","embeddable":true,"href":"https:\/\/www.autonvaraosahaku.fi\/index.php?rest_route=%2Fwp%2Fv2%2Fproduct_tag&post=36681"}],"curies":[{"name":"wp","href":"https:\/\/api.w.org\/{rel}","templated":true}]}}