{"id":36682,"date":"2021-02-21T16:30:37","date_gmt":"2021-02-21T16:30:37","guid":{"rendered":"https:\/\/www.autonvaraosahaku.fi\/?product=amio-02191-pakoputken-paa"},"modified":"2021-02-21T16:30:38","modified_gmt":"2021-02-21T16:30:38","slug":"amio-02191-pakoputken-paa","status":"publish","type":"product","link":"https:\/\/www.autonvaraosahaku.fi\/?product=amio-02191-pakoputken-paa","title":{"rendered":"AMiO 02191 Pakoputken p\u00e4\u00e4"},"content":{"rendered":"<p>Leveys (mm): 122; Korkeus (mm): 68; Sis\u00e4l\u00e4pimitta [mm]: 56; Kiinnityspisteiden l\u00e4pimitta [mm]: 33-50; Pituus 1 (mm): 168; Pituus 2 (mm): 152; Muoto: leveys, Soikea; Materiaali: Ruostumaton ter\u00e4s; Pinta: Kromattu; V\u00e4ri: Hopea, Sininen; Pakkaustyyppi: Laatikko; Versio: MT 019BLC<\/p>\n","protected":false},"excerpt":{"rendered":"<p>AMiO Pakoputken P\u00e4\u00e4 02191<\/p>\n","protected":false},"featured_media":0,"template":"","meta":{"site-sidebar-layout":"default","site-content-layout":"default","ast-global-header-display":"","ast-main-header-display":"","ast-hfb-above-header-display":"","ast-hfb-below-header-display":"","ast-hfb-mobile-header-display":"","site-post-title":"","ast-breadcrumbs-content":"","ast-featured-img":"","footer-sml-layout":"","theme-transparent-header-meta":"","adv-header-id-meta":"","stick-header-meta":"","header-above-stick-meta":"","header-main-stick-meta":"","header-below-stick-meta":""},"pwb-brand":[161],"product_cat":[162],"product_tag":[],"class_list":{"0":"post-36682","1":"product","2":"type-product","3":"status-publish","5":"pwb-brand-amio","6":"product_cat-pakoputken-paa","7":"desktop-align-left","8":"tablet-align-left","9":"mobile-align-left","11":"first","12":"instock","13":"product-type-external"},"brands":[{"id":161,"name":"AMiO","slug":"amio"}],"_links":{"self":[{"href":"https:\/\/www.autonvaraosahaku.fi\/index.php?rest_route=\/wp\/v2\/product\/36682","targetHints":{"allow":["GET"]}}],"collection":[{"href":"https:\/\/www.autonvaraosahaku.fi\/index.php?rest_route=\/wp\/v2\/product"}],"about":[{"href":"https:\/\/www.autonvaraosahaku.fi\/index.php?rest_route=\/wp\/v2\/types\/product"}],"wp:attachment":[{"href":"https:\/\/www.autonvaraosahaku.fi\/index.php?rest_route=%2Fwp%2Fv2%2Fmedia&parent=36682"}],"wp:term":[{"taxonomy":"pwb-brand","embeddable":true,"href":"https:\/\/www.autonvaraosahaku.fi\/index.php?rest_route=%2Fwp%2Fv2%2Fpwb-brand&post=36682"},{"taxonomy":"product_cat","embeddable":true,"href":"https:\/\/www.autonvaraosahaku.fi\/index.php?rest_route=%2Fwp%2Fv2%2Fproduct_cat&post=36682"},{"taxonomy":"product_tag","embeddable":true,"href":"https:\/\/www.autonvaraosahaku.fi\/index.php?rest_route=%2Fwp%2Fv2%2Fproduct_tag&post=36682"}],"curies":[{"name":"wp","href":"https:\/\/api.w.org\/{rel}","templated":true}]}}