{"id":36691,"date":"2021-02-21T16:30:37","date_gmt":"2021-02-21T16:30:37","guid":{"rendered":"https:\/\/www.autonvaraosahaku.fi\/?product=maxgear-49-1446-vetonivel"},"modified":"2021-02-21T16:30:39","modified_gmt":"2021-02-21T16:30:39","slug":"maxgear-49-1446-vetonivel","status":"publish","type":"product","link":"https:\/\/www.autonvaraosahaku.fi\/?product=maxgear-49-1446-vetonivel","title":{"rendered":"MAXGEAR 49-1446 Vetonivel"},"content":{"rendered":"<p>Kierremitta: M22x1,5; Ulkohammastus, py\u00f6r\u00e4npuoli: 26; Sis\u00e4hammastus, py\u00f6r\u00e4npuoli: 25; Tiivisteen l\u00e4pimitta [mm]: 56; Hammasluku, ABS-keh\u00e4: 46; Ulkol\u00e4pimitta [mm]: 90; Nivelmalli: Vakionopeusnivel; Mekaanisesti ty\u00f6stetty: Sokkauralla sis\u00e4osassa (ulkop.); Asennuspuoli: radseitig; SAAB: 9000 Schr\u00e4gheck,9000; 4000642; Nivelsarja, Vetoakseli<\/p>\n","protected":false},"excerpt":{"rendered":"<p>MAXGEAR Vetonivel 49-1446 Nivelsarja, Vetoakseli SAAB,9000 Schr\u00e4gheck,9000<\/p>\n","protected":false},"featured_media":0,"template":"","meta":{"site-sidebar-layout":"default","site-content-layout":"default","ast-global-header-display":"","ast-main-header-display":"","ast-hfb-above-header-display":"","ast-hfb-below-header-display":"","ast-hfb-mobile-header-display":"","site-post-title":"","ast-breadcrumbs-content":"","ast-featured-img":"","footer-sml-layout":"","theme-transparent-header-meta":"","adv-header-id-meta":"","stick-header-meta":"","header-above-stick-meta":"","header-main-stick-meta":"","header-below-stick-meta":""},"pwb-brand":[48],"product_cat":[175],"product_tag":[],"class_list":{"0":"post-36691","1":"product","2":"type-product","3":"status-publish","5":"pwb-brand-maxgear","6":"product_cat-vetonivel","7":"desktop-align-left","8":"tablet-align-left","9":"mobile-align-left","11":"first","12":"instock","13":"product-type-external"},"brands":[{"id":48,"name":"MAXGEAR","slug":"maxgear"}],"_links":{"self":[{"href":"https:\/\/www.autonvaraosahaku.fi\/index.php?rest_route=\/wp\/v2\/product\/36691","targetHints":{"allow":["GET"]}}],"collection":[{"href":"https:\/\/www.autonvaraosahaku.fi\/index.php?rest_route=\/wp\/v2\/product"}],"about":[{"href":"https:\/\/www.autonvaraosahaku.fi\/index.php?rest_route=\/wp\/v2\/types\/product"}],"wp:attachment":[{"href":"https:\/\/www.autonvaraosahaku.fi\/index.php?rest_route=%2Fwp%2Fv2%2Fmedia&parent=36691"}],"wp:term":[{"taxonomy":"pwb-brand","embeddable":true,"href":"https:\/\/www.autonvaraosahaku.fi\/index.php?rest_route=%2Fwp%2Fv2%2Fpwb-brand&post=36691"},{"taxonomy":"product_cat","embeddable":true,"href":"https:\/\/www.autonvaraosahaku.fi\/index.php?rest_route=%2Fwp%2Fv2%2Fproduct_cat&post=36691"},{"taxonomy":"product_tag","embeddable":true,"href":"https:\/\/www.autonvaraosahaku.fi\/index.php?rest_route=%2Fwp%2Fv2%2Fproduct_tag&post=36691"}],"curies":[{"name":"wp","href":"https:\/\/api.w.org\/{rel}","templated":true}]}}