{"id":36695,"date":"2021-02-21T16:30:37","date_gmt":"2021-02-21T16:30:37","guid":{"rendered":"https:\/\/www.autonvaraosahaku.fi\/?product=maxgear-49-1427-vetonivelen-suojakumi"},"modified":"2021-02-21T16:30:40","modified_gmt":"2021-02-21T16:30:40","slug":"maxgear-49-1427-vetonivelen-suojakumi","status":"publish","type":"product","link":"https:\/\/www.autonvaraosahaku.fi\/?product=maxgear-49-1427-vetonivelen-suojakumi","title":{"rendered":"MAXGEAR 49-1427 Vetonivelen suojakumi"},"content":{"rendered":"<p>Asennuspuoli: Vaihteiston puoli; Sis\u00e4l\u00e4pimitta 1 [mm]: 18; Sis\u00e4l\u00e4pimitta 2 [mm]: 59; Korkeus (mm): 84; MAZDA: 2 DY; HONDA: CR-V II RD_; ROVER: 25 RF,200 RF,45 Stufenheck RT,45 RT,400 RT,CABRIOLET XW,400 Hatchback RT,STREETWISE,200 Coupe XW,COUPE; SUZUKI: WAGON R+ MM,ALTO HA24; MINI: MINI R56,MINI R50, R53,MINI Cabriolet R52; SUBARU: FORESTER SF; FORD: FIESTA V JH_, JD_,FUSION JU_; FIAT: PANDA 169; CITRO\u00cbN: C2 JM_; MG: MG ZR; 328797, 42017SCAE21, 4950605A00, C60222530, C60222540, Y40222530, Y40222540, 31607518246, 39741AY125, 4705777, 328797, 4411980E01, 44119M72F11<\/p>\n","protected":false},"excerpt":{"rendered":"<p>MAXGEAR Paljekumisarja, Vetoakseli 49-1427  MAZDA,HONDA,ROVER,2 DY,CR-V II RD_,25 RF,200 RF,45 Stufenheck RT,45 RT,400 RT,CABRIOLET XW<\/p>\n","protected":false},"featured_media":0,"template":"","meta":{"site-sidebar-layout":"default","site-content-layout":"default","ast-global-header-display":"","ast-main-header-display":"","ast-hfb-above-header-display":"","ast-hfb-below-header-display":"","ast-hfb-mobile-header-display":"","site-post-title":"","ast-breadcrumbs-content":"","ast-featured-img":"","footer-sml-layout":"","theme-transparent-header-meta":"","adv-header-id-meta":"","stick-header-meta":"","header-above-stick-meta":"","header-main-stick-meta":"","header-below-stick-meta":""},"pwb-brand":[48],"product_cat":[42],"product_tag":[],"class_list":{"0":"post-36695","1":"product","2":"type-product","3":"status-publish","5":"pwb-brand-maxgear","6":"product_cat-vetonivelen-suojakumi","7":"desktop-align-left","8":"tablet-align-left","9":"mobile-align-left","11":"first","12":"instock","13":"product-type-external"},"brands":[{"id":48,"name":"MAXGEAR","slug":"maxgear"}],"_links":{"self":[{"href":"https:\/\/www.autonvaraosahaku.fi\/index.php?rest_route=\/wp\/v2\/product\/36695","targetHints":{"allow":["GET"]}}],"collection":[{"href":"https:\/\/www.autonvaraosahaku.fi\/index.php?rest_route=\/wp\/v2\/product"}],"about":[{"href":"https:\/\/www.autonvaraosahaku.fi\/index.php?rest_route=\/wp\/v2\/types\/product"}],"wp:attachment":[{"href":"https:\/\/www.autonvaraosahaku.fi\/index.php?rest_route=%2Fwp%2Fv2%2Fmedia&parent=36695"}],"wp:term":[{"taxonomy":"pwb-brand","embeddable":true,"href":"https:\/\/www.autonvaraosahaku.fi\/index.php?rest_route=%2Fwp%2Fv2%2Fpwb-brand&post=36695"},{"taxonomy":"product_cat","embeddable":true,"href":"https:\/\/www.autonvaraosahaku.fi\/index.php?rest_route=%2Fwp%2Fv2%2Fproduct_cat&post=36695"},{"taxonomy":"product_tag","embeddable":true,"href":"https:\/\/www.autonvaraosahaku.fi\/index.php?rest_route=%2Fwp%2Fv2%2Fproduct_tag&post=36695"}],"curies":[{"name":"wp","href":"https:\/\/api.w.org\/{rel}","templated":true}]}}