{"id":36697,"date":"2021-02-21T16:30:37","date_gmt":"2021-02-21T16:30:37","guid":{"rendered":"https:\/\/www.autonvaraosahaku.fi\/?product=maxgear-49-1401-vetonivelen-suojakumi"},"modified":"2021-02-21T16:30:41","modified_gmt":"2021-02-21T16:30:41","slug":"maxgear-49-1401-vetonivelen-suojakumi","status":"publish","type":"product","link":"https:\/\/www.autonvaraosahaku.fi\/?product=maxgear-49-1401-vetonivelen-suojakumi","title":{"rendered":"MAXGEAR 49-1401 Vetonivelen suojakumi"},"content":{"rendered":"<p>Asennuspuoli: Sisempi; Materiaali: NBR (nitriili-butadi-kumi); Sis\u00e4l\u00e4pimitta 2 [mm]: 78; Korkeus (mm): 82; Sis\u00e4l\u00e4pimitta 1 [mm]: 23,3; Paino [kg]: 0,26; M\u00e4\u00e4r\u00e4: 5; Vaihteistomalli: Schaltgetriebe; NISSAN: X-TRAIL T30; 397418H525; Vetoakselin Suojakumi,Paljekumi, Vetoakseli<\/p>\n","protected":false},"excerpt":{"rendered":"<p>MAXGEAR Vetonivelen Suojakumi 49-1401 Vetoakselin Suojakumi,Paljekumi, Vetoakseli NISSAN,X-TRAIL T30<\/p>\n","protected":false},"featured_media":0,"template":"","meta":{"site-sidebar-layout":"default","site-content-layout":"default","ast-global-header-display":"","ast-main-header-display":"","ast-hfb-above-header-display":"","ast-hfb-below-header-display":"","ast-hfb-mobile-header-display":"","site-post-title":"","ast-breadcrumbs-content":"","ast-featured-img":"","footer-sml-layout":"","theme-transparent-header-meta":"","adv-header-id-meta":"","stick-header-meta":"","header-above-stick-meta":"","header-main-stick-meta":"","header-below-stick-meta":""},"pwb-brand":[48],"product_cat":[42],"product_tag":[],"class_list":{"0":"post-36697","1":"product","2":"type-product","3":"status-publish","5":"pwb-brand-maxgear","6":"product_cat-vetonivelen-suojakumi","7":"desktop-align-left","8":"tablet-align-left","9":"mobile-align-left","11":"first","12":"instock","13":"product-type-external"},"brands":[{"id":48,"name":"MAXGEAR","slug":"maxgear"}],"_links":{"self":[{"href":"https:\/\/www.autonvaraosahaku.fi\/index.php?rest_route=\/wp\/v2\/product\/36697","targetHints":{"allow":["GET"]}}],"collection":[{"href":"https:\/\/www.autonvaraosahaku.fi\/index.php?rest_route=\/wp\/v2\/product"}],"about":[{"href":"https:\/\/www.autonvaraosahaku.fi\/index.php?rest_route=\/wp\/v2\/types\/product"}],"wp:attachment":[{"href":"https:\/\/www.autonvaraosahaku.fi\/index.php?rest_route=%2Fwp%2Fv2%2Fmedia&parent=36697"}],"wp:term":[{"taxonomy":"pwb-brand","embeddable":true,"href":"https:\/\/www.autonvaraosahaku.fi\/index.php?rest_route=%2Fwp%2Fv2%2Fpwb-brand&post=36697"},{"taxonomy":"product_cat","embeddable":true,"href":"https:\/\/www.autonvaraosahaku.fi\/index.php?rest_route=%2Fwp%2Fv2%2Fproduct_cat&post=36697"},{"taxonomy":"product_tag","embeddable":true,"href":"https:\/\/www.autonvaraosahaku.fi\/index.php?rest_route=%2Fwp%2Fv2%2Fproduct_tag&post=36697"}],"curies":[{"name":"wp","href":"https:\/\/api.w.org\/{rel}","templated":true}]}}