{"id":36701,"date":"2021-02-21T16:30:42","date_gmt":"2021-02-21T16:30:42","guid":{"rendered":"https:\/\/www.autonvaraosahaku.fi\/?product=febi-bilstein-107307-jousilautanen"},"modified":"2021-02-21T16:30:43","modified_gmt":"2021-02-21T16:30:43","slug":"febi-bilstein-107307-jousilautanen","status":"publish","type":"product","link":"https:\/\/www.autonvaraosahaku.fi\/?product=febi-bilstein-107307-jousilautanen","title":{"rendered":"FEBI BILSTEIN 107307 Jousilautanen"},"content":{"rendered":"<p>Sis\u00e4l\u00e4pimitta [mm]: 12,42; Ulkol\u00e4pimitta [mm]: 68,65; Asennuspuoli: Etuakseli; Paino [kg]: 0,062, 0,062; ABARTH: PUNTO 199_; LANCIA: YPSILON 312, 846; ALFA ROMEO: MITO 955; FIAT: GRANDE PUNTO 199,PUNTO EVO 199,PUNTO 199,PANDA 312,PUNTO Van 199,PANDA VAN 312,GRANDE PUNTO Van 199_,PUNTO EVO Van 199_; 50517346, 51780702, 55701796, 50517346, 51780702, 55701796, 68197535AA, 50517346, 51780702, 55701796, 68197535AA, 50517346, 51780702, 55701796, 0344963, 344963, 055701796, 55701796<\/p>\n","protected":false},"excerpt":{"rendered":"<p>FEBI BILSTEIN Jousilautanen 107307  ABARTH,LANCIA,ALFA ROMEO,PUNTO 199_,YPSILON 312, 846,MITO 955,GRANDE PUNTO 199,PUNTO EVO 199,PUNTO 199,PANDA 312<\/p>\n","protected":false},"featured_media":0,"template":"","meta":{"site-sidebar-layout":"default","site-content-layout":"default","ast-global-header-display":"","ast-main-header-display":"","ast-hfb-above-header-display":"","ast-hfb-below-header-display":"","ast-hfb-mobile-header-display":"","site-post-title":"","ast-breadcrumbs-content":"","ast-featured-img":"","footer-sml-layout":"","theme-transparent-header-meta":"","adv-header-id-meta":"","stick-header-meta":"","header-above-stick-meta":"","header-main-stick-meta":"","header-below-stick-meta":""},"pwb-brand":[50],"product_cat":[188],"product_tag":[],"class_list":{"0":"post-36701","1":"product","2":"type-product","3":"status-publish","5":"pwb-brand-febi-bilstein","6":"product_cat-jousilautanen","7":"desktop-align-left","8":"tablet-align-left","9":"mobile-align-left","11":"first","12":"instock","13":"product-type-external"},"brands":[{"id":50,"name":"FEBI BILSTEIN","slug":"febi-bilstein"}],"_links":{"self":[{"href":"https:\/\/www.autonvaraosahaku.fi\/index.php?rest_route=\/wp\/v2\/product\/36701","targetHints":{"allow":["GET"]}}],"collection":[{"href":"https:\/\/www.autonvaraosahaku.fi\/index.php?rest_route=\/wp\/v2\/product"}],"about":[{"href":"https:\/\/www.autonvaraosahaku.fi\/index.php?rest_route=\/wp\/v2\/types\/product"}],"wp:attachment":[{"href":"https:\/\/www.autonvaraosahaku.fi\/index.php?rest_route=%2Fwp%2Fv2%2Fmedia&parent=36701"}],"wp:term":[{"taxonomy":"pwb-brand","embeddable":true,"href":"https:\/\/www.autonvaraosahaku.fi\/index.php?rest_route=%2Fwp%2Fv2%2Fpwb-brand&post=36701"},{"taxonomy":"product_cat","embeddable":true,"href":"https:\/\/www.autonvaraosahaku.fi\/index.php?rest_route=%2Fwp%2Fv2%2Fproduct_cat&post=36701"},{"taxonomy":"product_tag","embeddable":true,"href":"https:\/\/www.autonvaraosahaku.fi\/index.php?rest_route=%2Fwp%2Fv2%2Fproduct_tag&post=36701"}],"curies":[{"name":"wp","href":"https:\/\/api.w.org\/{rel}","templated":true}]}}