{"id":36708,"date":"2021-02-21T16:30:42","date_gmt":"2021-02-21T16:30:42","guid":{"rendered":"https:\/\/www.autonvaraosahaku.fi\/?product=as-pl-a0213pr-laturi"},"modified":"2021-02-21T16:30:44","modified_gmt":"2021-02-21T16:30:44","slug":"as-pl-a0213pr-laturi","status":"publish","type":"product","link":"https:\/\/www.autonvaraosahaku.fi\/?product=as-pl-a0213pr-laturi","title":{"rendered":"AS-PL A0213PR Laturi"},"content":{"rendered":"<p>Pituus 1 (mm): 44,00; Pituus 2 (mm): 14,00; Pituus 3 [mm]: 61,50; J\u00e4nnite (V): 12; Laturi varausvirta (A): 120; Hihnapy\u00f6r\u00e4t: V\u00e4lihihnapy\u00f6r\u00e4ll\u00e4; Moottorinumero: K4M 866; DACIA: LODGY; RENAULT: CLIO II BB0\/1\/2_, CB0\/1\/2_,CLIO III BR0\/1, CR0\/1,TWINGO II CN0_,MEGANE III Grandtour KZ0\/1,MODUS \/ GRAND MODUS F\/JP0_,SC\u00c9NIC III JZ0\/1_,MEGANE III Schr\u00e4gheck BZ0_,GRAND SC\u00c9NIC III JZ0\/1_,MEGANE III Coupe DZ0\/1_,KANGOO \/ GRAND KANGOO KW0\/1_,CLIO Grandtour KR0\/1_,KANGOO Express FW0\/1_,MEGANE CC EZ0\/1_,CLIO II Kasten SB0\/1\/2_,LAGUNA Coupe DT0\/1,FLUENCE L30_,THALIA I LB0\/1\/2_,CLIO III Kasten SB_, SR_,THALIA II LU1\/2_,MEGANE IV B9A\/M_,MEGANE IV Grandtour K9A\/M_,MEGANE IV Stufenheck; 231000027R, 231008578R, 7701475896, 7701476812, 7711368103, 7711368380, 8200325823, 8200360480, 8200390675, 8200459711, 8200660033; Generaattori<\/p>\n","protected":false},"excerpt":{"rendered":"<p>AS-PL Laturi Brand new AS-PL Starter motor 97VB11000AA A0213PR Generaattori DACIA,RENAULT,LODGY,CLIO II BB0\/1\/2_, CB0\/1\/2_,CLIO III BR0\/1, CR0\/1<\/p>\n","protected":false},"featured_media":0,"template":"","meta":{"site-sidebar-layout":"default","site-content-layout":"default","ast-global-header-display":"","ast-main-header-display":"","ast-hfb-above-header-display":"","ast-hfb-below-header-display":"","ast-hfb-mobile-header-display":"","site-post-title":"","ast-breadcrumbs-content":"","ast-featured-img":"","footer-sml-layout":"","theme-transparent-header-meta":"","adv-header-id-meta":"","stick-header-meta":"","header-above-stick-meta":"","header-main-stick-meta":"","header-below-stick-meta":""},"pwb-brand":[347],"product_cat":[357],"product_tag":[],"class_list":{"0":"post-36708","1":"product","2":"type-product","3":"status-publish","5":"pwb-brand-as-pl","6":"product_cat-laturi","7":"desktop-align-left","8":"tablet-align-left","9":"mobile-align-left","11":"first","12":"instock","13":"product-type-external"},"brands":[{"id":347,"name":"AS-PL","slug":"as-pl"}],"_links":{"self":[{"href":"https:\/\/www.autonvaraosahaku.fi\/index.php?rest_route=\/wp\/v2\/product\/36708","targetHints":{"allow":["GET"]}}],"collection":[{"href":"https:\/\/www.autonvaraosahaku.fi\/index.php?rest_route=\/wp\/v2\/product"}],"about":[{"href":"https:\/\/www.autonvaraosahaku.fi\/index.php?rest_route=\/wp\/v2\/types\/product"}],"wp:attachment":[{"href":"https:\/\/www.autonvaraosahaku.fi\/index.php?rest_route=%2Fwp%2Fv2%2Fmedia&parent=36708"}],"wp:term":[{"taxonomy":"pwb-brand","embeddable":true,"href":"https:\/\/www.autonvaraosahaku.fi\/index.php?rest_route=%2Fwp%2Fv2%2Fpwb-brand&post=36708"},{"taxonomy":"product_cat","embeddable":true,"href":"https:\/\/www.autonvaraosahaku.fi\/index.php?rest_route=%2Fwp%2Fv2%2Fproduct_cat&post=36708"},{"taxonomy":"product_tag","embeddable":true,"href":"https:\/\/www.autonvaraosahaku.fi\/index.php?rest_route=%2Fwp%2Fv2%2Fproduct_tag&post=36708"}],"curies":[{"name":"wp","href":"https:\/\/api.w.org\/{rel}","templated":true}]}}