{"id":36732,"date":"2021-02-21T16:30:47","date_gmt":"2021-02-21T16:30:47","guid":{"rendered":"https:\/\/www.autonvaraosahaku.fi\/?product=jp-group-3164002410-muut-luokat"},"modified":"2021-02-21T16:30:50","modified_gmt":"2021-02-21T16:30:50","slug":"jp-group-3164002410-muut-luokat","status":"publish","type":"product","link":"https:\/\/www.autonvaraosahaku.fi\/?product=jp-group-3164002410-muut-luokat","title":{"rendered":"JP GROUP 3164002410 Muut luokat"},"content":{"rendered":"<p>Asennuspuoli: Hinterachse; CITRO\u00cbN: C2 JM_,C3 I FC_,DS3,C3 II,C3 Pluriel HB_,DS3 Cabriolet,C2 ENTERPRISE,C-ELYSEE; PEUGEOT: 208,1007 KM_,301; 430869; Tarvikesarja K\u00e4sijarru<\/p>\n","protected":false},"excerpt":{"rendered":"<p>JP GROUP Tarvikesarja Jarrukeng\u00e4t JP Group 3164002410 Tarvikesarja K\u00e4sijarru CITRO\u00cbN,PEUGEOT,C2 JM_,C3 I FC_,DS3,C3 II,C3 Pluriel HB_,DS3 Cabriolet<\/p>\n","protected":false},"featured_media":0,"template":"","meta":{"site-sidebar-layout":"default","site-content-layout":"default","ast-global-header-display":"","ast-main-header-display":"","ast-hfb-above-header-display":"","ast-hfb-below-header-display":"","ast-hfb-mobile-header-display":"","site-post-title":"","ast-breadcrumbs-content":"","ast-featured-img":"","footer-sml-layout":"","theme-transparent-header-meta":"","adv-header-id-meta":"","stick-header-meta":"","header-above-stick-meta":"","header-main-stick-meta":"","header-below-stick-meta":""},"pwb-brand":[131],"product_cat":[37],"product_tag":[],"class_list":{"0":"post-36732","1":"product","2":"type-product","3":"status-publish","5":"pwb-brand-jp-group","6":"product_cat-muut-luokat","7":"desktop-align-left","8":"tablet-align-left","9":"mobile-align-left","11":"first","12":"instock","13":"product-type-external"},"brands":[{"id":131,"name":"JP GROUP","slug":"jp-group"}],"_links":{"self":[{"href":"https:\/\/www.autonvaraosahaku.fi\/index.php?rest_route=\/wp\/v2\/product\/36732","targetHints":{"allow":["GET"]}}],"collection":[{"href":"https:\/\/www.autonvaraosahaku.fi\/index.php?rest_route=\/wp\/v2\/product"}],"about":[{"href":"https:\/\/www.autonvaraosahaku.fi\/index.php?rest_route=\/wp\/v2\/types\/product"}],"wp:attachment":[{"href":"https:\/\/www.autonvaraosahaku.fi\/index.php?rest_route=%2Fwp%2Fv2%2Fmedia&parent=36732"}],"wp:term":[{"taxonomy":"pwb-brand","embeddable":true,"href":"https:\/\/www.autonvaraosahaku.fi\/index.php?rest_route=%2Fwp%2Fv2%2Fpwb-brand&post=36732"},{"taxonomy":"product_cat","embeddable":true,"href":"https:\/\/www.autonvaraosahaku.fi\/index.php?rest_route=%2Fwp%2Fv2%2Fproduct_cat&post=36732"},{"taxonomy":"product_tag","embeddable":true,"href":"https:\/\/www.autonvaraosahaku.fi\/index.php?rest_route=%2Fwp%2Fv2%2Fproduct_tag&post=36732"}],"curies":[{"name":"wp","href":"https:\/\/api.w.org\/{rel}","templated":true}]}}