{"id":36752,"date":"2021-02-21T16:30:53","date_gmt":"2021-02-21T16:30:53","guid":{"rendered":"https:\/\/www.autonvaraosahaku.fi\/?product=filtron-pm-808-polttoainesuodatin"},"modified":"2021-02-21T16:30:55","modified_gmt":"2021-02-21T16:30:55","slug":"filtron-pm-808-polttoainesuodatin","status":"publish","type":"product","link":"https:\/\/www.autonvaraosahaku.fi\/?product=filtron-pm-808-polttoainesuodatin","title":{"rendered":"FILTRON PM 808 Polttoainesuodatin"},"content":{"rendered":"<p>Korkeus (mm): 145; Ulkol\u00e4pimitta [mm]: 84; Sis\u00e4l\u00e4pimitta 1 [mm]: 13,5; Sis\u00e4l\u00e4pimitta 2 [mm]: 13,5; Valmistusvuoteen: 11\/1995; VOLVO: F80; STEYR: 1290-Serie,1291-Serie,1490-Serie,1491-Serie; SCANIA: L &#8211; series; SETRA: Series 200,Series 300; NEOPLAN: Jetliner,Skyliner,Spaceliner,Transliner; KRAMER: KL-Serie; INTERNATIONAL HARV.: CM-Series; FENDT: Farmer; DEUTZ-FAHR: D05; 80034701, 243327, 82177074, 8508111, 5004838, 6110706201, 6110706202, 6110736130, 1289054, 42522696, 9930450, 81000000246, 81125030018, 81125030021, 81125030022, 81125030042, 81125030048, 81125030054, 81125030063, 0004773515, 0004774015, 0004774515, 3554700192, 4773515, 4774015, 4774515, A0004773515, A0004774015, A0004774515, A3554700192, 0003005805, 0003005806, 0024151119, 0024152005, 0024866092, 4125030018, 5984520800, 81125030018, 540208001BO1, 5402080B01, 614080739, 614090739, 233897, 2338978, 6607576, 7233897, 74406, 76649, 78288<\/p>\n","protected":false},"excerpt":{"rendered":"<p>FILTRON Polttoainesuodatin PM 808  VOLVO,STEYR,SCANIA,F80,1290-Serie,1291-Serie,1490-Serie,1491-Serie,L &#8211; series,Series 200,Series 300,Jetliner<\/p>\n","protected":false},"featured_media":0,"template":"","meta":{"site-sidebar-layout":"default","site-content-layout":"default","ast-global-header-display":"","ast-main-header-display":"","ast-hfb-above-header-display":"","ast-hfb-below-header-display":"","ast-hfb-mobile-header-display":"","site-post-title":"","ast-breadcrumbs-content":"","ast-featured-img":"","footer-sml-layout":"","theme-transparent-header-meta":"","adv-header-id-meta":"","stick-header-meta":"","header-above-stick-meta":"","header-main-stick-meta":"","header-below-stick-meta":""},"pwb-brand":[359],"product_cat":[29],"product_tag":[],"class_list":{"0":"post-36752","1":"product","2":"type-product","3":"status-publish","5":"pwb-brand-filtron","6":"product_cat-polttoainesuodatin","7":"desktop-align-left","8":"tablet-align-left","9":"mobile-align-left","11":"first","12":"instock","13":"product-type-external"},"brands":[{"id":359,"name":"FILTRON","slug":"filtron"}],"_links":{"self":[{"href":"https:\/\/www.autonvaraosahaku.fi\/index.php?rest_route=\/wp\/v2\/product\/36752","targetHints":{"allow":["GET"]}}],"collection":[{"href":"https:\/\/www.autonvaraosahaku.fi\/index.php?rest_route=\/wp\/v2\/product"}],"about":[{"href":"https:\/\/www.autonvaraosahaku.fi\/index.php?rest_route=\/wp\/v2\/types\/product"}],"wp:attachment":[{"href":"https:\/\/www.autonvaraosahaku.fi\/index.php?rest_route=%2Fwp%2Fv2%2Fmedia&parent=36752"}],"wp:term":[{"taxonomy":"pwb-brand","embeddable":true,"href":"https:\/\/www.autonvaraosahaku.fi\/index.php?rest_route=%2Fwp%2Fv2%2Fpwb-brand&post=36752"},{"taxonomy":"product_cat","embeddable":true,"href":"https:\/\/www.autonvaraosahaku.fi\/index.php?rest_route=%2Fwp%2Fv2%2Fproduct_cat&post=36752"},{"taxonomy":"product_tag","embeddable":true,"href":"https:\/\/www.autonvaraosahaku.fi\/index.php?rest_route=%2Fwp%2Fv2%2Fproduct_tag&post=36752"}],"curies":[{"name":"wp","href":"https:\/\/api.w.org\/{rel}","templated":true}]}}