{"id":36775,"date":"2021-02-21T16:30:57","date_gmt":"2021-02-21T16:30:57","guid":{"rendered":"https:\/\/www.autonvaraosahaku.fi\/?product=metzger-6490208-jousijalan-tukilaakeri"},"modified":"2021-02-21T16:31:00","modified_gmt":"2021-02-21T16:31:00","slug":"metzger-6490208-jousijalan-tukilaakeri","status":"publish","type":"product","link":"https:\/\/www.autonvaraosahaku.fi\/?product=metzger-6490208-jousijalan-tukilaakeri","title":{"rendered":"METZGER 6490208 Jousijalan tukilaakeri"},"content":{"rendered":"<p>Asennuspuoli: etuakseli molemminpuoleinen; Kiinnitysmalli: Kumimetallilaakeri; Korvaava tuote\/korvaava tiedote 2: Vierint\u00e4laakerilla, mutterilla; Lis\u00e4tarvike\/lis\u00e4tieto: Jousilautasella; Lukum\u00e4\u00e4r\u00e4 akselille: 2; Valmistusvuosi alkaen: 11\/2010; CITRO\u00cbN: DS3,C3 Picasso,C3 II,DS3 Cabriolet,C-ELYSEE,C4 CACTUS,C3 AIRCROSS II; PEUGEOT: 208,2008,301,208 Kasten; DS: DS 3,DS 3 Cabriolet<\/p>\n","protected":false},"excerpt":{"rendered":"<p>METZGER Korjaussarja, Jousijalan Tukilaakeri 6490208  CITRO\u00cbN,PEUGEOT,DS,DS3,C3 Picasso,C3 II,DS3 Cabriolet,C-ELYSEE,C4 CACTUS,C3 AIRCROSS II,208,2008<\/p>\n","protected":false},"featured_media":0,"template":"","meta":{"site-sidebar-layout":"default","site-content-layout":"default","ast-global-header-display":"","ast-main-header-display":"","ast-hfb-above-header-display":"","ast-hfb-below-header-display":"","ast-hfb-mobile-header-display":"","site-post-title":"","ast-breadcrumbs-content":"","ast-featured-img":"","footer-sml-layout":"","theme-transparent-header-meta":"","adv-header-id-meta":"","stick-header-meta":"","header-above-stick-meta":"","header-main-stick-meta":"","header-below-stick-meta":""},"pwb-brand":[69],"product_cat":[45],"product_tag":[],"class_list":{"0":"post-36775","1":"product","2":"type-product","3":"status-publish","5":"pwb-brand-metzger","6":"product_cat-jousijalan-tukilaakeri","7":"desktop-align-left","8":"tablet-align-left","9":"mobile-align-left","11":"first","12":"instock","13":"product-type-external"},"brands":[{"id":69,"name":"METZGER","slug":"metzger"}],"_links":{"self":[{"href":"https:\/\/www.autonvaraosahaku.fi\/index.php?rest_route=\/wp\/v2\/product\/36775","targetHints":{"allow":["GET"]}}],"collection":[{"href":"https:\/\/www.autonvaraosahaku.fi\/index.php?rest_route=\/wp\/v2\/product"}],"about":[{"href":"https:\/\/www.autonvaraosahaku.fi\/index.php?rest_route=\/wp\/v2\/types\/product"}],"wp:attachment":[{"href":"https:\/\/www.autonvaraosahaku.fi\/index.php?rest_route=%2Fwp%2Fv2%2Fmedia&parent=36775"}],"wp:term":[{"taxonomy":"pwb-brand","embeddable":true,"href":"https:\/\/www.autonvaraosahaku.fi\/index.php?rest_route=%2Fwp%2Fv2%2Fpwb-brand&post=36775"},{"taxonomy":"product_cat","embeddable":true,"href":"https:\/\/www.autonvaraosahaku.fi\/index.php?rest_route=%2Fwp%2Fv2%2Fproduct_cat&post=36775"},{"taxonomy":"product_tag","embeddable":true,"href":"https:\/\/www.autonvaraosahaku.fi\/index.php?rest_route=%2Fwp%2Fv2%2Fproduct_tag&post=36775"}],"curies":[{"name":"wp","href":"https:\/\/api.w.org\/{rel}","templated":true}]}}