{"id":36789,"date":"2021-02-21T16:31:02","date_gmt":"2021-02-21T16:31:02","guid":{"rendered":"https:\/\/www.autonvaraosahaku.fi\/?product=topran-702-105-lasinnostimen-kytkin"},"modified":"2021-02-21T16:31:04","modified_gmt":"2021-02-21T16:31:04","slug":"topran-702-105-lasinnostimen-kytkin","status":"publish","type":"product","link":"https:\/\/www.autonvaraosahaku.fi\/?product=topran-702-105-lasinnostimen-kytkin","title":{"rendered":"TOPRAN 702 105 Lasinnostimen kytkin"},"content":{"rendered":"<p>K\u00e4ytt\u00f6tapa: Vipukytkin; Napojen m\u00e4\u00e4r\u00e4: 6; Kotelomateriaali: Muovi; V\u00e4ri: Musta; Asennusmalli: Liitin; Varusteet: ajoneuvoille s\u00e4hk\u00f6-ikkunahisseill\u00e4; Moottorinumero: FL0B\/F9Q 760+762; NISSAN: PRIMASTAR Bus X83,PRIMASTAR Kasten X83; OPEL: VIVARO Kasten F7,VIVARO Combi J7,VIVARO Pritsche\/Fahrgestell E7; RENAULT: TRAFIC II Bus JL,TRAFIC II Kasten FL,TRAFIC II Pritsche\/Fahrgestell EL; VAUXHALL: VIVARO Kasten F7,VIVARO Combi J7,VIVARO Pritsche\/Fahrgestell E7; 2540000QAB, 4408721, 4411852, 8200057321, 91166602; Kytkin, Lasinnostin<\/p>\n","protected":false},"excerpt":{"rendered":"<p>TOPRAN Lasinnostimen Kytkin 702 105 Kytkin, Lasinnostin NISSAN,OPEL,RENAULT,PRIMASTAR Bus X83,PRIMASTAR Kasten X83,VIVARO Kasten F7,VIVARO Combi J7<\/p>\n","protected":false},"featured_media":0,"template":"","meta":{"site-sidebar-layout":"default","site-content-layout":"default","ast-global-header-display":"","ast-main-header-display":"","ast-hfb-above-header-display":"","ast-hfb-below-header-display":"","ast-hfb-mobile-header-display":"","site-post-title":"","ast-breadcrumbs-content":"","ast-featured-img":"","footer-sml-layout":"","theme-transparent-header-meta":"","adv-header-id-meta":"","stick-header-meta":"","header-above-stick-meta":"","header-main-stick-meta":"","header-below-stick-meta":""},"pwb-brand":[18],"product_cat":[135],"product_tag":[],"class_list":{"0":"post-36789","1":"product","2":"type-product","3":"status-publish","5":"pwb-brand-topran","6":"product_cat-lasinnostimen-kytkin","7":"desktop-align-left","8":"tablet-align-left","9":"mobile-align-left","11":"first","12":"instock","13":"product-type-external"},"brands":[{"id":18,"name":"TOPRAN","slug":"topran"}],"_links":{"self":[{"href":"https:\/\/www.autonvaraosahaku.fi\/index.php?rest_route=\/wp\/v2\/product\/36789","targetHints":{"allow":["GET"]}}],"collection":[{"href":"https:\/\/www.autonvaraosahaku.fi\/index.php?rest_route=\/wp\/v2\/product"}],"about":[{"href":"https:\/\/www.autonvaraosahaku.fi\/index.php?rest_route=\/wp\/v2\/types\/product"}],"wp:attachment":[{"href":"https:\/\/www.autonvaraosahaku.fi\/index.php?rest_route=%2Fwp%2Fv2%2Fmedia&parent=36789"}],"wp:term":[{"taxonomy":"pwb-brand","embeddable":true,"href":"https:\/\/www.autonvaraosahaku.fi\/index.php?rest_route=%2Fwp%2Fv2%2Fpwb-brand&post=36789"},{"taxonomy":"product_cat","embeddable":true,"href":"https:\/\/www.autonvaraosahaku.fi\/index.php?rest_route=%2Fwp%2Fv2%2Fproduct_cat&post=36789"},{"taxonomy":"product_tag","embeddable":true,"href":"https:\/\/www.autonvaraosahaku.fi\/index.php?rest_route=%2Fwp%2Fv2%2Fproduct_tag&post=36789"}],"curies":[{"name":"wp","href":"https:\/\/api.w.org\/{rel}","templated":true}]}}