{"id":36804,"date":"2021-02-21T16:31:07","date_gmt":"2021-02-21T16:31:07","guid":{"rendered":"https:\/\/www.autonvaraosahaku.fi\/?product=era-558035a-ilmamassamittari"},"modified":"2021-02-21T16:31:08","modified_gmt":"2021-02-21T16:31:08","slug":"era-558035a-ilmamassamittari","status":"publish","type":"product","link":"https:\/\/www.autonvaraosahaku.fi\/?product=era-558035a-ilmamassamittari","title":{"rendered":"ERA 558035A Ilmamassamittari"},"content":{"rendered":"<p>Paino [kg]: 0,162; Liittimi\u00e4: 5; FORD: FIESTA V JH_, JD_,FOCUS II Kombi DA_,FIESTA VI,FOCUS II DA_,FOCUS C-MAX,FUSION JU_,C-MAX DM2,FOCUS II Stufenheck DA_,FIESTA V Van,FIESTA VI Van; FIAT: SCUDO 270_,SCUDO Kasten 270_,SCUDO Pritsche\/Fahrgestell 270_; PEUGEOT: 206 Schr\u00e4gheck 2A\/C,206 CC 2D,207 WA_, WC_,307 SW 3H,207 CC WD_,407 SW 6E_,307 3A\/C,207 SW WK_,308 SW,206 SW 2E\/K,308 4A_, 4C_,5008,307 Break 3E,407 6D_,3008,PARTNER Tepee,1007 KM_,PARTNER Combispace 5F,PARTNER Kasten 5,EXPERT Tepee VF3V_,EXPERT Kasten VF3A_, VF3U_, VF3X_,PARTNER Kasten,207 Van,EXPERT Pritsche\/Fahrgestell,PARTNER Pritsche\/Fahrgestell; CITRO\u00cbN: BERLINGO MF,XSARA PICASSO N68,C2 JM_,C3 I FC_,BERLINGO B9,C5 III Break TD_,C4 Picasso I UD_,C4 Grand Picasso I UA_,C4 I LC_,BERLINGO Kasten M_,C5 II Break RE_,C3 Picasso,C5 III RD_,C3 II,C4 Coupe LA_,C5 II RC_,JUMPY,BERLINGO Kasten B9,JUMPY Kasten,C4 Stufenheck L,BERLINGO Pritsche\/Fahrgestell B9; MAZDA: 3 BK,3 Stufenheck BK; VOLVO: V50 MW,C30,S40 II MS; MINI: MINI R56,MINI CLUBMAN R55; 1610874680, 1920GV, 9650010780, 71794490, 71794492, 1232096, 1255117, 3M5A12B579BA, 3M5A12B579BB, Y60113215, Y60113215Z01, Y60113215Z02, 1610874680, 1920GV, 9650010780, 30622124, 30622124A, 30622124B; Ilmam\u00e4\u00e4r\u00e4mittari,MAF Anturi<\/p>\n","protected":false},"excerpt":{"rendered":"<p>ERA Ilmamassamittari 558035A Ilmam\u00e4\u00e4r\u00e4mittari,MAF Anturi FORD,FIAT,PEUGEOT,FIESTA V JH_, JD_,FOCUS II Kombi DA_,FIESTA VI,FOCUS II DA_,FOCUS C-MAX<\/p>\n","protected":false},"featured_media":0,"template":"","meta":{"site-sidebar-layout":"default","site-content-layout":"default","ast-global-header-display":"","ast-main-header-display":"","ast-hfb-above-header-display":"","ast-hfb-below-header-display":"","ast-hfb-mobile-header-display":"","site-post-title":"","ast-breadcrumbs-content":"","ast-featured-img":"","footer-sml-layout":"","theme-transparent-header-meta":"","adv-header-id-meta":"","stick-header-meta":"","header-above-stick-meta":"","header-main-stick-meta":"","header-below-stick-meta":""},"pwb-brand":[64],"product_cat":[270],"product_tag":[],"class_list":{"0":"post-36804","1":"product","2":"type-product","3":"status-publish","5":"pwb-brand-era","6":"product_cat-ilmamassamittari","7":"desktop-align-left","8":"tablet-align-left","9":"mobile-align-left","11":"first","12":"instock","13":"product-type-external"},"brands":[{"id":64,"name":"ERA","slug":"era"}],"_links":{"self":[{"href":"https:\/\/www.autonvaraosahaku.fi\/index.php?rest_route=\/wp\/v2\/product\/36804","targetHints":{"allow":["GET"]}}],"collection":[{"href":"https:\/\/www.autonvaraosahaku.fi\/index.php?rest_route=\/wp\/v2\/product"}],"about":[{"href":"https:\/\/www.autonvaraosahaku.fi\/index.php?rest_route=\/wp\/v2\/types\/product"}],"wp:attachment":[{"href":"https:\/\/www.autonvaraosahaku.fi\/index.php?rest_route=%2Fwp%2Fv2%2Fmedia&parent=36804"}],"wp:term":[{"taxonomy":"pwb-brand","embeddable":true,"href":"https:\/\/www.autonvaraosahaku.fi\/index.php?rest_route=%2Fwp%2Fv2%2Fpwb-brand&post=36804"},{"taxonomy":"product_cat","embeddable":true,"href":"https:\/\/www.autonvaraosahaku.fi\/index.php?rest_route=%2Fwp%2Fv2%2Fproduct_cat&post=36804"},{"taxonomy":"product_tag","embeddable":true,"href":"https:\/\/www.autonvaraosahaku.fi\/index.php?rest_route=%2Fwp%2Fv2%2Fproduct_tag&post=36804"}],"curies":[{"name":"wp","href":"https:\/\/api.w.org\/{rel}","templated":true}]}}