{"id":36811,"date":"2021-02-21T16:31:07","date_gmt":"2021-02-21T16:31:07","guid":{"rendered":"https:\/\/www.autonvaraosahaku.fi\/?product=era-555112a-egr-venttiili"},"modified":"2021-02-21T16:31:09","modified_gmt":"2021-02-21T16:31:09","slug":"era-555112a-egr-venttiili","status":"publish","type":"product","link":"https:\/\/www.autonvaraosahaku.fi\/?product=era-555112a-egr-venttiili","title":{"rendered":"ERA 555112A Egr venttiili"},"content":{"rendered":"<p>J\u00e4nnite (V): 12; Paino [kg]: 0,96; K\u00e4ytt\u00f6: S\u00e4hk\u00f6inen; Lis\u00e4tarvike\/lis\u00e4tieto: Vaatii OE-ohjelmiston, Tiivisteill\u00e4; Liittimi\u00e4: 5; FORD: FIESTA V JH_, JD_,FIESTA VI,FUSION JU_,FIESTA V Van; PEUGEOT: 206 Schr\u00e4gheck 2A\/C,207 WA_, WC_,107,206 SW 2E\/K,206+ T3E,1007 KM_,206 Stufenheck,BIPPER AA_,BIPPER Tepee; TOYOTA: AYGO WNB1_, KGB1_; CITRO\u00cbN: C1 PM_, PN_,C2 JM_,C3 I FC_,C3 II,NEMO Kasten AA_,NEMO Kombi,C2 ENTERPRISE; 161846, 1618N8, 1618PF, 9658203780, 9673258680, 1333611, 1363591, 1479845, 1682736, 256Q9D475BD, 2S6Q9D475BA, 2S6Q9D475BB, 2S6Q9D475BC, 2S6Q9D475BD, 161846, 1618N8, 1618PF, 9658203780, 9673258680, SU00100702; Venttiili, Pakokaasun Kierr\u00e4tys<\/p>\n","protected":false},"excerpt":{"rendered":"<p>ERA EGR Venttiili 555112A Venttiili, Pakokaasun Kierr\u00e4tys FORD,PEUGEOT,TOYOTA,FIESTA V JH_, JD_,FIESTA VI,FUSION JU_,FIESTA V Van,206 Schr\u00e4gheck 2A\/C<\/p>\n","protected":false},"featured_media":0,"template":"","meta":{"site-sidebar-layout":"default","site-content-layout":"default","ast-global-header-display":"","ast-main-header-display":"","ast-hfb-above-header-display":"","ast-hfb-below-header-display":"","ast-hfb-mobile-header-display":"","site-post-title":"","ast-breadcrumbs-content":"","ast-featured-img":"","footer-sml-layout":"","theme-transparent-header-meta":"","adv-header-id-meta":"","stick-header-meta":"","header-above-stick-meta":"","header-main-stick-meta":"","header-below-stick-meta":""},"pwb-brand":[64],"product_cat":[35],"product_tag":[],"class_list":{"0":"post-36811","1":"product","2":"type-product","3":"status-publish","5":"pwb-brand-era","6":"product_cat-egr-venttiili","7":"desktop-align-left","8":"tablet-align-left","9":"mobile-align-left","11":"first","12":"instock","13":"product-type-external"},"brands":[{"id":64,"name":"ERA","slug":"era"}],"_links":{"self":[{"href":"https:\/\/www.autonvaraosahaku.fi\/index.php?rest_route=\/wp\/v2\/product\/36811","targetHints":{"allow":["GET"]}}],"collection":[{"href":"https:\/\/www.autonvaraosahaku.fi\/index.php?rest_route=\/wp\/v2\/product"}],"about":[{"href":"https:\/\/www.autonvaraosahaku.fi\/index.php?rest_route=\/wp\/v2\/types\/product"}],"wp:attachment":[{"href":"https:\/\/www.autonvaraosahaku.fi\/index.php?rest_route=%2Fwp%2Fv2%2Fmedia&parent=36811"}],"wp:term":[{"taxonomy":"pwb-brand","embeddable":true,"href":"https:\/\/www.autonvaraosahaku.fi\/index.php?rest_route=%2Fwp%2Fv2%2Fpwb-brand&post=36811"},{"taxonomy":"product_cat","embeddable":true,"href":"https:\/\/www.autonvaraosahaku.fi\/index.php?rest_route=%2Fwp%2Fv2%2Fproduct_cat&post=36811"},{"taxonomy":"product_tag","embeddable":true,"href":"https:\/\/www.autonvaraosahaku.fi\/index.php?rest_route=%2Fwp%2Fv2%2Fproduct_tag&post=36811"}],"curies":[{"name":"wp","href":"https:\/\/api.w.org\/{rel}","templated":true}]}}