{"id":36830,"date":"2021-02-21T16:31:12","date_gmt":"2021-02-21T16:31:12","guid":{"rendered":"https:\/\/www.autonvaraosahaku.fi\/?product=meyle-314-152-2118-hd-kardaanin-kuminivel"},"modified":"2021-02-21T16:31:14","modified_gmt":"2021-02-21T16:31:14","slug":"meyle-314-152-2118-hd-kardaanin-kuminivel","status":"publish","type":"product","link":"https:\/\/www.autonvaraosahaku.fi\/?product=meyle-314-152-2118-hd-kardaanin-kuminivel","title":{"rendered":"MEYLE 314 152 2118\/HD Kardaanin kuminivel"},"content":{"rendered":"<p>L\u00e4pimitta [mm]: 140; Lis\u00e4tarvike\/lis\u00e4tieto: Asennusmateriaalilla; Nivelmalli: Kumi-\/Hardynivel; Reikien m\u00e4\u00e4r\u00e4: 6; Reik\u00e4ympyr\u00e4-\u00d8 [mm]: 105; M\u00e4\u00e4r\u00e4yksikk\u00f6: Sarja; Vahvistettu malli: ; Valmistusvuoteen: 03\/2011; BMW: 3 Touring E91,3 E90,5 E60,1 E87,5 Touring E61,5 F10, F18,X1 E84,1 E81,3 Coupe E92,3 Touring F31,3 F30, F35, F80,3 Cabriolet E93,1 Cabriolet E88,7 F01, F02, F03, F04,1 Coupe E82,Z4 E89,5 Gran Turismo F07,6 E63,4 Coupe F32, F82,6 Cabriolet E64,2 Coupe F22,4 Cabriolet F33, F83,4 Gran Coupe F36,2 Cabriolet F23; 26117546425, 26117605629, 26117610061; R\u00e4ttinivel,Nivel, Pitkitt\u00e4isakseli<\/p>\n","protected":false},"excerpt":{"rendered":"<p>MEYLE Kardaanin Kuminivel MEYLE-HD-KIT: Better solution for you! 314 152 2118\/HD R\u00e4ttinivel,Nivel, Pitkitt\u00e4isakseli BMW,3 Touring E91,3 E90,5 E60<\/p>\n","protected":false},"featured_media":0,"template":"","meta":{"site-sidebar-layout":"default","site-content-layout":"default","ast-global-header-display":"","ast-main-header-display":"","ast-hfb-above-header-display":"","ast-hfb-below-header-display":"","ast-hfb-mobile-header-display":"","site-post-title":"","ast-breadcrumbs-content":"","ast-featured-img":"","footer-sml-layout":"","theme-transparent-header-meta":"","adv-header-id-meta":"","stick-header-meta":"","header-above-stick-meta":"","header-main-stick-meta":"","header-below-stick-meta":""},"pwb-brand":[84],"product_cat":[56],"product_tag":[],"class_list":{"0":"post-36830","1":"product","2":"type-product","3":"status-publish","5":"pwb-brand-meyle","6":"product_cat-kardaanin-kuminivel","7":"desktop-align-left","8":"tablet-align-left","9":"mobile-align-left","11":"first","12":"instock","13":"product-type-external"},"brands":[{"id":84,"name":"MEYLE","slug":"meyle"}],"_links":{"self":[{"href":"https:\/\/www.autonvaraosahaku.fi\/index.php?rest_route=\/wp\/v2\/product\/36830","targetHints":{"allow":["GET"]}}],"collection":[{"href":"https:\/\/www.autonvaraosahaku.fi\/index.php?rest_route=\/wp\/v2\/product"}],"about":[{"href":"https:\/\/www.autonvaraosahaku.fi\/index.php?rest_route=\/wp\/v2\/types\/product"}],"wp:attachment":[{"href":"https:\/\/www.autonvaraosahaku.fi\/index.php?rest_route=%2Fwp%2Fv2%2Fmedia&parent=36830"}],"wp:term":[{"taxonomy":"pwb-brand","embeddable":true,"href":"https:\/\/www.autonvaraosahaku.fi\/index.php?rest_route=%2Fwp%2Fv2%2Fpwb-brand&post=36830"},{"taxonomy":"product_cat","embeddable":true,"href":"https:\/\/www.autonvaraosahaku.fi\/index.php?rest_route=%2Fwp%2Fv2%2Fproduct_cat&post=36830"},{"taxonomy":"product_tag","embeddable":true,"href":"https:\/\/www.autonvaraosahaku.fi\/index.php?rest_route=%2Fwp%2Fv2%2Fproduct_tag&post=36830"}],"curies":[{"name":"wp","href":"https:\/\/api.w.org\/{rel}","templated":true}]}}