{"id":36835,"date":"2021-02-21T16:31:12","date_gmt":"2021-02-21T16:31:12","guid":{"rendered":"https:\/\/www.autonvaraosahaku.fi\/?product=spidan-chassis-parts-412015-kallistuksenvakaajan-puslat"},"modified":"2021-02-21T16:31:15","modified_gmt":"2021-02-21T16:31:15","slug":"spidan-chassis-parts-412015-kallistuksenvakaajan-puslat","status":"publish","type":"product","link":"https:\/\/www.autonvaraosahaku.fi\/?product=spidan-chassis-parts-412015-kallistuksenvakaajan-puslat","title":{"rendered":"SPIDAN CHASSIS PARTS 412015 Kallistuksenvakaajan puslat"},"content":{"rendered":"<p>Asennuspuoli: Taka-akseli, molemminpuolinen; Kokonaispituus (mm): 30; Sis\u00e4l\u00e4pimitta [mm]: 13,5; L\u00e4pimitta 4 [mm]: 14; ALFA ROMEO: 147 937,156 Sportwagon 932,156 932,GT 937; 60652125, 60656522, Partof; Kallistuksenvakaajan Kumit,Vakaajan Hela<\/p>\n","protected":false},"excerpt":{"rendered":"<p>SPIDAN CHASSIS PARTS Kallistuksenvakaajan Puslat 412015 Kallistuksenvakaajan Kumit,Vakaajan Hela ALFA ROMEO,147 937,156 Sportwagon 932,156 932,GT 937<\/p>\n","protected":false},"featured_media":0,"template":"","meta":{"site-sidebar-layout":"default","site-content-layout":"default","ast-global-header-display":"","ast-main-header-display":"","ast-hfb-above-header-display":"","ast-hfb-below-header-display":"","ast-hfb-mobile-header-display":"","site-post-title":"","ast-breadcrumbs-content":"","ast-featured-img":"","footer-sml-layout":"","theme-transparent-header-meta":"","adv-header-id-meta":"","stick-header-meta":"","header-above-stick-meta":"","header-main-stick-meta":"","header-below-stick-meta":""},"pwb-brand":[375],"product_cat":[82],"product_tag":[],"class_list":{"0":"post-36835","1":"product","2":"type-product","3":"status-publish","5":"pwb-brand-spidan-chassis-parts","6":"product_cat-kallistuksenvakaajan-puslat","7":"desktop-align-left","8":"tablet-align-left","9":"mobile-align-left","11":"first","12":"instock","13":"product-type-external"},"brands":[{"id":375,"name":"SPIDAN CHASSIS PARTS","slug":"spidan-chassis-parts"}],"_links":{"self":[{"href":"https:\/\/www.autonvaraosahaku.fi\/index.php?rest_route=\/wp\/v2\/product\/36835","targetHints":{"allow":["GET"]}}],"collection":[{"href":"https:\/\/www.autonvaraosahaku.fi\/index.php?rest_route=\/wp\/v2\/product"}],"about":[{"href":"https:\/\/www.autonvaraosahaku.fi\/index.php?rest_route=\/wp\/v2\/types\/product"}],"wp:attachment":[{"href":"https:\/\/www.autonvaraosahaku.fi\/index.php?rest_route=%2Fwp%2Fv2%2Fmedia&parent=36835"}],"wp:term":[{"taxonomy":"pwb-brand","embeddable":true,"href":"https:\/\/www.autonvaraosahaku.fi\/index.php?rest_route=%2Fwp%2Fv2%2Fpwb-brand&post=36835"},{"taxonomy":"product_cat","embeddable":true,"href":"https:\/\/www.autonvaraosahaku.fi\/index.php?rest_route=%2Fwp%2Fv2%2Fproduct_cat&post=36835"},{"taxonomy":"product_tag","embeddable":true,"href":"https:\/\/www.autonvaraosahaku.fi\/index.php?rest_route=%2Fwp%2Fv2%2Fproduct_tag&post=36835"}],"curies":[{"name":"wp","href":"https:\/\/api.w.org\/{rel}","templated":true}]}}