{"id":36867,"date":"2021-02-21T16:31:22","date_gmt":"2021-02-21T16:31:22","guid":{"rendered":"https:\/\/www.autonvaraosahaku.fi\/?product=mannol-mn8106-4-vaihteistooljy"},"modified":"2021-02-21T16:31:24","modified_gmt":"2021-02-21T16:31:24","slug":"mannol-mn8106-4-vaihteistooljy","status":"publish","type":"product","link":"https:\/\/www.autonvaraosahaku.fi\/?product=mannol-mn8106-4-vaihteistooljy","title":{"rendered":"MANNOL MN8106-4 Vaihteisto\u00f6ljy"},"content":{"rendered":"<p>Tuotelinja: Hypoid GL-5; Viskositeettiluokka SAE: 80W-90; Erittely: API GL 4, API GL 5 LS; Valmistajan hyv\u00e4ksym\u00e4: MIL-L 2105 D, MAN 342, MACK GO-J; \u00d6ljy: Mineraali\u00f6ljy; Korvaava tuote\/korvaava tiedote 2: Hypoidihammastetulle vaihteistolle; Tilavuus (litra): 4; Pakkaustyyppi: Kanisteri; VOLVO: F10,F12,F16,FH,FH II,FH12,FH16,FH16 II,FL10,FL12,FL6,FL7,FM,FM12,FM7,FM9,FMX,FMX II; SCANIA: 3 &#8211; series,3 &#8211; series bus,4 &#8211; series,P,G,R,T &#8211; series; MAN: F90; RENAULT TRUCKS: KERAX,MAGNUM,MAJOR,MIDLINER,MIDLUM,PREMIUM; DAF: 95,F 1000,F 1100,F 1300,F 1500,F 1700,F 1900,F 2100,F 2300,F 2500,F 2700,F 2800,F 2900,F 3200,F 3300,F 3600,F 800,F 900; Vaihdelaatikon \u00d6ljy<\/p>\n","protected":false},"excerpt":{"rendered":"<p>MANNOL Vaihteisto\u00f6ljy MN8106-4 Vaihdelaatikon \u00d6ljy VOLVO,SCANIA,MAN,F10,F12,F16,FH,FH II,FH12,FH16,FH16 II,FL10,FL12,FL6,FL7,FM,FM12,FM7,FM9,FMX<\/p>\n","protected":false},"featured_media":0,"template":"","meta":{"site-sidebar-layout":"default","site-content-layout":"default","ast-global-header-display":"","ast-main-header-display":"","ast-hfb-above-header-display":"","ast-hfb-below-header-display":"","ast-hfb-mobile-header-display":"","site-post-title":"","ast-breadcrumbs-content":"","ast-featured-img":"","footer-sml-layout":"","theme-transparent-header-meta":"","adv-header-id-meta":"","stick-header-meta":"","header-above-stick-meta":"","header-main-stick-meta":"","header-below-stick-meta":""},"pwb-brand":[167],"product_cat":[58],"product_tag":[],"class_list":{"0":"post-36867","1":"product","2":"type-product","3":"status-publish","5":"pwb-brand-mannol","6":"product_cat-vaihteistooljy","7":"desktop-align-left","8":"tablet-align-left","9":"mobile-align-left","11":"first","12":"instock","13":"product-type-external"},"brands":[{"id":167,"name":"MANNOL","slug":"mannol"}],"_links":{"self":[{"href":"https:\/\/www.autonvaraosahaku.fi\/index.php?rest_route=\/wp\/v2\/product\/36867","targetHints":{"allow":["GET"]}}],"collection":[{"href":"https:\/\/www.autonvaraosahaku.fi\/index.php?rest_route=\/wp\/v2\/product"}],"about":[{"href":"https:\/\/www.autonvaraosahaku.fi\/index.php?rest_route=\/wp\/v2\/types\/product"}],"wp:attachment":[{"href":"https:\/\/www.autonvaraosahaku.fi\/index.php?rest_route=%2Fwp%2Fv2%2Fmedia&parent=36867"}],"wp:term":[{"taxonomy":"pwb-brand","embeddable":true,"href":"https:\/\/www.autonvaraosahaku.fi\/index.php?rest_route=%2Fwp%2Fv2%2Fpwb-brand&post=36867"},{"taxonomy":"product_cat","embeddable":true,"href":"https:\/\/www.autonvaraosahaku.fi\/index.php?rest_route=%2Fwp%2Fv2%2Fproduct_cat&post=36867"},{"taxonomy":"product_tag","embeddable":true,"href":"https:\/\/www.autonvaraosahaku.fi\/index.php?rest_route=%2Fwp%2Fv2%2Fproduct_tag&post=36867"}],"curies":[{"name":"wp","href":"https:\/\/api.w.org\/{rel}","templated":true}]}}