{"id":36875,"date":"2021-02-21T16:31:22","date_gmt":"2021-02-21T16:31:22","guid":{"rendered":"https:\/\/www.autonvaraosahaku.fi\/?product=thermotec-d7b034tt-jaahdytin"},"modified":"2021-02-21T16:31:25","modified_gmt":"2021-02-21T16:31:25","slug":"thermotec-d7b034tt-jaahdytin","status":"publish","type":"product","link":"https:\/\/www.autonvaraosahaku.fi\/?product=thermotec-d7b034tt-jaahdytin","title":{"rendered":"THERMOTEC D7B034TT J\u00e4\u00e4hdytin"},"content":{"rendered":"<p>Kennon mitat: 578 x 399 x 26 mm; Varusteet: Autoihin, joissa ilmastointi; J\u00e4\u00e4hdytysjohto: taivutetulla nesteputkella; J\u00e4\u00e4hdytintyyppi: J\u00e4\u00e4hdytysrivat juotetut; J\u00e4hdytysripamateriaali: Alumiini; Matriaali j\u00e4\u00e4hdyttimen s\u00e4ili\u00f6: Muovi; Verkon pituus [mm]: 575; Verkon leveys [mm]: 398; Verkon syvyys [mm]: 26; MINI: MINI R50, R53,MINI Cabriolet R52; 17107509714, 17107570821, 17117570821, 7509714, 7570821, BTP5763; Syyl\u00e4ri,J\u00e4\u00e4hdytin,Moottorin J\u00e4\u00e4hdytys<\/p>\n","protected":false},"excerpt":{"rendered":"<p>THERMOTEC J\u00e4\u00e4hdytin D7B034TT Syyl\u00e4ri,J\u00e4\u00e4hdytin,Moottorin J\u00e4\u00e4hdytys MINI,MINI R50, R53,MINI Cabriolet R52<\/p>\n","protected":false},"featured_media":0,"template":"","meta":{"site-sidebar-layout":"default","site-content-layout":"default","ast-global-header-display":"","ast-main-header-display":"","ast-hfb-above-header-display":"","ast-hfb-below-header-display":"","ast-hfb-mobile-header-display":"","site-post-title":"","ast-breadcrumbs-content":"","ast-featured-img":"","footer-sml-layout":"","theme-transparent-header-meta":"","adv-header-id-meta":"","stick-header-meta":"","header-above-stick-meta":"","header-main-stick-meta":"","header-below-stick-meta":""},"pwb-brand":[427],"product_cat":[421],"product_tag":[],"class_list":{"0":"post-36875","1":"product","2":"type-product","3":"status-publish","5":"pwb-brand-thermotec","6":"product_cat-jaahdytin","7":"desktop-align-left","8":"tablet-align-left","9":"mobile-align-left","11":"first","12":"instock","13":"product-type-external"},"brands":[{"id":427,"name":"THERMOTEC","slug":"thermotec"}],"_links":{"self":[{"href":"https:\/\/www.autonvaraosahaku.fi\/index.php?rest_route=\/wp\/v2\/product\/36875","targetHints":{"allow":["GET"]}}],"collection":[{"href":"https:\/\/www.autonvaraosahaku.fi\/index.php?rest_route=\/wp\/v2\/product"}],"about":[{"href":"https:\/\/www.autonvaraosahaku.fi\/index.php?rest_route=\/wp\/v2\/types\/product"}],"wp:attachment":[{"href":"https:\/\/www.autonvaraosahaku.fi\/index.php?rest_route=%2Fwp%2Fv2%2Fmedia&parent=36875"}],"wp:term":[{"taxonomy":"pwb-brand","embeddable":true,"href":"https:\/\/www.autonvaraosahaku.fi\/index.php?rest_route=%2Fwp%2Fv2%2Fpwb-brand&post=36875"},{"taxonomy":"product_cat","embeddable":true,"href":"https:\/\/www.autonvaraosahaku.fi\/index.php?rest_route=%2Fwp%2Fv2%2Fproduct_cat&post=36875"},{"taxonomy":"product_tag","embeddable":true,"href":"https:\/\/www.autonvaraosahaku.fi\/index.php?rest_route=%2Fwp%2Fv2%2Fproduct_tag&post=36875"}],"curies":[{"name":"wp","href":"https:\/\/api.w.org\/{rel}","templated":true}]}}