{"id":36907,"date":"2021-02-21T16:31:32","date_gmt":"2021-02-21T16:31:32","guid":{"rendered":"https:\/\/www.autonvaraosahaku.fi\/?product=era-550289a-anturit-sensorit"},"modified":"2021-02-21T16:31:33","modified_gmt":"2021-02-21T16:31:33","slug":"era-550289a-anturit-sensorit","status":"publish","type":"product","link":"https:\/\/www.autonvaraosahaku.fi\/?product=era-550289a-anturit-sensorit","title":{"rendered":"ERA 550289A Anturit (sensorit)"},"content":{"rendered":"<p>Keskitt\u00e4misl\u00e4pimitta [mm]: 22,7; Liittimi\u00e4: 3; Moottorinumero: FXDA; FORD: FIESTA V JH_, JD_,FOCUS II Kombi DA_,FIESTA VI,FOCUS Kombi DNW,FOCUS II DA_,FOCUS DAW, DBW,FOCUS C-MAX,FUSION JU_,C-MAX DM2,FOCUS Stufenheck DFW,FOCUS II Stufenheck DA_,FOCUS II Cabriolet,FIESTA V Van,FIESTA VI Van; MAZDA: 2 DY,2 DE; 1062545, 1066383, 1079388, 1085854, 1087548, 98AB9E731AC, 98AB9E731AD, 98AB9E731AE, 98AB9E731AF, 98AB9E731AG, C20221551, C20221551Z01<\/p>\n","protected":false},"excerpt":{"rendered":"<p>ERA Tunnistin Nopeus 550289A  FORD,MAZDA,FIESTA V JH_, JD_,FOCUS II Kombi DA_,FIESTA VI,FOCUS Kombi DNW,FOCUS II DA_,FOCUS DAW, DBW,FOCUS C-MAX<\/p>\n","protected":false},"featured_media":0,"template":"","meta":{"site-sidebar-layout":"default","site-content-layout":"default","ast-global-header-display":"","ast-main-header-display":"","ast-hfb-above-header-display":"","ast-hfb-below-header-display":"","ast-hfb-mobile-header-display":"","site-post-title":"","ast-breadcrumbs-content":"","ast-featured-img":"","footer-sml-layout":"","theme-transparent-header-meta":"","adv-header-id-meta":"","stick-header-meta":"","header-above-stick-meta":"","header-main-stick-meta":"","header-below-stick-meta":""},"pwb-brand":[64],"product_cat":[98],"product_tag":[],"class_list":{"0":"post-36907","1":"product","2":"type-product","3":"status-publish","5":"pwb-brand-era","6":"product_cat-anturit-sensorit","7":"desktop-align-left","8":"tablet-align-left","9":"mobile-align-left","11":"first","12":"instock","13":"product-type-external"},"brands":[{"id":64,"name":"ERA","slug":"era"}],"_links":{"self":[{"href":"https:\/\/www.autonvaraosahaku.fi\/index.php?rest_route=\/wp\/v2\/product\/36907","targetHints":{"allow":["GET"]}}],"collection":[{"href":"https:\/\/www.autonvaraosahaku.fi\/index.php?rest_route=\/wp\/v2\/product"}],"about":[{"href":"https:\/\/www.autonvaraosahaku.fi\/index.php?rest_route=\/wp\/v2\/types\/product"}],"wp:attachment":[{"href":"https:\/\/www.autonvaraosahaku.fi\/index.php?rest_route=%2Fwp%2Fv2%2Fmedia&parent=36907"}],"wp:term":[{"taxonomy":"pwb-brand","embeddable":true,"href":"https:\/\/www.autonvaraosahaku.fi\/index.php?rest_route=%2Fwp%2Fv2%2Fpwb-brand&post=36907"},{"taxonomy":"product_cat","embeddable":true,"href":"https:\/\/www.autonvaraosahaku.fi\/index.php?rest_route=%2Fwp%2Fv2%2Fproduct_cat&post=36907"},{"taxonomy":"product_tag","embeddable":true,"href":"https:\/\/www.autonvaraosahaku.fi\/index.php?rest_route=%2Fwp%2Fv2%2Fproduct_tag&post=36907"}],"curies":[{"name":"wp","href":"https:\/\/api.w.org\/{rel}","templated":true}]}}