{"id":36939,"date":"2021-02-21T16:31:42","date_gmt":"2021-02-21T16:31:42","guid":{"rendered":"https:\/\/www.autonvaraosahaku.fi\/?product=alanko-10901249-turboahdin"},"modified":"2021-02-21T16:31:42","modified_gmt":"2021-02-21T16:31:42","slug":"alanko-10901249-turboahdin","status":"publish","type":"product","link":"https:\/\/www.autonvaraosahaku.fi\/?product=alanko-10901249-turboahdin","title":{"rendered":"ALANKO 10901249 Turboahdin"},"content":{"rendered":"<p>Ahtotapa: Pakokaasuahdin; Huomioi tekniset tiedot: ; Lis\u00e4tarvike\/lis\u00e4tieto: sis. tiivistesarjan; M\u00e4\u00e4r\u00e4yksikk\u00f6: Kappale; Uusi osa: ; OPEL: VIVARO Kasten F7,MOVANO B Kasten,MOVANO B Bus,MOVANO B Pritsche\/Fahrgestell; RENAULT: TRAFIC II Bus JL,MASTER III Kasten FV,MASTER III Bus JV,MASTER III Pritsche\/Fahrgestell EV, HV, UV; NISSAN: PRIMASTAR Kasten X83,NV400 Kasten,NV400 Bus,NV400 Pritsche\/Fahrgestell; 144109364, 144109364R, 1441100Q1M, 144114283, 144114283R, 4420486, 860555, 93168175, 95516205, 144110463R, 8200994301, 8200994301B<\/p>\n","protected":false},"excerpt":{"rendered":"<p>ALANKO Turboahdin 10901249  OPEL,RENAULT,NISSAN,VIVARO Kasten F7,MOVANO B Kasten,MOVANO B Bus,MOVANO B Pritsche\/Fahrgestell,TRAFIC II Bus JL<\/p>\n","protected":false},"featured_media":0,"template":"","meta":{"site-sidebar-layout":"default","site-content-layout":"default","ast-global-header-display":"","ast-main-header-display":"","ast-hfb-above-header-display":"","ast-hfb-below-header-display":"","ast-hfb-mobile-header-display":"","site-post-title":"","ast-breadcrumbs-content":"","ast-featured-img":"","footer-sml-layout":"","theme-transparent-header-meta":"","adv-header-id-meta":"","stick-header-meta":"","header-above-stick-meta":"","header-main-stick-meta":"","header-below-stick-meta":""},"pwb-brand":[324],"product_cat":[250],"product_tag":[],"class_list":{"0":"post-36939","1":"product","2":"type-product","3":"status-publish","5":"pwb-brand-alanko","6":"product_cat-turboahdin","7":"desktop-align-left","8":"tablet-align-left","9":"mobile-align-left","11":"first","12":"instock","13":"product-type-external"},"brands":[{"id":324,"name":"ALANKO","slug":"alanko"}],"_links":{"self":[{"href":"https:\/\/www.autonvaraosahaku.fi\/index.php?rest_route=\/wp\/v2\/product\/36939","targetHints":{"allow":["GET"]}}],"collection":[{"href":"https:\/\/www.autonvaraosahaku.fi\/index.php?rest_route=\/wp\/v2\/product"}],"about":[{"href":"https:\/\/www.autonvaraosahaku.fi\/index.php?rest_route=\/wp\/v2\/types\/product"}],"wp:attachment":[{"href":"https:\/\/www.autonvaraosahaku.fi\/index.php?rest_route=%2Fwp%2Fv2%2Fmedia&parent=36939"}],"wp:term":[{"taxonomy":"pwb-brand","embeddable":true,"href":"https:\/\/www.autonvaraosahaku.fi\/index.php?rest_route=%2Fwp%2Fv2%2Fpwb-brand&post=36939"},{"taxonomy":"product_cat","embeddable":true,"href":"https:\/\/www.autonvaraosahaku.fi\/index.php?rest_route=%2Fwp%2Fv2%2Fproduct_cat&post=36939"},{"taxonomy":"product_tag","embeddable":true,"href":"https:\/\/www.autonvaraosahaku.fi\/index.php?rest_route=%2Fwp%2Fv2%2Fproduct_tag&post=36939"}],"curies":[{"name":"wp","href":"https:\/\/api.w.org\/{rel}","templated":true}]}}