{"id":36949,"date":"2021-02-21T16:31:42","date_gmt":"2021-02-21T16:31:42","guid":{"rendered":"https:\/\/www.autonvaraosahaku.fi\/?product=hella-8ak-355-700-271-kytkinvaijeri"},"modified":"2021-02-21T16:31:44","modified_gmt":"2021-02-21T16:31:44","slug":"hella-8ak-355-700-271-kytkinvaijeri","status":"publish","type":"product","link":"https:\/\/www.autonvaraosahaku.fi\/?product=hella-8ak-355-700-271-kytkinvaijeri","title":{"rendered":"HELLA 8AK 355 700-271 Kytkinvaijeri"},"content":{"rendered":"<p>Pituus 2 (mm): 900; Pituus 1 (mm): 1230; J\u00e4lkis\u00e4\u00e4t\u00f6: Manuaalisella s\u00e4\u00e4d\u00f6ll\u00e4; Paino [kg]: 0,420; Teknisten tietojen numero: AK0027; Alustanumerosta: 5030725; IVECO: DAILY II Pritsche\/Fahrgestell,DAILY II Kasten\/Kombi,DAILY II Bus,DAILY II Kipper; 93809922, 93820871, 93809922, 93820871; Vaijeri, Kytkimen K\u00e4ytt\u00f6<\/p>\n","protected":false},"excerpt":{"rendered":"<p>HELLA Kytkinvaijeri 8AK 355 700-271 Vaijeri, Kytkimen K\u00e4ytt\u00f6 IVECO,DAILY II Pritsche\/Fahrgestell,DAILY II Kasten\/Kombi,DAILY II Bus,DAILY II Kipper<\/p>\n","protected":false},"featured_media":0,"template":"","meta":{"site-sidebar-layout":"default","site-content-layout":"default","ast-global-header-display":"","ast-main-header-display":"","ast-hfb-above-header-display":"","ast-hfb-below-header-display":"","ast-hfb-mobile-header-display":"","site-post-title":"","ast-breadcrumbs-content":"","ast-featured-img":"","footer-sml-layout":"","theme-transparent-header-meta":"","adv-header-id-meta":"","stick-header-meta":"","header-above-stick-meta":"","header-main-stick-meta":"","header-below-stick-meta":""},"pwb-brand":[24],"product_cat":[192],"product_tag":[],"class_list":{"0":"post-36949","1":"product","2":"type-product","3":"status-publish","5":"pwb-brand-hella","6":"product_cat-kytkinvaijeri","7":"desktop-align-left","8":"tablet-align-left","9":"mobile-align-left","11":"first","12":"instock","13":"product-type-external"},"brands":[{"id":24,"name":"HELLA","slug":"hella"}],"_links":{"self":[{"href":"https:\/\/www.autonvaraosahaku.fi\/index.php?rest_route=\/wp\/v2\/product\/36949","targetHints":{"allow":["GET"]}}],"collection":[{"href":"https:\/\/www.autonvaraosahaku.fi\/index.php?rest_route=\/wp\/v2\/product"}],"about":[{"href":"https:\/\/www.autonvaraosahaku.fi\/index.php?rest_route=\/wp\/v2\/types\/product"}],"wp:attachment":[{"href":"https:\/\/www.autonvaraosahaku.fi\/index.php?rest_route=%2Fwp%2Fv2%2Fmedia&parent=36949"}],"wp:term":[{"taxonomy":"pwb-brand","embeddable":true,"href":"https:\/\/www.autonvaraosahaku.fi\/index.php?rest_route=%2Fwp%2Fv2%2Fpwb-brand&post=36949"},{"taxonomy":"product_cat","embeddable":true,"href":"https:\/\/www.autonvaraosahaku.fi\/index.php?rest_route=%2Fwp%2Fv2%2Fproduct_cat&post=36949"},{"taxonomy":"product_tag","embeddable":true,"href":"https:\/\/www.autonvaraosahaku.fi\/index.php?rest_route=%2Fwp%2Fv2%2Fproduct_tag&post=36949"}],"curies":[{"name":"wp","href":"https:\/\/api.w.org\/{rel}","templated":true}]}}