{"id":36951,"date":"2021-02-21T16:31:42","date_gmt":"2021-02-21T16:31:42","guid":{"rendered":"https:\/\/www.autonvaraosahaku.fi\/?product=jp-group-3141300210-pyoranlaakerit"},"modified":"2021-02-21T16:31:44","modified_gmt":"2021-02-21T16:31:44","slug":"jp-group-3141300210-pyoranlaakerit","status":"publish","type":"product","link":"https:\/\/www.autonvaraosahaku.fi\/?product=jp-group-3141300210-pyoranlaakerit","title":{"rendered":"JP GROUP 3141300210 Py\u00f6r\u00e4nlaakerit"},"content":{"rendered":"<p>Asennuspuoli: etuakseli molemminpuoleinen, Vorderachse; Ulkol\u00e4pimitta [mm]: 72; Sis\u00e4l\u00e4pimitta [mm]: 37; Leveys (mm): 33; Jarru-\/ajodynamiikka: Autoihin, joissa ABS; CITRO\u00cbN: C2 JM_,C3 I FC_,DS3,C3 II,C3 Pluriel HB_,DS3 Cabriolet,C2 ENTERPRISE,C-ELYSEE,C4 CACTUS; PEUGEOT: 207 WA_, WC_,207 SW WK_,208,1007 KM_,2008,207 Stufenheck,301,207 Van,208 Kasten; 335072, 335086, 364691, 364791, E268570, 335072, 335086, 335092; Py\u00f6r\u00e4nlaakerisarja<\/p>\n","protected":false},"excerpt":{"rendered":"<p>JP GROUP Py\u00f6r\u00e4nlaakerit JP Group 3141300210 Py\u00f6r\u00e4nlaakerisarja CITRO\u00cbN,PEUGEOT,C2 JM_,C3 I FC_,DS3,C3 II,C3 Pluriel HB_,DS3 Cabriolet,C2 ENTERPRISE<\/p>\n","protected":false},"featured_media":0,"template":"","meta":{"site-sidebar-layout":"default","site-content-layout":"default","ast-global-header-display":"","ast-main-header-display":"","ast-hfb-above-header-display":"","ast-hfb-below-header-display":"","ast-hfb-mobile-header-display":"","site-post-title":"","ast-breadcrumbs-content":"","ast-featured-img":"","footer-sml-layout":"","theme-transparent-header-meta":"","adv-header-id-meta":"","stick-header-meta":"","header-above-stick-meta":"","header-main-stick-meta":"","header-below-stick-meta":""},"pwb-brand":[131],"product_cat":[83],"product_tag":[],"class_list":{"0":"post-36951","1":"product","2":"type-product","3":"status-publish","5":"pwb-brand-jp-group","6":"product_cat-pyoranlaakerit","7":"desktop-align-left","8":"tablet-align-left","9":"mobile-align-left","11":"first","12":"instock","13":"product-type-external"},"brands":[{"id":131,"name":"JP GROUP","slug":"jp-group"}],"_links":{"self":[{"href":"https:\/\/www.autonvaraosahaku.fi\/index.php?rest_route=\/wp\/v2\/product\/36951","targetHints":{"allow":["GET"]}}],"collection":[{"href":"https:\/\/www.autonvaraosahaku.fi\/index.php?rest_route=\/wp\/v2\/product"}],"about":[{"href":"https:\/\/www.autonvaraosahaku.fi\/index.php?rest_route=\/wp\/v2\/types\/product"}],"wp:attachment":[{"href":"https:\/\/www.autonvaraosahaku.fi\/index.php?rest_route=%2Fwp%2Fv2%2Fmedia&parent=36951"}],"wp:term":[{"taxonomy":"pwb-brand","embeddable":true,"href":"https:\/\/www.autonvaraosahaku.fi\/index.php?rest_route=%2Fwp%2Fv2%2Fpwb-brand&post=36951"},{"taxonomy":"product_cat","embeddable":true,"href":"https:\/\/www.autonvaraosahaku.fi\/index.php?rest_route=%2Fwp%2Fv2%2Fproduct_cat&post=36951"},{"taxonomy":"product_tag","embeddable":true,"href":"https:\/\/www.autonvaraosahaku.fi\/index.php?rest_route=%2Fwp%2Fv2%2Fproduct_tag&post=36951"}],"curies":[{"name":"wp","href":"https:\/\/api.w.org\/{rel}","templated":true}]}}