{"id":36976,"date":"2021-02-21T16:31:47","date_gmt":"2021-02-21T16:31:47","guid":{"rendered":"https:\/\/www.autonvaraosahaku.fi\/?product=jp-group-1342102000-iskunvaimennin"},"modified":"2021-02-21T16:31:50","modified_gmt":"2021-02-21T16:31:50","slug":"jp-group-1342102000-iskunvaimennin","status":"publish","type":"product","link":"https:\/\/www.autonvaraosahaku.fi\/?product=jp-group-1342102000-iskunvaimennin","title":{"rendered":"JP GROUP 1342102000 Iskunvaimennin"},"content":{"rendered":"<p>Asennuspuoli: Etuakseli; Iskunvaimennin tyyppi: Kaasupaine; Iskunvaimennusj\u00e4rjestelm\u00e4: Kaksiputki; Alustarakenne: Autoihin ilman Sport-jousitusta, Ajoneuvoille ilman korotettua maavaraa, f\u00fcr Fahrzeuge mit Standard Fahrwerk; Iskunvaimennin malli: Joustintuki; MERCEDES-BENZ: GLK-CLASS X204; 2043230500, 2043230600, 2043230700, 2043231700, 2043231800, 2043231900, 2043232000, 2043234200, A2043230500, A2043230600, A2043230700, A2043231700, A2043231800, A2043231900, A2043232000, A2043234200; Iskarit,Iskunvaimennin<\/p>\n","protected":false},"excerpt":{"rendered":"<p>JP GROUP Iskunvaimentimet JP Group 1342102000 Iskarit,Iskunvaimennin MERCEDES-BENZ,GLK-CLASS X204<\/p>\n","protected":false},"featured_media":0,"template":"","meta":{"site-sidebar-layout":"default","site-content-layout":"default","ast-global-header-display":"","ast-main-header-display":"","ast-hfb-above-header-display":"","ast-hfb-below-header-display":"","ast-hfb-mobile-header-display":"","site-post-title":"","ast-breadcrumbs-content":"","ast-featured-img":"","footer-sml-layout":"","theme-transparent-header-meta":"","adv-header-id-meta":"","stick-header-meta":"","header-above-stick-meta":"","header-main-stick-meta":"","header-below-stick-meta":""},"pwb-brand":[131],"product_cat":[80],"product_tag":[],"class_list":{"0":"post-36976","1":"product","2":"type-product","3":"status-publish","5":"pwb-brand-jp-group","6":"product_cat-iskunvaimennin","7":"desktop-align-left","8":"tablet-align-left","9":"mobile-align-left","11":"first","12":"instock","13":"product-type-external"},"brands":[{"id":131,"name":"JP GROUP","slug":"jp-group"}],"_links":{"self":[{"href":"https:\/\/www.autonvaraosahaku.fi\/index.php?rest_route=\/wp\/v2\/product\/36976","targetHints":{"allow":["GET"]}}],"collection":[{"href":"https:\/\/www.autonvaraosahaku.fi\/index.php?rest_route=\/wp\/v2\/product"}],"about":[{"href":"https:\/\/www.autonvaraosahaku.fi\/index.php?rest_route=\/wp\/v2\/types\/product"}],"wp:attachment":[{"href":"https:\/\/www.autonvaraosahaku.fi\/index.php?rest_route=%2Fwp%2Fv2%2Fmedia&parent=36976"}],"wp:term":[{"taxonomy":"pwb-brand","embeddable":true,"href":"https:\/\/www.autonvaraosahaku.fi\/index.php?rest_route=%2Fwp%2Fv2%2Fpwb-brand&post=36976"},{"taxonomy":"product_cat","embeddable":true,"href":"https:\/\/www.autonvaraosahaku.fi\/index.php?rest_route=%2Fwp%2Fv2%2Fproduct_cat&post=36976"},{"taxonomy":"product_tag","embeddable":true,"href":"https:\/\/www.autonvaraosahaku.fi\/index.php?rest_route=%2Fwp%2Fv2%2Fproduct_tag&post=36976"}],"curies":[{"name":"wp","href":"https:\/\/api.w.org\/{rel}","templated":true}]}}