{"id":36977,"date":"2021-02-21T16:31:47","date_gmt":"2021-02-21T16:31:47","guid":{"rendered":"https:\/\/www.autonvaraosahaku.fi\/?product=quaro-qd3403-jarrulevyt"},"modified":"2021-02-21T16:31:50","modified_gmt":"2021-02-21T16:31:50","slug":"quaro-qd3403-jarrulevyt","status":"publish","type":"product","link":"https:\/\/www.autonvaraosahaku.fi\/?product=quaro-qd3403-jarrulevyt","title":{"rendered":"QUARO QD3403 Jarrulevyt"},"content":{"rendered":"<p>Jarrulevytyyppi: Tuuletettu, sis\u00e4; Ulkol\u00e4pimitta [mm]: 280; Jarrulevyn paksuus (mm): 24,1; V\u00e4himm\u00e4ispaksuus (mm): 21,9; Korkeus (mm): 67,6; Reik\u00e4kuvio\/-m\u00e4\u00e4r\u00e4: 05\/10; Reik\u00e4ympyr\u00e4-\u00d8 [mm]: 118,0; keskitt\u00e4misl\u00e4pimitta [mm]: 73,0; Paino [kg]: 7,2; Korvaava tuote\/korvaava tiedote 2: Ilman py\u00f6r\u00e4nnapaa, Ilman py\u00f6r\u00e4nkiinnityspultteja; Pinta: pinnoitettu; Pakkauspituus [cm]: 31,5; Pakkausleveys [cm]: 30; Pakkauskorkeus [mm]: 16, 16; Asennuspuoli: Vorderachse; FIAT: DUCATO Kasten 250,DUCATO Pritsche\/Fahrgestell 250,DUCATO Pritsche\/Fahrgestell 230,DUCATO Bus 250,DUCATO Bus 230,DUCATO Kasten 244,DUCATO Pritsche\/Fahrgestell 244,DUCATO Kasten 230L,DUCATO Bus 244, Z_; CITRO\u00cbN: JUMPER Kasten,JUMPER Kasten 244,JUMPER Bus,JUMPER Pritsche\/Fahrgestell,JUMPER Kasten 230L,JUMPER Bus 244, Z_,JUMPER Bus 230P,JUMPER Pritsche\/Fahrgestell 244,JUMPER Pritsche\/Fahrgestell 230; PEUGEOT: BOXER Kasten,BOXER Kasten 230L,BOXER Kasten 244,BOXER Bus,BOXER Pritsche\/Fahrgestell,BOXER Bus 230P,BOXER Bus 244, Z_,BOXER Pritsche\/Fahrgestell ZCT_,BOXER Pritsche\/Fahrgestell 244; 1607872080, 1618878280, 4246L2, 4246L3, 4246L4, 4246X9, 4246Y1, 424827, 424926, 424927, 424999, 4249E2, 4249G3, 4249H8, 4249K3, 46806233, E169019, 1300501080, 1341044080, 51728377, 51740244, 51848618, 51848619, 71738905, 71772817, 1606400980, 1607872080, 1618878280, 4246L2, 4246L4, 4246X9, 4246Y1, 424926, 424999, 4249E2, 4249H8, 4249K3, 46806233, E169019; Jarrulevy<\/p>\n","protected":false},"excerpt":{"rendered":"<p>QUARO Jarrulevyt QD3403 Jarrulevy FIAT,CITRO\u00cbN,PEUGEOT,DUCATO Kasten 250,DUCATO Pritsche\/Fahrgestell 250,DUCATO Pritsche\/Fahrgestell 230<\/p>\n","protected":false},"featured_media":0,"template":"","meta":{"site-sidebar-layout":"default","site-content-layout":"default","ast-global-header-display":"","ast-main-header-display":"","ast-hfb-above-header-display":"","ast-hfb-below-header-display":"","ast-hfb-mobile-header-display":"","site-post-title":"","ast-breadcrumbs-content":"","ast-featured-img":"","footer-sml-layout":"","theme-transparent-header-meta":"","adv-header-id-meta":"","stick-header-meta":"","header-above-stick-meta":"","header-main-stick-meta":"","header-below-stick-meta":""},"pwb-brand":[464],"product_cat":[66],"product_tag":[],"class_list":{"0":"post-36977","1":"product","2":"type-product","3":"status-publish","5":"pwb-brand-quaro","6":"product_cat-jarrulevyt","7":"desktop-align-left","8":"tablet-align-left","9":"mobile-align-left","11":"first","12":"instock","13":"product-type-external"},"brands":[{"id":464,"name":"QUARO","slug":"quaro"}],"_links":{"self":[{"href":"https:\/\/www.autonvaraosahaku.fi\/index.php?rest_route=\/wp\/v2\/product\/36977","targetHints":{"allow":["GET"]}}],"collection":[{"href":"https:\/\/www.autonvaraosahaku.fi\/index.php?rest_route=\/wp\/v2\/product"}],"about":[{"href":"https:\/\/www.autonvaraosahaku.fi\/index.php?rest_route=\/wp\/v2\/types\/product"}],"wp:attachment":[{"href":"https:\/\/www.autonvaraosahaku.fi\/index.php?rest_route=%2Fwp%2Fv2%2Fmedia&parent=36977"}],"wp:term":[{"taxonomy":"pwb-brand","embeddable":true,"href":"https:\/\/www.autonvaraosahaku.fi\/index.php?rest_route=%2Fwp%2Fv2%2Fpwb-brand&post=36977"},{"taxonomy":"product_cat","embeddable":true,"href":"https:\/\/www.autonvaraosahaku.fi\/index.php?rest_route=%2Fwp%2Fv2%2Fproduct_cat&post=36977"},{"taxonomy":"product_tag","embeddable":true,"href":"https:\/\/www.autonvaraosahaku.fi\/index.php?rest_route=%2Fwp%2Fv2%2Fproduct_tag&post=36977"}],"curies":[{"name":"wp","href":"https:\/\/api.w.org\/{rel}","templated":true}]}}