{"id":36989,"date":"2021-02-21T16:31:52","date_gmt":"2021-02-21T16:31:52","guid":{"rendered":"https:\/\/www.autonvaraosahaku.fi\/?product=prasco-vn8341-lammityslaitteen-puhallin"},"modified":"2021-02-21T16:31:54","modified_gmt":"2021-02-21T16:31:54","slug":"prasco-vn8341-lammityslaitteen-puhallin","status":"publish","type":"product","link":"https:\/\/www.autonvaraosahaku.fi\/?product=prasco-vn8341-lammityslaitteen-puhallin","title":{"rendered":"PRASCO VN8341 L\u00e4mmityslaitteen puhallin"},"content":{"rendered":"<p>J\u00e4nnite (V): 12; Valmistaja rajaus: Bosch; L\u00e4pimitta 1 [mm]: 149; Materiaali: Muovi; Vasen \/ oikea liikenne: f\u00fcr Linkslenker; VW: GOLF V 1K1,TOURAN 1T1, 1T2,GOLF VI 5K1,PASSAT Variant 3C5,GOLF PLUS 5M1, 521,PASSAT 3C2,TIGUAN 5N_,PASSAT Variant 365,CADDY III Kombi 2KB, 2KJ, 2CB, 2CJ,TOURAN 1T3,GOLF VI Variant AJ5,GOLF V Variant 1K5,CADDY III Kasten 2KA, 2KH, 2CA, 2CH,EOS 1F7, 1F8,SCIROCCO 137, 138,PASSAT CC 357,SHARAN 7N1, 7N2,JETTA III 1K2,PASSAT 362,CC 358,GOLF VI Cabriolet 517,JETTA IV 162, 163,PASSAT ALLTRACK 365,PASSAT A32; AUDI: A3 8P1,A3 Sportback 8PA,TT 8J3,Q3 8U,TT Roadster 8J9,A3 Cabriolet 8P7; SKODA: OCTAVIA Combi 1Z5,YETI 5L,SUPERB Kombi 3T5,OCTAVIA 1Z3,SUPERB 3T4; SEAT: LEON 1P1,ALTEA 5P1,ALTEA XL 5P5, 5P8,ALHAMBRA 710, 711,TOLEDO III 5P2; 1K1820015, 1K1820015A, 1K1820015C, 1K1820015E, 1K1820015F, 1K1820015G, 1K1820015J, 1K1820015L, 1K1820015, 1K1820015A, 1K1820015C, 1K1820015F, 1K1820015G, 1K1820015J, 1K1820015L, 1K1820015, 1K1820015A, 1K1820015C, 1K1820015E, 1K1820015F, 1K1820015G, 1K1820015J, 1K1820015L, 3C1820015AA, 3C1820015M, 3C1820015Q, 1K1819015D, 1K1820015, 1K1820015A, 1K1820015C, 1K1820015D, 1K1820015E, 1K1820015F, 1K1820015G, 1K1820015J, 1K1820015L, 3C1820015AA, 3C1820015K, 3C1820015M, 3C1820015P, 3C1820015Q, 3C1820015R<\/p>\n","protected":false},"excerpt":{"rendered":"<p>PRASCO S\u00e4hk\u00f6moottori, Sis\u00e4tilanpuhallin VN8341  VW,AUDI,SKODA,GOLF V 1K1,TOURAN 1T1, 1T2,GOLF VI 5K1,PASSAT Variant 3C5,GOLF PLUS 5M1, 521,PASSAT 3C2<\/p>\n","protected":false},"featured_media":0,"template":"","meta":{"site-sidebar-layout":"default","site-content-layout":"default","ast-global-header-display":"","ast-main-header-display":"","ast-hfb-above-header-display":"","ast-hfb-below-header-display":"","ast-hfb-mobile-header-display":"","site-post-title":"","ast-breadcrumbs-content":"","ast-featured-img":"","footer-sml-layout":"","theme-transparent-header-meta":"","adv-header-id-meta":"","stick-header-meta":"","header-above-stick-meta":"","header-main-stick-meta":"","header-below-stick-meta":""},"pwb-brand":[406],"product_cat":[86],"product_tag":[],"class_list":{"0":"post-36989","1":"product","2":"type-product","3":"status-publish","5":"pwb-brand-prasco","6":"product_cat-lammityslaitteen-puhallin","7":"desktop-align-left","8":"tablet-align-left","9":"mobile-align-left","11":"first","12":"instock","13":"product-type-external"},"brands":[{"id":406,"name":"PRASCO","slug":"prasco"}],"_links":{"self":[{"href":"https:\/\/www.autonvaraosahaku.fi\/index.php?rest_route=\/wp\/v2\/product\/36989","targetHints":{"allow":["GET"]}}],"collection":[{"href":"https:\/\/www.autonvaraosahaku.fi\/index.php?rest_route=\/wp\/v2\/product"}],"about":[{"href":"https:\/\/www.autonvaraosahaku.fi\/index.php?rest_route=\/wp\/v2\/types\/product"}],"wp:attachment":[{"href":"https:\/\/www.autonvaraosahaku.fi\/index.php?rest_route=%2Fwp%2Fv2%2Fmedia&parent=36989"}],"wp:term":[{"taxonomy":"pwb-brand","embeddable":true,"href":"https:\/\/www.autonvaraosahaku.fi\/index.php?rest_route=%2Fwp%2Fv2%2Fpwb-brand&post=36989"},{"taxonomy":"product_cat","embeddable":true,"href":"https:\/\/www.autonvaraosahaku.fi\/index.php?rest_route=%2Fwp%2Fv2%2Fproduct_cat&post=36989"},{"taxonomy":"product_tag","embeddable":true,"href":"https:\/\/www.autonvaraosahaku.fi\/index.php?rest_route=%2Fwp%2Fv2%2Fproduct_tag&post=36989"}],"curies":[{"name":"wp","href":"https:\/\/api.w.org\/{rel}","templated":true}]}}