{"id":37044,"date":"2021-02-21T16:32:07","date_gmt":"2021-02-21T16:32:07","guid":{"rendered":"https:\/\/www.autonvaraosahaku.fi\/?product=monroe-l15400-muut-luokat"},"modified":"2021-02-21T16:32:08","modified_gmt":"2021-02-21T16:32:08","slug":"monroe-l15400-muut-luokat","status":"publish","type":"product","link":"https:\/\/www.autonvaraosahaku.fi\/?product=monroe-l15400-muut-luokat","title":{"rendered":"MONROE L15400 Muut luokat"},"content":{"rendered":"<p>Paino [kg]: 0,900; Tarvittava kappalem\u00e4\u00e4r\u00e4: 2; Pakkauspituus [cm]: 31; Pakkausleveys [cm]: 8; Pakkauskorkeus [mm]: 4; Asennuspuoli: Hinterachse; LANCIA: DELTA II 836; FIAT: COUPE FA\/175,MULTIPLA 186,BRAVO I 182,BRAVA 182,MAREA Weekend 185,PALIO Weekend 178DX,TIPO 160,MAREA 185,TEMPRA 159,TEMPRA S.W. 159,PALIO 178BX,SIENA 178_; ALFA ROMEO: SPIDER 916S_,GTV 916C_,145 930,155 167,146 930; 46459723, 46459724, 46519897, 60812550, 60812551, 60812886, 60812887, 46408931, 46408932, 46409095, 46409096, 46459719, 46459720, 46459723, 46459724, 46519893; Korjaussarja, Poikittaistukivarsi<\/p>\n","protected":false},"excerpt":{"rendered":"<p>MONROE Alatukivarren Korjaussarja L15400 Korjaussarja, Poikittaistukivarsi LANCIA,FIAT,ALFA ROMEO,DELTA II 836,COUPE FA\/175,MULTIPLA 186,BRAVO I 182<\/p>\n","protected":false},"featured_media":0,"template":"","meta":{"site-sidebar-layout":"default","site-content-layout":"default","ast-global-header-display":"","ast-main-header-display":"","ast-hfb-above-header-display":"","ast-hfb-below-header-display":"","ast-hfb-mobile-header-display":"","site-post-title":"","ast-breadcrumbs-content":"","ast-featured-img":"","footer-sml-layout":"","theme-transparent-header-meta":"","adv-header-id-meta":"","stick-header-meta":"","header-above-stick-meta":"","header-main-stick-meta":"","header-below-stick-meta":""},"pwb-brand":[79],"product_cat":[37],"product_tag":[],"class_list":{"0":"post-37044","1":"product","2":"type-product","3":"status-publish","5":"pwb-brand-monroe","6":"product_cat-muut-luokat","7":"desktop-align-left","8":"tablet-align-left","9":"mobile-align-left","11":"first","12":"instock","13":"product-type-external"},"brands":[{"id":79,"name":"MONROE","slug":"monroe"}],"_links":{"self":[{"href":"https:\/\/www.autonvaraosahaku.fi\/index.php?rest_route=\/wp\/v2\/product\/37044","targetHints":{"allow":["GET"]}}],"collection":[{"href":"https:\/\/www.autonvaraosahaku.fi\/index.php?rest_route=\/wp\/v2\/product"}],"about":[{"href":"https:\/\/www.autonvaraosahaku.fi\/index.php?rest_route=\/wp\/v2\/types\/product"}],"wp:attachment":[{"href":"https:\/\/www.autonvaraosahaku.fi\/index.php?rest_route=%2Fwp%2Fv2%2Fmedia&parent=37044"}],"wp:term":[{"taxonomy":"pwb-brand","embeddable":true,"href":"https:\/\/www.autonvaraosahaku.fi\/index.php?rest_route=%2Fwp%2Fv2%2Fpwb-brand&post=37044"},{"taxonomy":"product_cat","embeddable":true,"href":"https:\/\/www.autonvaraosahaku.fi\/index.php?rest_route=%2Fwp%2Fv2%2Fproduct_cat&post=37044"},{"taxonomy":"product_tag","embeddable":true,"href":"https:\/\/www.autonvaraosahaku.fi\/index.php?rest_route=%2Fwp%2Fv2%2Fproduct_tag&post=37044"}],"curies":[{"name":"wp","href":"https:\/\/api.w.org\/{rel}","templated":true}]}}