{"id":37087,"date":"2021-02-21T16:32:17","date_gmt":"2021-02-21T16:32:17","guid":{"rendered":"https:\/\/www.autonvaraosahaku.fi\/?product=meat-doria-k106013-lammityslaitteen-puhaltimen-vastus"},"modified":"2021-02-21T16:32:18","modified_gmt":"2021-02-21T16:32:18","slug":"meat-doria-k106013-lammityslaitteen-puhaltimen-vastus","status":"publish","type":"product","link":"https:\/\/www.autonvaraosahaku.fi\/?product=meat-doria-k106013-lammityslaitteen-puhaltimen-vastus","title":{"rendered":"MEAT &#038; DORIA K106013 L\u00e4mmityslaitteen puhaltimen vastus"},"content":{"rendered":"<p>OE-numerolle: 2038218651; Napojen m\u00e4\u00e4r\u00e4: 6; VW: VENTO 1H2; MERCEDES-BENZ: C-CLASS W203,E-CLASS W211,C-CLASS T-Model S203,E-CLASS T-Model S211,C-CLASS Coupe CL203,SLK R171,CLK C209,S-CLASS W220,SL R230,CLK Cabriolet A209,CLC-CLASS CL203,S-CLASS Coupe C215; 2038214058, 2038218651, 2208210951, 2308210251, 2308216351, 2308216451, A2038214058, A2038218651, A2208210951, A2308210251, A2308216351, A2308216451<\/p>\n","protected":false},"excerpt":{"rendered":"<p>MEAT &#038; DORIA S\u00e4\u00e4din, Sis\u00e4valaistus K106013  VW,MERCEDES-BENZ,VENTO 1H2,C-CLASS W203,E-CLASS W211,C-CLASS T-Model S203,E-CLASS T-Model S211<\/p>\n","protected":false},"featured_media":0,"template":"","meta":{"site-sidebar-layout":"default","site-content-layout":"default","ast-global-header-display":"","ast-main-header-display":"","ast-hfb-above-header-display":"","ast-hfb-below-header-display":"","ast-hfb-mobile-header-display":"","site-post-title":"","ast-breadcrumbs-content":"","ast-featured-img":"","footer-sml-layout":"","theme-transparent-header-meta":"","adv-header-id-meta":"","stick-header-meta":"","header-above-stick-meta":"","header-main-stick-meta":"","header-below-stick-meta":""},"pwb-brand":[448],"product_cat":[134],"product_tag":[],"class_list":{"0":"post-37087","1":"product","2":"type-product","3":"status-publish","5":"pwb-brand-meat-doria","6":"product_cat-lammityslaitteen-puhaltimen-vastus","7":"desktop-align-left","8":"tablet-align-left","9":"mobile-align-left","11":"first","12":"instock","13":"product-type-external"},"brands":[{"id":448,"name":"MEAT &amp; DORIA","slug":"meat-doria"}],"_links":{"self":[{"href":"https:\/\/www.autonvaraosahaku.fi\/index.php?rest_route=\/wp\/v2\/product\/37087","targetHints":{"allow":["GET"]}}],"collection":[{"href":"https:\/\/www.autonvaraosahaku.fi\/index.php?rest_route=\/wp\/v2\/product"}],"about":[{"href":"https:\/\/www.autonvaraosahaku.fi\/index.php?rest_route=\/wp\/v2\/types\/product"}],"wp:attachment":[{"href":"https:\/\/www.autonvaraosahaku.fi\/index.php?rest_route=%2Fwp%2Fv2%2Fmedia&parent=37087"}],"wp:term":[{"taxonomy":"pwb-brand","embeddable":true,"href":"https:\/\/www.autonvaraosahaku.fi\/index.php?rest_route=%2Fwp%2Fv2%2Fpwb-brand&post=37087"},{"taxonomy":"product_cat","embeddable":true,"href":"https:\/\/www.autonvaraosahaku.fi\/index.php?rest_route=%2Fwp%2Fv2%2Fproduct_cat&post=37087"},{"taxonomy":"product_tag","embeddable":true,"href":"https:\/\/www.autonvaraosahaku.fi\/index.php?rest_route=%2Fwp%2Fv2%2Fproduct_tag&post=37087"}],"curies":[{"name":"wp","href":"https:\/\/api.w.org\/{rel}","templated":true}]}}