{"id":37148,"date":"2021-02-21T16:32:32","date_gmt":"2021-02-21T16:32:32","guid":{"rendered":"https:\/\/www.autonvaraosahaku.fi\/?product=ridex-2s0090-starttimoottori"},"modified":"2021-02-21T16:32:33","modified_gmt":"2021-02-21T16:32:33","slug":"ridex-2s0090-starttimoottori","status":"publish","type":"product","link":"https:\/\/www.autonvaraosahaku.fi\/?product=ridex-2s0090-starttimoottori","title":{"rendered":"RIDEX 2S0090 Starttimoottori"},"content":{"rendered":"<p>J\u00e4nnite (V): 12; Hammasluku: 9; K\u00e4ynnistinmoottori teho (kW): 1,1; Pistokemallin tunnus: B+(M8)\/50(Jet), Plug; Teho (kW): 1,1; Py\u00f6rimissuunta: Py\u00f6rimissuunta my\u00f6t\u00e4p\u00e4iv\u00e4\u00e4n; M\u00e4\u00e4r\u00e4yksikk\u00f6: Kappale; Laippa \u00d8(mm): 82,5; Pistokkeen kotelon muoto: Kulmikas; kierrereiki\u00e4 [kpl]: 2; Kiinnitysreikien lukum\u00e4\u00e4r\u00e4: 4; Valmistusvuosi alkaen: 01\/1998; VW: POLO 9N_,LUPO 6X1, 6E1,GOLF III 1H1,POLO 6N2,POLO 6N1,GOLF III Variant 1H5,POLO 86C, 80,POLO Coupe 86C, 80,CADDY II Kasten 9K9A,POLO Variant 6KV5,POLO CLASSIC 6KV2,VENTO 1H2,POLO Kasten 6NF,CADDY II Kombi 9K9B,CADDY II Pick-up 9U7,DERBY 86C, 80; SEAT: AROSA 6H,ALHAMBRA 7V8, 7V9,IBIZA II 6K1,CORDOBA 6K1, 6K2,CORDOBA Vario 6K1,INCA 6K9; FORD: FOCUS Kombi DNW; 036911023Q, 036911023QX, 036911023S, 036911023SX, 036911025B, 085911023B, 085911023BX, 085911023E, 085911023J; Startti,K\u00e4ynnistinmoottori<\/p>\n","protected":false},"excerpt":{"rendered":"<p>RIDEX Starttimoottori 2S0090 Startti,K\u00e4ynnistinmoottori VW,SEAT,FORD,POLO 9N_,LUPO 6X1, 6E1,GOLF III 1H1,POLO 6N2,POLO 6N1,GOLF III Variant 1H5<\/p>\n","protected":false},"featured_media":0,"template":"","meta":{"site-sidebar-layout":"default","site-content-layout":"default","ast-global-header-display":"","ast-main-header-display":"","ast-hfb-above-header-display":"","ast-hfb-below-header-display":"","ast-hfb-mobile-header-display":"","site-post-title":"","ast-breadcrumbs-content":"","ast-featured-img":"","footer-sml-layout":"","theme-transparent-header-meta":"","adv-header-id-meta":"","stick-header-meta":"","header-above-stick-meta":"","header-main-stick-meta":"","header-below-stick-meta":""},"pwb-brand":[157],"product_cat":[295],"product_tag":[],"class_list":{"0":"post-37148","1":"product","2":"type-product","3":"status-publish","5":"pwb-brand-ridex","6":"product_cat-starttimoottori","7":"desktop-align-left","8":"tablet-align-left","9":"mobile-align-left","11":"first","12":"instock","13":"product-type-external"},"brands":[{"id":157,"name":"RIDEX","slug":"ridex"}],"_links":{"self":[{"href":"https:\/\/www.autonvaraosahaku.fi\/index.php?rest_route=\/wp\/v2\/product\/37148","targetHints":{"allow":["GET"]}}],"collection":[{"href":"https:\/\/www.autonvaraosahaku.fi\/index.php?rest_route=\/wp\/v2\/product"}],"about":[{"href":"https:\/\/www.autonvaraosahaku.fi\/index.php?rest_route=\/wp\/v2\/types\/product"}],"wp:attachment":[{"href":"https:\/\/www.autonvaraosahaku.fi\/index.php?rest_route=%2Fwp%2Fv2%2Fmedia&parent=37148"}],"wp:term":[{"taxonomy":"pwb-brand","embeddable":true,"href":"https:\/\/www.autonvaraosahaku.fi\/index.php?rest_route=%2Fwp%2Fv2%2Fpwb-brand&post=37148"},{"taxonomy":"product_cat","embeddable":true,"href":"https:\/\/www.autonvaraosahaku.fi\/index.php?rest_route=%2Fwp%2Fv2%2Fproduct_cat&post=37148"},{"taxonomy":"product_tag","embeddable":true,"href":"https:\/\/www.autonvaraosahaku.fi\/index.php?rest_route=%2Fwp%2Fv2%2Fproduct_tag&post=37148"}],"curies":[{"name":"wp","href":"https:\/\/api.w.org\/{rel}","templated":true}]}}