{"id":37161,"date":"2021-02-21T16:32:37","date_gmt":"2021-02-21T16:32:37","guid":{"rendered":"https:\/\/www.autonvaraosahaku.fi\/?product=kyb-ra7068-jouset"},"modified":"2021-02-21T16:32:37","modified_gmt":"2021-02-21T16:32:37","slug":"kyb-ra7068-jouset","status":"publish","type":"product","link":"https:\/\/www.autonvaraosahaku.fi\/?product=kyb-ra7068-jouset","title":{"rendered":"KYB RA7068 Jouset"},"content":{"rendered":"<p>Asennuspuoli: Taka-akseli; Tunnusluku: E; Jousimalli: Kierrejousi; Paino [kg]: 2,6; Paksuus 1 [mm]: 13,2; Ulkol\u00e4pimitta [mm]: 121; Pituus (mm): 377; Tuotelinja: K-Flex; Varusteet: f\u00fcr Fahrzeuge mit Anh\u00e4ngevorrichtung; BMW: X3 F25,X4 F26; 33536787203; Kierrejousi<\/p>\n","protected":false},"excerpt":{"rendered":"<p>KYB Jousi K-Flex RA7068 Kierrejousi BMW,X3 F25,X4 F26<\/p>\n","protected":false},"featured_media":0,"template":"","meta":{"site-sidebar-layout":"default","site-content-layout":"default","ast-global-header-display":"","ast-main-header-display":"","ast-hfb-above-header-display":"","ast-hfb-below-header-display":"","ast-hfb-mobile-header-display":"","site-post-title":"","ast-breadcrumbs-content":"","ast-featured-img":"","footer-sml-layout":"","theme-transparent-header-meta":"","adv-header-id-meta":"","stick-header-meta":"","header-above-stick-meta":"","header-main-stick-meta":"","header-below-stick-meta":""},"pwb-brand":[226],"product_cat":[171],"product_tag":[],"class_list":{"0":"post-37161","1":"product","2":"type-product","3":"status-publish","5":"pwb-brand-kyb","6":"product_cat-jouset","7":"desktop-align-left","8":"tablet-align-left","9":"mobile-align-left","11":"first","12":"instock","13":"product-type-external"},"brands":[{"id":226,"name":"KYB","slug":"kyb"}],"_links":{"self":[{"href":"https:\/\/www.autonvaraosahaku.fi\/index.php?rest_route=\/wp\/v2\/product\/37161","targetHints":{"allow":["GET"]}}],"collection":[{"href":"https:\/\/www.autonvaraosahaku.fi\/index.php?rest_route=\/wp\/v2\/product"}],"about":[{"href":"https:\/\/www.autonvaraosahaku.fi\/index.php?rest_route=\/wp\/v2\/types\/product"}],"wp:attachment":[{"href":"https:\/\/www.autonvaraosahaku.fi\/index.php?rest_route=%2Fwp%2Fv2%2Fmedia&parent=37161"}],"wp:term":[{"taxonomy":"pwb-brand","embeddable":true,"href":"https:\/\/www.autonvaraosahaku.fi\/index.php?rest_route=%2Fwp%2Fv2%2Fpwb-brand&post=37161"},{"taxonomy":"product_cat","embeddable":true,"href":"https:\/\/www.autonvaraosahaku.fi\/index.php?rest_route=%2Fwp%2Fv2%2Fproduct_cat&post=37161"},{"taxonomy":"product_tag","embeddable":true,"href":"https:\/\/www.autonvaraosahaku.fi\/index.php?rest_route=%2Fwp%2Fv2%2Fproduct_tag&post=37161"}],"curies":[{"name":"wp","href":"https:\/\/api.w.org\/{rel}","templated":true}]}}