{"id":37187,"date":"2021-02-21T16:32:41","date_gmt":"2021-02-21T16:32:41","guid":{"rendered":"https:\/\/www.autonvaraosahaku.fi\/?product=topran-723-608-oljypumppu"},"modified":"2021-02-21T16:32:43","modified_gmt":"2021-02-21T16:32:43","slug":"topran-723-608-oljypumppu","status":"publish","type":"product","link":"https:\/\/www.autonvaraosahaku.fi\/?product=topran-723-608-oljypumppu","title":{"rendered":"TOPRAN 723 608 \u00d6ljypumppu"},"content":{"rendered":"<p>Hammasluku: 32; Kotelomalli: Alumiinikoppa; Korvaava tuote\/korvaava tiedote 2: Hammaspy\u00f6r\u00e4ll\u00e4; Huomioi j\u00e4rjestelm\u00e4-t\u00e4ytt\u00f6m\u00e4\u00e4r\u00e4: ; Vaihteistomalli: Schaltgetriebe 6 Gang; LAND ROVER: DEFENDER Station Wagon LD,DEFENDER Pick-up LD_,DEFENDER Pritsche\/Fahrgestell LD; FORD: TRANSIT MK-7 Kasten,TRANSIT MK-7 Bus,TRANSIT Kasten FA_ _,TRANSIT Bus FD_ _, FB_ _, FS_ _, FZ_ _, FC_ _,TRANSIT MK-7 Pritsche\/Fahrgestell,TRANSIT Pritsche\/Fahrgestell FM_ _, FN_ _; CITRO\u00cbN: JUMPER Kasten,JUMPER Bus,JUMPER Pritsche\/Fahrgestell; PEUGEOT: BOXER Kasten,BOXER Bus,BOXER Pritsche\/Fahrgestell; 1001E9, 1096255, 1112956, 1117948, 1134856, 1146956, 1355193, 1456884, 1C1Q6600CC, 1C1Q6600CD, 1C1Q6600CE, 1C1Q6600CF, 1C1Q6600CG, YC1Q6600CB, LR004392, LR004868, 1001E9<\/p>\n","protected":false},"excerpt":{"rendered":"<p>TOPRAN \u00d6ljypumppu 723 608  LAND ROVER,FORD,CITRO\u00cbN,DEFENDER Station Wagon LD,DEFENDER Pick-up LD_,DEFENDER Pritsche\/Fahrgestell LD,TRANSIT MK-7 Kasten<\/p>\n","protected":false},"featured_media":0,"template":"","meta":{"site-sidebar-layout":"default","site-content-layout":"default","ast-global-header-display":"","ast-main-header-display":"","ast-hfb-above-header-display":"","ast-hfb-below-header-display":"","ast-hfb-mobile-header-display":"","site-post-title":"","ast-breadcrumbs-content":"","ast-featured-img":"","footer-sml-layout":"","theme-transparent-header-meta":"","adv-header-id-meta":"","stick-header-meta":"","header-above-stick-meta":"","header-main-stick-meta":"","header-below-stick-meta":""},"pwb-brand":[18],"product_cat":[447],"product_tag":[],"class_list":{"0":"post-37187","1":"product","2":"type-product","3":"status-publish","5":"pwb-brand-topran","6":"product_cat-oljypumppu","7":"desktop-align-left","8":"tablet-align-left","9":"mobile-align-left","11":"first","12":"instock","13":"product-type-external"},"brands":[{"id":18,"name":"TOPRAN","slug":"topran"}],"_links":{"self":[{"href":"https:\/\/www.autonvaraosahaku.fi\/index.php?rest_route=\/wp\/v2\/product\/37187","targetHints":{"allow":["GET"]}}],"collection":[{"href":"https:\/\/www.autonvaraosahaku.fi\/index.php?rest_route=\/wp\/v2\/product"}],"about":[{"href":"https:\/\/www.autonvaraosahaku.fi\/index.php?rest_route=\/wp\/v2\/types\/product"}],"wp:attachment":[{"href":"https:\/\/www.autonvaraosahaku.fi\/index.php?rest_route=%2Fwp%2Fv2%2Fmedia&parent=37187"}],"wp:term":[{"taxonomy":"pwb-brand","embeddable":true,"href":"https:\/\/www.autonvaraosahaku.fi\/index.php?rest_route=%2Fwp%2Fv2%2Fpwb-brand&post=37187"},{"taxonomy":"product_cat","embeddable":true,"href":"https:\/\/www.autonvaraosahaku.fi\/index.php?rest_route=%2Fwp%2Fv2%2Fproduct_cat&post=37187"},{"taxonomy":"product_tag","embeddable":true,"href":"https:\/\/www.autonvaraosahaku.fi\/index.php?rest_route=%2Fwp%2Fv2%2Fproduct_tag&post=37187"}],"curies":[{"name":"wp","href":"https:\/\/api.w.org\/{rel}","templated":true}]}}