{"id":37190,"date":"2021-02-21T16:32:41","date_gmt":"2021-02-21T16:32:41","guid":{"rendered":"https:\/\/www.autonvaraosahaku.fi\/?product=maxgear-67-0069-termostaatti"},"modified":"2021-02-21T16:32:44","modified_gmt":"2021-02-21T16:32:44","slug":"maxgear-67-0069-termostaatti","status":"publish","type":"product","link":"https:\/\/www.autonvaraosahaku.fi\/?product=maxgear-67-0069-termostaatti","title":{"rendered":"MAXGEAR 67-0069 Termostaatti"},"content":{"rendered":"<p>Avausl\u00e4mp\u00f6tila [\u00b0C]: 78; Lis\u00e4tarvike\/lis\u00e4tieto: Tiivisteill\u00e4; L\u00e4pimitta 1 [mm]: 52; L\u00e4pimitta 2 [mm]: 28; Korkeus 1 (mm): 33,5; Moottorinumero: F18A; HONDA: CIVIC VIII Hatchback FN, FK,CR-V III RE,CIVIC VII Hatchback EU, EP, EV,JAZZ III GE,CIVIC VI Hatchback EJ, EK,FR-V BE,ACCORD VI CG, CK,CIVIC VI Fastback MA, MB,CRX III EH, EG,LOGO GA3,CIVIC VI Aerodeck MB, MC,STREAM RN,CR-V I RD,HR-V GH,CRX II ED, EE,CIVIC V Hatchback EG,PRELUDE V BB,CIVIC VII Coupe EM2,ACCORD VI Hatchback CH,CIVIC VIII Stufenheck FD, FA,ACCORD VI Coupe CG,INSIGHT ZE_,ACCORD V CE, CF,CIVIC VI Stufenheck EJ, EK,CR-Z ZF1,PRELUDE IV BB,CIVIC VI Coupe EJ, EM1,SHUTTLE RA,INTEGRA Coupe DC2, DC4,CIVIC V Coupe EJ,CIVIC VII Stufenheck ES,ACCORD IV CB,CIVIC V Stufenheck EG, EH,ACCORD V Aerodeck CE,ACCORD V CC, CD,ACCORD V Coupe CD,CONCERTO HW,CRX I AF, AS,ACCORD IV Aerodeck CB,CONCERTO Stufenheck HWW,ACCORD IV Coupe CB, CC,INTEGRA DC5,CIVIC II Shuttle EE,CITY Stufenheck GM,STEPWGN RG; 19300PDAE01, 19300PH7004, 19300PH7014, 19300PH7024, 19300PJ7003, 19300PJ7004, 19300PL2004, 19300PM3003, 19300PM3004, 19300PR3003, 19300PR3004, 19300PT0003, 19301P07306, 19301P07316, 19301P08000, 19301P08305, 19301P08306, 19301P08315, 19301P08316, 19301P10307, 19301P13000, 19301P8AA00, 19301P8AA10, 19301P8AA11, 19301P8E305, 19301P8EA10, 19301P8FA10, 19301P8FA11, 19301PAA305, 19301PAA306, 19301PDAE01, 19301PDF305, 19301PLC305, 19301PLC315, 19301PLCA00, 19301PLCA05, 19301REA305, 19301RMX307, 19301RP3305, GTS319; Termostaatti, J\u00e4\u00e4hdytysneste<\/p>\n","protected":false},"excerpt":{"rendered":"<p>MAXGEAR Termostaatti 67-0069 Termostaatti, J\u00e4\u00e4hdytysneste HONDA,CIVIC VIII Hatchback FN, FK,CR-V III RE,CIVIC VII Hatchback EU, EP, EV,JAZZ III GE<\/p>\n","protected":false},"featured_media":0,"template":"","meta":{"site-sidebar-layout":"default","site-content-layout":"default","ast-global-header-display":"","ast-main-header-display":"","ast-hfb-above-header-display":"","ast-hfb-below-header-display":"","ast-hfb-mobile-header-display":"","site-post-title":"","ast-breadcrumbs-content":"","ast-featured-img":"","footer-sml-layout":"","theme-transparent-header-meta":"","adv-header-id-meta":"","stick-header-meta":"","header-above-stick-meta":"","header-main-stick-meta":"","header-below-stick-meta":""},"pwb-brand":[48],"product_cat":[174],"product_tag":[],"class_list":{"0":"post-37190","1":"product","2":"type-product","3":"status-publish","5":"pwb-brand-maxgear","6":"product_cat-termostaatti","7":"desktop-align-left","8":"tablet-align-left","9":"mobile-align-left","11":"first","12":"instock","13":"product-type-external"},"brands":[{"id":48,"name":"MAXGEAR","slug":"maxgear"}],"_links":{"self":[{"href":"https:\/\/www.autonvaraosahaku.fi\/index.php?rest_route=\/wp\/v2\/product\/37190","targetHints":{"allow":["GET"]}}],"collection":[{"href":"https:\/\/www.autonvaraosahaku.fi\/index.php?rest_route=\/wp\/v2\/product"}],"about":[{"href":"https:\/\/www.autonvaraosahaku.fi\/index.php?rest_route=\/wp\/v2\/types\/product"}],"wp:attachment":[{"href":"https:\/\/www.autonvaraosahaku.fi\/index.php?rest_route=%2Fwp%2Fv2%2Fmedia&parent=37190"}],"wp:term":[{"taxonomy":"pwb-brand","embeddable":true,"href":"https:\/\/www.autonvaraosahaku.fi\/index.php?rest_route=%2Fwp%2Fv2%2Fpwb-brand&post=37190"},{"taxonomy":"product_cat","embeddable":true,"href":"https:\/\/www.autonvaraosahaku.fi\/index.php?rest_route=%2Fwp%2Fv2%2Fproduct_cat&post=37190"},{"taxonomy":"product_tag","embeddable":true,"href":"https:\/\/www.autonvaraosahaku.fi\/index.php?rest_route=%2Fwp%2Fv2%2Fproduct_tag&post=37190"}],"curies":[{"name":"wp","href":"https:\/\/api.w.org\/{rel}","templated":true}]}}