{"id":37197,"date":"2021-02-21T16:32:41","date_gmt":"2021-02-21T16:32:41","guid":{"rendered":"https:\/\/www.autonvaraosahaku.fi\/?product=maxgear-72-2650-iskunvaimentimen-tukilaakeri"},"modified":"2021-02-21T16:32:45","modified_gmt":"2021-02-21T16:32:45","slug":"maxgear-72-2650-iskunvaimentimen-tukilaakeri","status":"publish","type":"product","link":"https:\/\/www.autonvaraosahaku.fi\/?product=maxgear-72-2650-iskunvaimentimen-tukilaakeri","title":{"rendered":"MAXGEAR 72-2650 Iskunvaimentimen tukilaakeri"},"content":{"rendered":"<p>Paksuus [mm]: 54; Sis\u00e4l\u00e4pimitta [mm]: 12,3; Ulkol\u00e4pimitta [mm]: 121; Korvaava tuote\/korvaava tiedote 2: Ilman kuulalaakeria; Asennuspuoli: etuakseli molemminpuoleinen; Tarvittava kappalem\u00e4\u00e4r\u00e4: 2; Paino [kg]: 0,35; Vuosimallista: 2010; LANCIA: DELTA III 844; FIAT: STILO 192,BRAVO II 198,STILO Multi Wagon 192; 50700871, 50700886, 50702841, 50700871, 50700886, 50702841<\/p>\n","protected":false},"excerpt":{"rendered":"<p>MAXGEAR Rullalaakeri, Jousijalkalaakeri 72-2650  LANCIA,FIAT,DELTA III 844,STILO 192,BRAVO II 198,STILO Multi Wagon 192<\/p>\n","protected":false},"featured_media":0,"template":"","meta":{"site-sidebar-layout":"default","site-content-layout":"default","ast-global-header-display":"","ast-main-header-display":"","ast-hfb-above-header-display":"","ast-hfb-below-header-display":"","ast-hfb-mobile-header-display":"","site-post-title":"","ast-breadcrumbs-content":"","ast-featured-img":"","footer-sml-layout":"","theme-transparent-header-meta":"","adv-header-id-meta":"","stick-header-meta":"","header-above-stick-meta":"","header-main-stick-meta":"","header-below-stick-meta":""},"pwb-brand":[48],"product_cat":[106],"product_tag":[],"class_list":{"0":"post-37197","1":"product","2":"type-product","3":"status-publish","5":"pwb-brand-maxgear","6":"product_cat-iskunvaimentimen-tukilaakeri","7":"desktop-align-left","8":"tablet-align-left","9":"mobile-align-left","11":"first","12":"instock","13":"product-type-external"},"brands":[{"id":48,"name":"MAXGEAR","slug":"maxgear"}],"_links":{"self":[{"href":"https:\/\/www.autonvaraosahaku.fi\/index.php?rest_route=\/wp\/v2\/product\/37197","targetHints":{"allow":["GET"]}}],"collection":[{"href":"https:\/\/www.autonvaraosahaku.fi\/index.php?rest_route=\/wp\/v2\/product"}],"about":[{"href":"https:\/\/www.autonvaraosahaku.fi\/index.php?rest_route=\/wp\/v2\/types\/product"}],"wp:attachment":[{"href":"https:\/\/www.autonvaraosahaku.fi\/index.php?rest_route=%2Fwp%2Fv2%2Fmedia&parent=37197"}],"wp:term":[{"taxonomy":"pwb-brand","embeddable":true,"href":"https:\/\/www.autonvaraosahaku.fi\/index.php?rest_route=%2Fwp%2Fv2%2Fpwb-brand&post=37197"},{"taxonomy":"product_cat","embeddable":true,"href":"https:\/\/www.autonvaraosahaku.fi\/index.php?rest_route=%2Fwp%2Fv2%2Fproduct_cat&post=37197"},{"taxonomy":"product_tag","embeddable":true,"href":"https:\/\/www.autonvaraosahaku.fi\/index.php?rest_route=%2Fwp%2Fv2%2Fproduct_tag&post=37197"}],"curies":[{"name":"wp","href":"https:\/\/api.w.org\/{rel}","templated":true}]}}