{"id":37212,"date":"2021-02-21T16:32:46","date_gmt":"2021-02-21T16:32:46","guid":{"rendered":"https:\/\/www.autonvaraosahaku.fi\/?product=maxgear-27-1291-peruutustutka-anturit"},"modified":"2021-02-21T16:32:49","modified_gmt":"2021-02-21T16:32:49","slug":"maxgear-27-1291-peruutustutka-anturit","status":"publish","type":"product","link":"https:\/\/www.autonvaraosahaku.fi\/?product=maxgear-27-1291-peruutustutka-anturit","title":{"rendered":"MAXGEAR 27-1291 Peruutustutka anturit"},"content":{"rendered":"<p>Tunnistinmalli: Ultra\u00e4\u00e4nitunnistin; L\u00e4pimitta [mm]: 16,08; Asennuspuoli: Edess\u00e4, Takana; Kemialliset ominaisuudet: maalattavissa; Pituus (mm): 40,85; Leveys (mm): 22; Korkeus (mm): 29,2; Liittimi\u00e4: 3; Valmistusvuosi alkaen: 09\/2014; VW: TOURAN 1T1, 1T2,GOLF VI 5K1,GOLF PLUS 5M1, 521,TIGUAN 5N_,PASSAT Variant 365,CADDY III Kombi 2KB, 2KJ, 2CB, 2CJ,GOLF VI Variant AJ5,CADDY III Kasten 2KA, 2KH, 2CA, 2CH,EOS 1F7, 1F8,PASSAT CC 357,PASSAT 362,CC 358,GOLF VI Cabriolet 517,PASSAT ALLTRACK 365; AUDI: A3 8P1,A3 Sportback 8PA,A6 Avant 4G5, C7, 4GD,Q3 8U,A6 4G2, C7, 4GC,A7 Sportback 4GA, 4GF,A8 4H_,A3 Cabriolet 8P7,A6 Allroad 4GH, 4GJ; SKODA: SUPERB Kombi 3T5,SUPERB 3T4; SEAT: ALHAMBRA 710, 711; NISSAN: QASHQAI J11, J11_,X-TRAIL T32; KIA: SORENTO II XM,OPTIMA; LAND ROVER: RANGE ROVER EVOQUE LV,RANGE ROVER SPORT LW,RANGE ROVER IV LG; HYUNDAI: ix35 LM, EL, ELH,SANTA F\u00c9 III DM,GRAND SANTA F\u00c9,TUCSON; VOLVO: V60,V40 Schr\u00e4gheck,S60 II; FORD: C-MAX II,KUGA II DM2,GRAND C-MAX; 1T0919297A, LR024299, LR041094, 1T0919297A, 1T0919297A, 8934102010, 31327711, 1T0919297, 1T0919297A; Tunnistin, Et\u00e4isyystunnistin<\/p>\n","protected":false},"excerpt":{"rendered":"<p>MAXGEAR Peruutustutka Anturit 27-1291 Tunnistin, Et\u00e4isyystunnistin VW,AUDI,SKODA,TOURAN 1T1, 1T2,GOLF VI 5K1,GOLF PLUS 5M1, 521,TIGUAN 5N_<\/p>\n","protected":false},"featured_media":0,"template":"","meta":{"site-sidebar-layout":"default","site-content-layout":"default","ast-global-header-display":"","ast-main-header-display":"","ast-hfb-above-header-display":"","ast-hfb-below-header-display":"","ast-hfb-mobile-header-display":"","site-post-title":"","ast-breadcrumbs-content":"","ast-featured-img":"","footer-sml-layout":"","theme-transparent-header-meta":"","adv-header-id-meta":"","stick-header-meta":"","header-above-stick-meta":"","header-main-stick-meta":"","header-below-stick-meta":""},"pwb-brand":[48],"product_cat":[217],"product_tag":[],"class_list":{"0":"post-37212","1":"product","2":"type-product","3":"status-publish","5":"pwb-brand-maxgear","6":"product_cat-peruutustutka-anturit","7":"desktop-align-left","8":"tablet-align-left","9":"mobile-align-left","11":"first","12":"instock","13":"product-type-external"},"brands":[{"id":48,"name":"MAXGEAR","slug":"maxgear"}],"_links":{"self":[{"href":"https:\/\/www.autonvaraosahaku.fi\/index.php?rest_route=\/wp\/v2\/product\/37212","targetHints":{"allow":["GET"]}}],"collection":[{"href":"https:\/\/www.autonvaraosahaku.fi\/index.php?rest_route=\/wp\/v2\/product"}],"about":[{"href":"https:\/\/www.autonvaraosahaku.fi\/index.php?rest_route=\/wp\/v2\/types\/product"}],"wp:attachment":[{"href":"https:\/\/www.autonvaraosahaku.fi\/index.php?rest_route=%2Fwp%2Fv2%2Fmedia&parent=37212"}],"wp:term":[{"taxonomy":"pwb-brand","embeddable":true,"href":"https:\/\/www.autonvaraosahaku.fi\/index.php?rest_route=%2Fwp%2Fv2%2Fpwb-brand&post=37212"},{"taxonomy":"product_cat","embeddable":true,"href":"https:\/\/www.autonvaraosahaku.fi\/index.php?rest_route=%2Fwp%2Fv2%2Fproduct_cat&post=37212"},{"taxonomy":"product_tag","embeddable":true,"href":"https:\/\/www.autonvaraosahaku.fi\/index.php?rest_route=%2Fwp%2Fv2%2Fproduct_tag&post=37212"}],"curies":[{"name":"wp","href":"https:\/\/api.w.org\/{rel}","templated":true}]}}