{"id":37215,"date":"2021-02-21T16:32:46","date_gmt":"2021-02-21T16:32:46","guid":{"rendered":"https:\/\/www.autonvaraosahaku.fi\/?product=maxgear-27-0501-jarrusatula-korjaussarja"},"modified":"2021-02-21T16:32:49","modified_gmt":"2021-02-21T16:32:49","slug":"maxgear-27-0501-jarrusatula-korjaussarja","status":"publish","type":"product","link":"https:\/\/www.autonvaraosahaku.fi\/?product=maxgear-27-0501-jarrusatula-korjaussarja","title":{"rendered":"MAXGEAR 27-0501 Jarrusatula korjaussarja"},"content":{"rendered":"<p>Asennuspuoli: Taka-akseli; L\u00e4pimitta [mm]: 41; T\u00e4yssarja: ; Jarruj\u00e4rjestelm\u00e4: LUCAS; VW: GOLF IV 1J1,GOLF V 1K1,TOURAN 1T1, 1T2,GOLF VI 5K1,GOLF PLUS 5M1, 521,GOLF IV Variant 1J5,CADDY III Kombi 2KB, 2KJ, 2CB, 2CJ,TOURAN 1T3,GOLF VI Variant AJ5,GOLF V Variant 1K5,CADDY III Kasten 2KA, 2KH, 2CA, 2CH,BORA 1J2,EOS 1F7, 1F8,SCIROCCO 137, 138,BORA Kombi 1J6,JETTA III 1K2,GOLF VI Cabriolet 517; AUDI: A4 Avant 8K5, B8,A3 8P1,A3 8L1,A3 Sportback 8PA,A4 Avant 8ED, B7,A4 Cabriolet 8H7, B6, 8HE, B7,A4 8EC, B7,TT 8N3,TT 8J3,TT Roadster 8N9,TT Roadster 8J9; SKODA: OCTAVIA Combi 1Z5,OCTAVIA Combi 1U5,YETI 5L,SUPERB Kombi 3T5,OCTAVIA 1Z3,OCTAVIA 1U2,SUPERB 3T4; SEAT: LEON 1M1,ALTEA 5P1,ALTEA XL 5P5, 5P8,EXEO ST 3R5,TOLEDO II 1M2,EXEO 3R2,TOLEDO I 1L,TOLEDO III 5P2; SAAB: 9-5 YS3G; OPEL: ZAFIRA B A05,INSIGNIA Caravan,INSIGNIA,INSIGNIA Stufenheck; FIAT: CROMA 194; ALFA ROMEO: 159 Sportwagon 939,159 939,BRERA,SPIDER 939; VAUXHALL: INSIGNIA Mk I A,INSIGNIA Mk I A Estate,INSIGNIA Mk I A Sedan; 77363651, 77363652, 735364069, 735364071, 735414678, 735414699, 735483694, 735483698, 77363636, 77363644, 542121, 542123, 542131, 542135, 542150, 542152, 542154, 542170, 542173, 542187, 1J0615423A, 1J0615423A; Korjaussarja, Jarrusatula<\/p>\n","protected":false},"excerpt":{"rendered":"<p>MAXGEAR Jarrusatula Korjaussarja 27-0501 Korjaussarja, Jarrusatula VW,AUDI,SKODA,GOLF IV 1J1,GOLF V 1K1,TOURAN 1T1, 1T2,GOLF VI 5K1,GOLF PLUS 5M1, 521<\/p>\n","protected":false},"featured_media":0,"template":"","meta":{"site-sidebar-layout":"default","site-content-layout":"default","ast-global-header-display":"","ast-main-header-display":"","ast-hfb-above-header-display":"","ast-hfb-below-header-display":"","ast-hfb-mobile-header-display":"","site-post-title":"","ast-breadcrumbs-content":"","ast-featured-img":"","footer-sml-layout":"","theme-transparent-header-meta":"","adv-header-id-meta":"","stick-header-meta":"","header-above-stick-meta":"","header-main-stick-meta":"","header-below-stick-meta":""},"pwb-brand":[48],"product_cat":[57],"product_tag":[],"class_list":{"0":"post-37215","1":"product","2":"type-product","3":"status-publish","5":"pwb-brand-maxgear","6":"product_cat-jarrusatula-korjaussarja","7":"desktop-align-left","8":"tablet-align-left","9":"mobile-align-left","11":"first","12":"instock","13":"product-type-external"},"brands":[{"id":48,"name":"MAXGEAR","slug":"maxgear"}],"_links":{"self":[{"href":"https:\/\/www.autonvaraosahaku.fi\/index.php?rest_route=\/wp\/v2\/product\/37215","targetHints":{"allow":["GET"]}}],"collection":[{"href":"https:\/\/www.autonvaraosahaku.fi\/index.php?rest_route=\/wp\/v2\/product"}],"about":[{"href":"https:\/\/www.autonvaraosahaku.fi\/index.php?rest_route=\/wp\/v2\/types\/product"}],"wp:attachment":[{"href":"https:\/\/www.autonvaraosahaku.fi\/index.php?rest_route=%2Fwp%2Fv2%2Fmedia&parent=37215"}],"wp:term":[{"taxonomy":"pwb-brand","embeddable":true,"href":"https:\/\/www.autonvaraosahaku.fi\/index.php?rest_route=%2Fwp%2Fv2%2Fpwb-brand&post=37215"},{"taxonomy":"product_cat","embeddable":true,"href":"https:\/\/www.autonvaraosahaku.fi\/index.php?rest_route=%2Fwp%2Fv2%2Fproduct_cat&post=37215"},{"taxonomy":"product_tag","embeddable":true,"href":"https:\/\/www.autonvaraosahaku.fi\/index.php?rest_route=%2Fwp%2Fv2%2Fproduct_tag&post=37215"}],"curies":[{"name":"wp","href":"https:\/\/api.w.org\/{rel}","templated":true}]}}