{"id":37216,"date":"2021-02-21T16:32:46","date_gmt":"2021-02-21T16:32:46","guid":{"rendered":"https:\/\/www.autonvaraosahaku.fi\/?product=vemo-v22-92-0003-abs-keha"},"modified":"2021-02-21T16:32:50","modified_gmt":"2021-02-21T16:32:50","slug":"vemo-v22-92-0003-abs-keha","status":"publish","type":"product","link":"https:\/\/www.autonvaraosahaku.fi\/?product=vemo-v22-92-0003-abs-keha","title":{"rendered":"VEMO V22-92-0003 ABS keh\u00e4"},"content":{"rendered":"<p>Leveys (mm): 6,8; Ulkol\u00e4pimitta [mm]: 71,5; Asennuspuoli: Taka-akseli, molemminpuolinen; Hammasluku, ABS-keh\u00e4: 96; Sis\u00e4l\u00e4pimitta [mm]: 58,7; lis\u00e4tieto: Original VEMO Quality; Rakennemalli: Modus; CITRO\u00cbN: BERLINGO MF,BERLINGO B9,C5 III Break TD_,C4 Picasso I UD_,C4 Grand Picasso I UA_,C4 I LC_,BERLINGO Kasten M_,C5 II Break RE_,C5 I DC_,C5 I Break DE_,C5 III RD_,C4 Coupe LA_,C4 II B7,C5 II RC_,BERLINGO Kasten B9,C6 TD_,C4 Stufenheck L,BERLINGO Pritsche\/Fahrgestell B9; PEUGEOT: 207 WA_, WC_,307 SW 3H,207 CC WD_,307 CC 3B,407 SW 6E_,307 3A\/C,207 SW WK_,308 SW,308 4A_, 4C_,307 Break 3E,407 6D_,3008,PARTNER Tepee,308 CC,PARTNER Combispace 5F,PARTNER Kasten 5,407 Coupe 6C_,PARTNER Kasten,207 Stufenheck,207 Van,PARTNER Pritsche\/Fahrgestell,3008 SUV; RENAULT: CLIO III BR0\/1, CR0\/1,SC\u00c9NIC II JM0\/1_,TWINGO II CN0_,MODUS \/ GRAND MODUS F\/JP0_,MEGANE II Kombi KM0\/1_,MEGANE II Coup\u00e9-Cabriolet EM0\/1_,MEGANE II BM0\/1_, CM0\/1_,CLIO Grandtour KR0\/1_,MEGANE II Stufenheck LM0\/1_,CLIO III Kasten SB_, SR_,MEGANE II Kasten\/Kombi KM_,MEGANE II Hatchback Van KM0\/2_; 374888part; ABS Hammaskeh\u00e4,ABS Rengas,Anturirengas, ABS<\/p>\n","protected":false},"excerpt":{"rendered":"<p>VEMO ABS Keh\u00e4 V22-92-0003 ABS Hammaskeh\u00e4,ABS Rengas CITRO\u00cbN,PEUGEOT,RENAULT,BERLINGO MF,BERLINGO B9,C5 III Break TD_,C4 Picasso I UD_<\/p>\n","protected":false},"featured_media":0,"template":"","meta":{"site-sidebar-layout":"default","site-content-layout":"default","ast-global-header-display":"","ast-main-header-display":"","ast-hfb-above-header-display":"","ast-hfb-below-header-display":"","ast-hfb-mobile-header-display":"","site-post-title":"","ast-breadcrumbs-content":"","ast-featured-img":"","footer-sml-layout":"","theme-transparent-header-meta":"","adv-header-id-meta":"","stick-header-meta":"","header-above-stick-meta":"","header-main-stick-meta":"","header-below-stick-meta":""},"pwb-brand":[168],"product_cat":[273],"product_tag":[],"class_list":{"0":"post-37216","1":"product","2":"type-product","3":"status-publish","5":"pwb-brand-vemo","6":"product_cat-abs-keha","7":"desktop-align-left","8":"tablet-align-left","9":"mobile-align-left","11":"first","12":"instock","13":"product-type-external"},"brands":[{"id":168,"name":"VEMO","slug":"vemo"}],"_links":{"self":[{"href":"https:\/\/www.autonvaraosahaku.fi\/index.php?rest_route=\/wp\/v2\/product\/37216","targetHints":{"allow":["GET"]}}],"collection":[{"href":"https:\/\/www.autonvaraosahaku.fi\/index.php?rest_route=\/wp\/v2\/product"}],"about":[{"href":"https:\/\/www.autonvaraosahaku.fi\/index.php?rest_route=\/wp\/v2\/types\/product"}],"wp:attachment":[{"href":"https:\/\/www.autonvaraosahaku.fi\/index.php?rest_route=%2Fwp%2Fv2%2Fmedia&parent=37216"}],"wp:term":[{"taxonomy":"pwb-brand","embeddable":true,"href":"https:\/\/www.autonvaraosahaku.fi\/index.php?rest_route=%2Fwp%2Fv2%2Fpwb-brand&post=37216"},{"taxonomy":"product_cat","embeddable":true,"href":"https:\/\/www.autonvaraosahaku.fi\/index.php?rest_route=%2Fwp%2Fv2%2Fproduct_cat&post=37216"},{"taxonomy":"product_tag","embeddable":true,"href":"https:\/\/www.autonvaraosahaku.fi\/index.php?rest_route=%2Fwp%2Fv2%2Fproduct_tag&post=37216"}],"curies":[{"name":"wp","href":"https:\/\/api.w.org\/{rel}","templated":true}]}}