{"id":37219,"date":"2021-02-21T16:32:51","date_gmt":"2021-02-21T16:32:51","guid":{"rendered":"https:\/\/www.autonvaraosahaku.fi\/?product=maxgear-27-0446-jarrusatula-korjaussarja"},"modified":"2021-02-21T16:32:52","modified_gmt":"2021-02-21T16:32:52","slug":"maxgear-27-0446-jarrusatula-korjaussarja","status":"publish","type":"product","link":"https:\/\/www.autonvaraosahaku.fi\/?product=maxgear-27-0446-jarrusatula-korjaussarja","title":{"rendered":"MAXGEAR 27-0446 Jarrusatula korjaussarja"},"content":{"rendered":"<p>Asennuspuoli: Etuakseli; L\u00e4pimitta [mm]: 54; Jarruj\u00e4rjestelm\u00e4: ATE; tuotenumerolle: 212526; VW: GOLF III 1H1,GOLF II 19E, 1G1,PASSAT Variant 3A5, 35I,GOLF III Cabriolet 1E7,GOLF Mk III Cabriolet 1E7,GOLF III Variant 1H5,PASSAT 3A2, 35I,CORRADO 53I,VENTO 1H2,POLO Kasten 86CF; SEAT: IBIZA II 6K1,CORDOBA 6K1, 6K2,CORDOBA Vario 6K1,TOLEDO I 1L; KIA: SHUMA FB,SEPHIA Stufenheck FA,SEPHIA FA,SEPHIA FB; FORD: FIESTA IV JA_, JB_,FIESTA III GFJ,PUMA EC_,ESCORT IV Cabriolet ALF,SIERRA GBG, GB4,SIERRA Schr\u00e4gheck GBC, GBG,ESCORT IV GAF, AWF, ABFT,FIESTA II FBD,SIERRA Schr\u00e4gheck GBC,ESCORT III GAA,FIESTA Kasten J5_, J3_,FIESTA Kasten JV_,SIERRA Kombi BNG,ESCORT III Cabriolet ALD,FIESTA Kasten F3L, F5L,SIERRA Kombi BNC,FIESTA Kasten FVD,ORION II AFF,ESCORT IV Kombi AWF, AVF,ESCORT &#8217;86 Express AVF,ESCORT III Kombi AWA,ORION I AFD,P 100 II,ESCORT &#8217;81 Express AVA; FIAT: DOBLO Cargo 223,DOBLO 119,STRADA Pick-up 178E,PALIO Weekend 178DX,PALIO 178BX,SIENA 178_; 34111153202, 6087576, 6087582, 6117996, 81AB2B107AA, 81AB2L484AA, 0K20A3324Z, 1E033326Z, 0043203600, 1605749, 90297777, 92835194300, 4467056, A30698471, 432036, 3344686; Korjaussarja, Jarrusatula<\/p>\n","protected":false},"excerpt":{"rendered":"<p>MAXGEAR Jarrusatula Korjaussarja 27-0446 Korjaussarja, Jarrusatula VW,SEAT,KIA,GOLF III 1H1,GOLF II 19E, 1G1,PASSAT Variant 3A5, 35I<\/p>\n","protected":false},"featured_media":0,"template":"","meta":{"site-sidebar-layout":"default","site-content-layout":"default","ast-global-header-display":"","ast-main-header-display":"","ast-hfb-above-header-display":"","ast-hfb-below-header-display":"","ast-hfb-mobile-header-display":"","site-post-title":"","ast-breadcrumbs-content":"","ast-featured-img":"","footer-sml-layout":"","theme-transparent-header-meta":"","adv-header-id-meta":"","stick-header-meta":"","header-above-stick-meta":"","header-main-stick-meta":"","header-below-stick-meta":""},"pwb-brand":[48],"product_cat":[57],"product_tag":[],"class_list":{"0":"post-37219","1":"product","2":"type-product","3":"status-publish","5":"pwb-brand-maxgear","6":"product_cat-jarrusatula-korjaussarja","7":"desktop-align-left","8":"tablet-align-left","9":"mobile-align-left","11":"first","12":"instock","13":"product-type-external"},"brands":[{"id":48,"name":"MAXGEAR","slug":"maxgear"}],"_links":{"self":[{"href":"https:\/\/www.autonvaraosahaku.fi\/index.php?rest_route=\/wp\/v2\/product\/37219","targetHints":{"allow":["GET"]}}],"collection":[{"href":"https:\/\/www.autonvaraosahaku.fi\/index.php?rest_route=\/wp\/v2\/product"}],"about":[{"href":"https:\/\/www.autonvaraosahaku.fi\/index.php?rest_route=\/wp\/v2\/types\/product"}],"wp:attachment":[{"href":"https:\/\/www.autonvaraosahaku.fi\/index.php?rest_route=%2Fwp%2Fv2%2Fmedia&parent=37219"}],"wp:term":[{"taxonomy":"pwb-brand","embeddable":true,"href":"https:\/\/www.autonvaraosahaku.fi\/index.php?rest_route=%2Fwp%2Fv2%2Fpwb-brand&post=37219"},{"taxonomy":"product_cat","embeddable":true,"href":"https:\/\/www.autonvaraosahaku.fi\/index.php?rest_route=%2Fwp%2Fv2%2Fproduct_cat&post=37219"},{"taxonomy":"product_tag","embeddable":true,"href":"https:\/\/www.autonvaraosahaku.fi\/index.php?rest_route=%2Fwp%2Fv2%2Fproduct_tag&post=37219"}],"curies":[{"name":"wp","href":"https:\/\/api.w.org\/{rel}","templated":true}]}}