{"id":37224,"date":"2021-02-21T16:32:51","date_gmt":"2021-02-21T16:32:51","guid":{"rendered":"https:\/\/www.autonvaraosahaku.fi\/?product=maxgear-72-0698-tukivarren-hela"},"modified":"2021-02-21T16:32:52","modified_gmt":"2021-02-21T16:32:52","slug":"maxgear-72-0698-tukivarren-hela","status":"publish","type":"product","link":"https:\/\/www.autonvaraosahaku.fi\/?product=maxgear-72-0698-tukivarren-hela","title":{"rendered":"MAXGEAR 72-0698 Tukivarren hela"},"content":{"rendered":"<p>Ulkol\u00e4pimitta [mm]: 65; Sis\u00e4l\u00e4pimitta [mm]: 19; Korkeus (mm): 50; Asennuspuoli: Etuakseli, oikea, Etuakseli, vasen, Vorderachse; Vahvistettu malli: ; VW: POLO 9N_,FOX 5Z1, 5Z3,POLO Stufenheck 9A4; SKODA: FABIA Combi 6Y5,FABIA,FABIA 6Y2,ROOMSTER 5J,FABIA Stufenheck 6Y3; SEAT: IBIZA IV 6L1,CORDOBA 6L2; 6Q0407183, 6Q0407183A, 6Q0407183, 6Q0407183A, 6Q0407183, 6Q0407183A<\/p>\n","protected":false},"excerpt":{"rendered":"<p>MAXGEAR Tukivarren Hela 72-0698  VW,SKODA,SEAT,POLO 9N_,FOX 5Z1, 5Z3,POLO Stufenheck 9A4,FABIA Combi 6Y5,FABIA,FABIA 6Y2,ROOMSTER 5J<\/p>\n","protected":false},"featured_media":0,"template":"","meta":{"site-sidebar-layout":"default","site-content-layout":"default","ast-global-header-display":"","ast-main-header-display":"","ast-hfb-above-header-display":"","ast-hfb-below-header-display":"","ast-hfb-mobile-header-display":"","site-post-title":"","ast-breadcrumbs-content":"","ast-featured-img":"","footer-sml-layout":"","theme-transparent-header-meta":"","adv-header-id-meta":"","stick-header-meta":"","header-above-stick-meta":"","header-main-stick-meta":"","header-below-stick-meta":""},"pwb-brand":[48],"product_cat":[115],"product_tag":[],"class_list":{"0":"post-37224","1":"product","2":"type-product","3":"status-publish","5":"pwb-brand-maxgear","6":"product_cat-tukivarren-hela","7":"desktop-align-left","8":"tablet-align-left","9":"mobile-align-left","11":"first","12":"instock","13":"product-type-external"},"brands":[{"id":48,"name":"MAXGEAR","slug":"maxgear"}],"_links":{"self":[{"href":"https:\/\/www.autonvaraosahaku.fi\/index.php?rest_route=\/wp\/v2\/product\/37224","targetHints":{"allow":["GET"]}}],"collection":[{"href":"https:\/\/www.autonvaraosahaku.fi\/index.php?rest_route=\/wp\/v2\/product"}],"about":[{"href":"https:\/\/www.autonvaraosahaku.fi\/index.php?rest_route=\/wp\/v2\/types\/product"}],"wp:attachment":[{"href":"https:\/\/www.autonvaraosahaku.fi\/index.php?rest_route=%2Fwp%2Fv2%2Fmedia&parent=37224"}],"wp:term":[{"taxonomy":"pwb-brand","embeddable":true,"href":"https:\/\/www.autonvaraosahaku.fi\/index.php?rest_route=%2Fwp%2Fv2%2Fpwb-brand&post=37224"},{"taxonomy":"product_cat","embeddable":true,"href":"https:\/\/www.autonvaraosahaku.fi\/index.php?rest_route=%2Fwp%2Fv2%2Fproduct_cat&post=37224"},{"taxonomy":"product_tag","embeddable":true,"href":"https:\/\/www.autonvaraosahaku.fi\/index.php?rest_route=%2Fwp%2Fv2%2Fproduct_tag&post=37224"}],"curies":[{"name":"wp","href":"https:\/\/api.w.org\/{rel}","templated":true}]}}